
{"id":887,"date":"2017-03-06T12:55:10","date_gmt":"2017-03-06T17:55:10","guid":{"rendered":"http:\/\/tumi.lamolina.edu.pe\/bvbe\/?page_id=887"},"modified":"2017-08-03T09:09:54","modified_gmt":"2017-08-03T14:09:54","slug":"journals-fisheries-engineering","status":"publish","type":"page","link":"https:\/\/tumi.lamolina.edu.pe\/bvbe\/index.php\/journals-fisheries-engineering\/","title":{"rendered":"Journals Fisheries Engineering"},"content":{"rendered":"<p style=\"text-align: center;\"><strong>JOURNALS FOR FISHERIES ENGINEERING, MASTER OF AQUACULTURE, DOCTORAL IN FISHERY RESOURCES AND AQUACULTURE<\/strong><\/p>\n<p>&nbsp;<\/p>\n<p><strong>Base Wiley Online Library<\/strong><\/p>\n<p><span style=\"color: #3366ff;\"><a style=\"color: #3366ff;\" href=\"http:\/\/onlinelibrary.wiley.com\/journal\/10.1111\/(ISSN)1365-2052\">Animal Genetics<\/a><\/span><br \/>\n<span style=\"color: #3366ff;\"> <a style=\"color: #3366ff;\" href=\"http:\/\/onlinelibrary.wiley.com\/journal\/10.1111\/(ISSN)1365-2095\">Aquaculture Nutrition<\/a><\/span><br \/>\n<span style=\"color: #3366ff;\"> <a style=\"color: #3366ff;\" href=\"http:\/\/onlinelibrary.wiley.com\/journal\/10.1111\/(ISSN)1365-2109\">Aquaculture Research<\/a><\/span><br \/>\n<span style=\"color: #3366ff;\"> <a style=\"color: #3366ff;\" href=\"http:\/\/onlinelibrary.wiley.com\/journal\/10.1002\/(ISSN)1099-0755\">Aquatic Conservation: Marine and Freshwater Ecosystems<\/a><\/span><br \/>\n<span style=\"color: #3366ff;\"> <a style=\"color: #3366ff;\" href=\"http:\/\/onlinelibrary.wiley.com\/journal\/10.1111\/(ISSN)1439-0310\">Ethology<\/a><\/span><br \/>\n<span style=\"color: #3366ff;\"> <a style=\"color: #3366ff;\" href=\"http:\/\/onlinelibrary.wiley.com\/journal\/10.1111\/(ISSN)1752-4571\">Evolutionary Applications<\/a><\/span><br \/>\n<span style=\"color: #3366ff;\"> <a style=\"color: #3366ff;\" href=\"http:\/\/onlinelibrary.wiley.com\/journal\/10.1111\/(ISSN)1467-2979\">Fish and Fisheries<\/a><\/span><br \/>\n<span style=\"color: #3366ff;\"> <a style=\"color: #3366ff;\" href=\"http:\/\/onlinelibrary.wiley.com\/journal\/10.1111\/(ISSN)1365-2400\">Fisheries Management and Ecology<\/a><\/span><br \/>\n<span style=\"color: #3366ff;\"> <a style=\"color: #3366ff;\" href=\"http:\/\/onlinelibrary.wiley.com\/journal\/10.1111\/(ISSN)1365-2419\">Fisheries Oceanography<\/a><\/span><br \/>\n<span style=\"color: #3366ff;\"> <a style=\"color: #3366ff;\" href=\"http:\/\/onlinelibrary.wiley.com\/journal\/10.1111\/(ISSN)1365-2435\">Functional Ecology<\/a><\/span><br \/>\n<span style=\"color: #3366ff;\"> <a style=\"color: #3366ff;\" href=\"http:\/\/onlinelibrary.wiley.com\/journal\/10.1111\/(ISSN)1744-7410\">Invertebrate Biology<\/a><\/span><br \/>\n<span style=\"color: #3366ff;\"> <a style=\"color: #3366ff;\" href=\"http:\/\/onlinelibrary.wiley.com\/journal\/10.1111\/(ISSN)1365-2656\">Journal of Animal Ecology<\/a><\/span><br \/>\n<span style=\"color: #3366ff;\"> <a style=\"color: #3366ff;\" href=\"http:\/\/onlinelibrary.wiley.com\/journal\/10.1111\/(ISSN)1365-2664\">Journal of Applied Ecology<\/a><\/span><br \/>\n<span style=\"color: #3366ff;\"> <a style=\"color: #3366ff;\" href=\"http:\/\/onlinelibrary.wiley.com\/journal\/10.1111\/(ISSN)1439-0426\">Journal of Applied Ichthyology<\/a><\/span><br \/>\n<span style=\"color: #3366ff;\"> <a style=\"color: #3366ff;\" href=\"http:\/\/onlinelibrary.wiley.com\/journal\/10.1111\/(ISSN)1095-8649\">Journal of Fish Biology<\/a><\/span><br \/>\n<span style=\"color: #3366ff;\"> <a style=\"color: #3366ff;\" href=\"http:\/\/onlinelibrary.wiley.com\/journal\/10.1111\/(ISSN)1365-2761\">Journal of Fish Diseases<\/a><\/span><br \/>\n<span style=\"color: #3366ff;\"> <a style=\"color: #3366ff;\" href=\"http:\/\/onlinelibrary.wiley.com\/journal\/10.1002\/(ISSN)1097-0010\">Journal of the Science of Food and Agriculture<\/a><\/span><br \/>\n<span style=\"color: #3366ff;\"> <a style=\"color: #3366ff;\" href=\"http:\/\/onlinelibrary.wiley.com\/journal\/10.1111\/(ISSN)1749-7345\">Journal of the World Aquaculture Society<\/a><\/span><br \/>\n<span style=\"color: #3366ff;\"> <a style=\"color: #3366ff;\" href=\"http:\/\/onlinelibrary.wiley.com\/journal\/10.1111\/(ISSN)1440-1770\">Lakes &amp; Reservoirs: Research &amp; Management<\/a><\/span><br \/>\n<span style=\"color: #3366ff;\"> <a style=\"color: #3366ff;\" href=\"http:\/\/onlinelibrary.wiley.com\/journal\/10.1111\/(ISSN)1748-7692\">Marine Mammal Science<\/a><\/span><br \/>\n<span style=\"color: #3366ff;\"> <a style=\"color: #3366ff;\" href=\"http:\/\/onlinelibrary.wiley.com\/journal\/10.1111\/(ISSN)1939-7445\">Natural Resource Modeling<\/a><\/span><br \/>\n<span style=\"color: #3366ff;\"> <a style=\"color: #3366ff;\" href=\"http:\/\/onlinelibrary.wiley.com\/journal\/10.1111\/(ISSN)1440-1835\">Phycological Resear<\/a><\/span><br \/>\n<span style=\"color: #3366ff;\"> <a style=\"color: #3366ff;\" href=\"http:\/\/onlinelibrary.wiley.com\/journal\/10.1111\/(ISSN)1753-5131\">Reviews in Aquaculture<\/a><\/span><br \/>\n<span style=\"color: #3366ff;\"> <a style=\"color: #3366ff;\" href=\"http:\/\/onlinelibrary.wiley.com\/journal\/10.1111\/(ISSN)1747-6593\">Water and Environment Journal<\/a><\/span><\/p>\n<p>&nbsp;<\/p>\n<p><strong><span style=\"color: #000000;\">Base TEEAL<\/span><\/strong><\/p>\n<p><span style=\"color: #3366ff;\">Aqua Fish Technical Report<\/span><br \/>\n<span style=\"color: #3366ff;\">Aquacultural Engineering<\/span><br \/>\n<span style=\"color: #3366ff;\">Aquaculture Economics &amp; Management<\/span><br \/>\n<span style=\"color: #3366ff;\">Aquatic Ecosystem Health &amp; Management<\/span><br \/>\n<span style=\"color: #3366ff;\">Canadian Journal of Fisheries and Aquatic Sciences<\/span><br \/>\n<span style=\"color: #3366ff;\">Coastal Management<\/span><br \/>\n<span style=\"color: #3366ff;\">Continental Journal of Fisheries and Aquatic Science<\/span><br \/>\n<span style=\"color: #3366ff;\">FAO Fisheries Circular<\/span><br \/>\n<span style=\"color: #3366ff;\">FAO Fisheries and Aquaculture Circular<\/span><br \/>\n<span style=\"color: #3366ff;\">International Journal of Fisheries and Aquaculture<\/span><br \/>\n<span style=\"color: #3366ff;\">Journal of Applied Aquaculture<\/span><br \/>\n<span style=\"color: #3366ff;\">Journal of Coastal Research<\/span><br \/>\n<span style=\"color: #3366ff;\">Malawi Journal of Aquaculture and Fisheries<\/span><br \/>\n<span style=\"color: #3366ff;\">Marine and Freshwater Behaviour and Physiology<\/span><br \/>\n<span style=\"color: #3366ff;\">Reviews in Fisheries Science<\/span><\/p>\n<p>&nbsp;<\/p>\n<p><strong>Base Environment Studies<\/strong><br \/>\n<span style=\"color: #3366ff;\">Aqua: Journal of Ichthyology &amp; Aquatic Biology<\/span><br \/>\n<span style=\"color: #3366ff;\">Fisheries and Aquaculture Journal<\/span><br \/>\n<span style=\"color: #3366ff;\">Fishery Bulletin<\/span><br \/>\n<span style=\"color: #3366ff;\">Latin American Journal of Aquatic Research<\/span><br \/>\n<span style=\"color: #3366ff;\">Zebrafish<\/span><\/p>\n<p>&nbsp;<\/p>\n<p><strong>Base Science Direct\u00a0(Open Access)<\/strong><\/p>\n<p><span style=\"color: #3366ff;\"><a style=\"color: #3366ff;\" href=\"http:\/\/www.sciencedirect.com\/science\/journal\/2468550X\">Aquaculture and Fisheries<\/a><\/span><br \/>\n<span style=\"color: #3366ff;\"><a style=\"color: #3366ff;\" href=\"http:\/\/www.sciencedirect.com\/science\/journal\/23525134\">Aquaculture Reports<\/a><\/span><br \/>\n<span style=\"color: #3366ff;\"><a style=\"color: #3366ff;\" href=\"http:\/\/www.sciencedirect.com\/science\/journal\/2214241X\">Aquatic Procedia<\/a><\/span><br \/>\n<span style=\"color: #3366ff;\"><a style=\"color: #3366ff;\" href=\"http:\/\/www.sciencedirect.com\/science\/journal\/22145818\">Journal of Hydrology: Regional Studies<\/a><\/span><br \/>\n<span style=\"color: #3366ff;\"><a style=\"color: #3366ff;\" href=\"http:\/\/www.sciencedirect.com\/science\/journal\/00783234\">Oceanologia<\/a><\/span><br \/>\n<span style=\"color: #3366ff;\"><a style=\"color: #3366ff;\" href=\"http:\/\/www.sciencedirect.com\/science\/journal\/18703453\">Revista Mexicana de Biodiversidad<\/a><\/span><br \/>\n<span style=\"color: #3366ff;\"><a style=\"color: #3366ff;\" href=\"http:\/\/www.sciencedirect.com\/science\/journal\/2451943X\">Veterinary and Animal Science<\/a><\/span><br \/>\n<span style=\"color: #3366ff;\"><a style=\"color: #3366ff;\" href=\"http:\/\/www.sciencedirect.com\/science\/journal\/22123717\">Water Resources and Industry<\/a><\/span><\/p>\n<p>&nbsp;<\/p>\n<p><strong>DOAJ\u00a0(Open Access)<\/strong><br \/>\n<span style=\"color: #3366ff;\">Progress in Fishery Sciences<\/span><br \/>\n<span style=\"color: #3366ff;\">Yuye kexue jinzhan<\/span><br \/>\n<span style=\"color: #3366ff;\">http:\/\/journal.yykxjz.cn\/yykxjzen<\/span><\/p>\n<p><span style=\"color: #3366ff;\">Ribogospodars\u02b9ka Nauka Ukra\u00efni<\/span><br \/>\n<span style=\"color: #3366ff;\">Fisheries Science of Ukraine<\/span><br \/>\n<span style=\"color: #3366ff;\">http:\/\/fsu.ua<\/span><\/p>\n<p><span style=\"color: #3366ff;\">Egyptian Journal of Aquatic Biology and Fisheries <\/span><br \/>\n<span style=\"color: #3366ff;\">http:\/\/www.ejabf.eg.net<\/span><\/p>\n<p><span style=\"color: #3366ff;\">Egyptian Journal of Aquatic Research<\/span><br \/>\n<span style=\"color: #3366ff;\">http:\/\/www.journals.elsevier.com\/egyptian-journal-of-aquatic-research\/<\/span><\/p>\n<p><span style=\"color: #3366ff;\">Su \u00dcr\u00fcnleri Dergisi<\/span><br \/>\n<span style=\"color: #3366ff;\">Ege Journal of Fisheries and Aquatic Sciences<\/span><br \/>\n<span style=\"color: #3366ff;\">http:\/\/www.egejfas.org<\/span><\/p>\n<p><span style=\"color: #3366ff;\">Bio-based and Applied Economics<\/span><br \/>\n<span style=\"color: #3366ff;\">http:\/\/www.fupress.net\/index.php\/bae<\/span><\/p>\n<p><span style=\"color: #3366ff;\">Acta Ichthyologica et Piscatoria<\/span><br \/>\n<span style=\"color: #3366ff;\">http:\/\/www.aiep.pl\/index.php<\/span><\/p>\n<p><span style=\"color: #3366ff;\">Open Fish Science Journal<\/span><br \/>\n<span style=\"color: #3366ff;\">http:\/\/www.bentham.org\/open\/tofishsj\/<\/span><\/p>\n<p><span style=\"color: #3366ff;\">Journal of Fisheries<\/span><br \/>\n<span style=\"color: #3366ff;\">http:\/\/www.journal.bdfish.org\/index.php\/fisheries<\/span><\/p>\n<p><span style=\"color: #3366ff;\">Croatian Journal of Fisheries<\/span><br \/>\n<span style=\"color: #3366ff;\">http:\/\/www.degruyter.com\/view\/j\/cjf<\/span><\/p>\n<p><span style=\"color: #3366ff;\">Archives of Polish Fisheries<\/span><br \/>\n<span style=\"color: #3366ff;\">http:\/\/www.degruyter.com\/view\/j\/aopf<\/span><\/p>\n<p><span style=\"color: #3366ff;\">Revista Brasileira de Sa\u00fade e Produ\u00e7\u00e3o Animal<\/span><br \/>\n<span style=\"color: #3366ff;\">http:\/\/www.scielo.br\/scielo.php?script=sci_serial&amp;pid=1519-9940&amp;lng=en&amp;nrm=iso<\/span><\/p>\n<p><span style=\"color: #3366ff;\">South China Fisheries Science<\/span><br \/>\n<span style=\"color: #3366ff;\">http:\/\/www.schinafish.cn\/EN\/volumn\/current.shtml<\/span><\/p>\n<p><span style=\"color: #3366ff;\">Knowledge and Management of Aquatic Ecosystems<\/span><br \/>\n<span style=\"color: #3366ff;\">http:\/\/www.kmae-journal.org\/<\/span><\/p>\n<p><span style=\"color: #3366ff;\">Omni-Aktuatika<\/span><br \/>\n<span style=\"color: #3366ff;\">Omniakuatika<\/span><br \/>\n<span style=\"color: #3366ff;\">http:\/\/omniakuatika.net\/<\/span><\/p>\n<p>&nbsp;<\/p>\n<p><strong>Base Taylor &amp; Francis\u00a0(Open Access)<\/strong><\/p>\n<p><span style=\"color: #3366ff;\"><a style=\"color: #3366ff;\" href=\"http:\/\/www.tandfonline.com\/toc\/uaqm20\/current\">Aquaculture Economics &amp; Management<\/a><\/span><\/p>\n<p><span style=\"color: #3366ff;\"><a style=\"color: #3366ff;\" href=\"http:\/\/www.tandfonline.com\/toc\/utaf20\/current\">Transactions of the American Fisheries Society<\/a><\/span><\/p>\n<p><span style=\"color: #3366ff;\"><a style=\"color: #3366ff;\" href=\"http:\/\/www.tandfonline.com\/toc\/tmos20\/current\">Molluscan Research<\/a><\/span><\/p>\n<p><span style=\"color: #3366ff;\"><a style=\"color: #3366ff;\" href=\"http:\/\/www.tandfonline.com\/toc\/tboc20\/current\">Biological Oceanography<\/a><\/span><\/p>\n<p><span style=\"color: #3366ff;\"><a style=\"color: #3366ff;\" href=\"http:\/\/www.tandfonline.com\/toc\/taas20\/current\">African Journal of Aquatic Science<\/a><\/span><\/p>\n<p><span style=\"color: #3366ff;\"><a style=\"color: #3366ff;\" href=\"http:\/\/www.tandfonline.com\/toc\/smar20\/current\">Marine Biology Research<\/a><\/span><\/p>\n<p><span style=\"color: #3366ff;\"><a style=\"color: #3366ff;\" href=\"http:\/\/www.tandfonline.com\/toc\/tost20\/current\">Ostrich<\/a><\/span><\/p>\n<p><span style=\"color: #3366ff;\"><a style=\"color: #3366ff;\" href=\"http:\/\/www.tandfonline.com\/toc\/tinv20\/current\">Invertebrate Reproduction &amp; Development<\/a><\/span><\/p>\n<p><span style=\"color: #3366ff;\"><a style=\"color: #3366ff;\" href=\"http:\/\/www.tandfonline.com\/toc\/gbif20\/current\">Biofouling<\/a><\/span><\/p>\n<p><span style=\"color: #3366ff;\"><a style=\"color: #3366ff;\" href=\"http:\/\/www.tandfonline.com\/toc\/tbis20\/current\">Bird Study<\/a><\/span><\/p>\n<p><span style=\"color: #3366ff;\"><a style=\"color: #3366ff;\" href=\"http:\/\/www.tandfonline.com\/toc\/uaem20\/current\">Aquatic Ecosystem Health &amp; Management<\/a><\/span><\/p>\n<p><span style=\"color: #3366ff;\"><a style=\"color: #3366ff;\" href=\"http:\/\/www.tandfonline.com\/loi\/tizo20\">Italian Journal of Zoology<\/a><\/span><\/p>\n<p><span style=\"color: #3366ff;\"><a style=\"color: #3366ff;\" href=\"http:\/\/www.tandfonline.com\/toc\/tato20\/current\">Atmosphere-Ocean<\/a><\/span><\/p>\n<p><span style=\"color: #3366ff;\"><a style=\"color: #3366ff;\" href=\"http:\/\/www.tandfonline.com\/toc\/wafp20\/current\">Journal of Aquatic Food Product Technology<\/a><\/span><\/p>\n<p><span style=\"color: #3366ff;\"><a style=\"color: #3366ff;\" href=\"http:\/\/www.tandfonline.com\/toc\/naqi20\/current\">Aquatic Insects<\/a><\/span><\/p>\n<p><span style=\"color: #3366ff;\"><a style=\"color: #3366ff;\" href=\"http:\/\/www.tandfonline.com\/toc\/wjaa20\/current\">Journal of Applied Aquaculture<\/a><\/span><\/p>\n<p><span style=\"color: #3366ff;\"><a style=\"color: #3366ff;\" href=\"http:\/\/www.tandfonline.com\/toc\/gmfw20\/current\">Marine and Freshwater Behaviour and Physiology<\/a><\/span><\/p>\n<p><span style=\"color: #3366ff;\"><a style=\"color: #3366ff;\" href=\"http:\/\/www.tandfonline.com\/toc\/tejp20\/current\">European Journal of Phycology<\/a><\/span><\/p>\n<p><span style=\"color: #3366ff;\"><a style=\"color: #3366ff;\" href=\"http:\/\/www.tandfonline.com\/toc\/ther20\/current\">African Journal of Herpetology<\/a><\/span><\/p>\n<p><span style=\"color: #3366ff;\"><a style=\"color: #3366ff;\" href=\"http:\/\/www.tandfonline.com\/toc\/tjfe20\/current\">Journal of Freshwater Ecology<\/a><\/span><\/p>\n<p><span style=\"color: #3366ff;\"><a style=\"color: #3366ff;\" href=\"http:\/\/www.tandfonline.com\/toc\/umcf20\/current\">Marine and Coastal Fisheries<\/a><\/span><\/p>\n<p><span style=\"color: #3366ff;\"><a style=\"color: #3366ff;\" href=\"http:\/\/www.tandfonline.com\/toc\/tams20\/current\">African Journal of Marine Science<\/a><\/span><\/p>\n<p><span style=\"color: #3366ff;\"><a style=\"color: #3366ff;\" href=\"http:\/\/www.tandfonline.com\/toc\/tnzm20\/current\">New Zealand Journal of Marine and Freshwater Research<\/a><\/span><\/p>\n<p><span style=\"color: #3366ff;\"><a style=\"color: #3366ff;\" href=\"http:\/\/www.tandfonline.com\/toc\/ttrs20\/current\">Transactions of the Royal Society of South Africa<\/a><\/span><\/p>\n<p><span style=\"color: #3366ff;\"><a style=\"color: #3366ff;\" href=\"http:\/\/www.tandfonline.com\/toc\/ucmg20\/current\">Coastal Management<\/a><\/span><\/p>\n<p><span style=\"color: #3366ff;\"><a style=\"color: #3366ff;\" href=\"http:\/\/www.tandfonline.com\/toc\/unaj20\/current\">North American Journal of Aquaculture<\/a><\/span><\/p>\n<p><span style=\"color: #3366ff;\"><a style=\"color: #3366ff;\" href=\"http:\/\/www.tandfonline.com\/toc\/ufsh20\/current\">Fisheries<\/a><\/span><\/p>\n<p><span style=\"color: #3366ff;\"><a style=\"color: #3366ff;\" href=\"http:\/\/www.tandfonline.com\/toc\/ujfm20\/current\">North American Journal of Fisheries Management<\/a><\/span><\/p>\n<p><span style=\"color: #3366ff;\"><a style=\"color: #3366ff;\" href=\"http:\/\/www.tandfonline.com\/toc\/uahh20\/current\">Journal of Aquatic Animal Health<\/a><\/span><\/p>\n<p><span style=\"color: #3366ff;\"><a style=\"color: #3366ff;\" href=\"http:\/\/www.tandfonline.com\/toc\/tdia20\/current\">Diatom Research<\/a><\/span><\/p>\n<p><span style=\"color: #3366ff;\"><a style=\"color: #3366ff;\" href=\"http:\/\/www.tandfonline.com\/toc\/brfs21\/current\">Reviews in Fisheries Science &amp; Aquaculture<\/a><\/span><\/p>\n<p>&nbsp;<\/p>\n<p><strong>Base Scholarly Journals\u00a0(Open Access)<\/strong><\/p>\n<p>&nbsp;<\/p>\n<p><span style=\"color: #3366ff;\"><a style=\"color: #3366ff;\" href=\"https:\/\/www.omicsonline.org\/aquaculture-research-development.php\">Journal of Aquaculture Research &amp; Development<\/a><\/span><\/p>\n<p><span style=\"color: #3366ff;\"><a style=\"color: #3366ff;\" href=\"http:\/\/www.fisheriessciences.com\/\">Journal of FisheriesSciences.com<\/a><\/span><\/p>\n<p><span style=\"color: #3366ff;\"><a style=\"color: #3366ff;\" href=\"https:\/\/www.omicsonline.org\/marine-science-research-development.php\">Journal of Marine Science: Research &amp; Development<\/a><\/span><\/p>\n<p><span style=\"color: #3366ff;\"><a style=\"color: #3366ff;\" href=\"https:\/\/www.omicsonline.com\/open-access\/fisheries-and-aquaculture-journal.php\">Fisheries and Aquaculture Journal<\/a><\/span><\/p>\n<p><span style=\"color: #3366ff;\"><a style=\"color: #3366ff;\" href=\"https:\/\/www.esciencecentral.org\/journals\/fisheries-livestock-production.php\">Journal of Fisheries &amp; Livestock Production<\/a><\/span><\/p>\n<p><span style=\"color: #3366ff;\"><a style=\"color: #3366ff;\" href=\"https:\/\/www.esciencecentral.org\/journals\/poultry-fisheries-wildlife-sciences.php\">Poultry, Fisheries &amp; Wildlife Sciences<\/a><\/span><\/p>\n<p><span style=\"color: #3366ff;\"><a style=\"color: #3366ff;\" title=\"Journal of Coastal Zone Management\" href=\"https:\/\/www.omicsonline.com\/open-access\/coastal-development.php\" target=\"_blank\">Journal of Coastal Zone Management<\/a><\/span><\/p>\n<p><span style=\"color: #3366ff;\"><a style=\"color: #3366ff;\" title=\"Journal of Oceanography and Marine Research\" href=\"https:\/\/www.esciencecentral.org\/journals\/oceanography.php\" target=\"_blank\">Journal of Oceanography and Marine Research<\/a><\/span><\/p>\n<p>&nbsp;<\/p>\n<p><strong>Base Springer\u00a0(Open Access)<\/strong><\/p>\n<p><span style=\"color: #3366ff;\"><a class=\"list-stacked__link\" style=\"color: #3366ff;\" href=\"http:\/\/intaquares.springeropen.com\/\" data-track-event=\"click\" data-event-category=\"Journal Subject Browse Page\" data-event-action=\"Click Journal\" data-event-label=\"International Aquatic Research\">International Aquatic Research<\/a><\/span><\/p>\n","protected":false},"excerpt":{"rendered":"<p>JOURNALS FOR FISHERIES ENGINEERING, MASTER OF AQUACULTURE, DOCTORAL IN FISHERY RESOURCES AND AQUACULTURE &nbsp; Base Wiley Online Library Animal Genetics Aquaculture Nutrition Aquaculture Research Aquatic Conservation: Marine and Freshwater Ecosystems Ethology Evolutionary Applications Fish and Fisheries Fisheries Management and Ecology Fisheries Oceanography Functional Ecology Invertebrate Biology Journal of Animal Ecology Journal of Applied Ecology Journal &hellip;<\/p>\n","protected":false},"author":1,"featured_media":0,"parent":0,"menu_order":0,"comment_status":"closed","ping_status":"closed","template":"","meta":{"footnotes":""},"_links":{"self":[{"href":"https:\/\/tumi.lamolina.edu.pe\/bvbe\/index.php\/wp-json\/wp\/v2\/pages\/887"}],"collection":[{"href":"https:\/\/tumi.lamolina.edu.pe\/bvbe\/index.php\/wp-json\/wp\/v2\/pages"}],"about":[{"href":"https:\/\/tumi.lamolina.edu.pe\/bvbe\/index.php\/wp-json\/wp\/v2\/types\/page"}],"author":[{"embeddable":true,"href":"https:\/\/tumi.lamolina.edu.pe\/bvbe\/index.php\/wp-json\/wp\/v2\/users\/1"}],"replies":[{"embeddable":true,"href":"https:\/\/tumi.lamolina.edu.pe\/bvbe\/index.php\/wp-json\/wp\/v2\/comments?post=887"}],"version-history":[{"count":20,"href":"https:\/\/tumi.lamolina.edu.pe\/bvbe\/index.php\/wp-json\/wp\/v2\/pages\/887\/revisions"}],"predecessor-version":[{"id":1357,"href":"https:\/\/tumi.lamolina.edu.pe\/bvbe\/index.php\/wp-json\/wp\/v2\/pages\/887\/revisions\/1357"}],"wp:attachment":[{"href":"https:\/\/tumi.lamolina.edu.pe\/bvbe\/index.php\/wp-json\/wp\/v2\/media?parent=887"}],"curies":[{"name":"wp","href":"https:\/\/api.w.org\/{rel}","templated":true}]}}