
{"id":85,"date":"2016-08-05T15:54:59","date_gmt":"2016-08-05T15:54:59","guid":{"rendered":"http:\/\/bvbe1.compuwebperu.com\/bvbe\/?page_id=85"},"modified":"2017-04-22T18:20:39","modified_gmt":"2017-04-22T23:20:39","slug":"serviciovideo","status":"publish","type":"page","link":"https:\/\/tumi.lamolina.edu.pe\/bvbe\/index.php\/serviciovideo\/","title":{"rendered":"Servicio de Video Library"},"content":{"rendered":"<p style=\"text-align: justify;\"><img loading=\"lazy\" decoding=\"async\" class=\"size-full wp-image-94 aligncenter\" src=\"http:\/\/tumi.lamolina.edu.pe\/bvbe\/wp-content\/uploads\/2016\/08\/video-library.png\" alt=\"video library\" width=\"200\" height=\"69\" \/><\/p>\n<p style=\"text-align: justify;\">\n<p style=\"text-align: justify;\">El \u00e1rea de Audiovisuales le ofrece una serie de documentos audiovisuales como videos, CDs-ROM, DVD., descritos en el cat\u00e1logo bibliogr\u00e1fico de la p\u00e1gina web de la BAN.<\/p>\n<p style=\"text-align: justify;\"><strong><span style=\"color: #0000ff;\">Servicio de consulta y uso del material audiovisual<\/span><\/strong><\/p>\n<p style=\"text-align: justify;\">La colecci\u00f3n de videos pueden ser visualizados, en forma personal en las computadoras que se encuentran en la Sala de Biblioteca Virtual y B\u00fasqueda Especializada. El docente que requiera hacer la presentaci\u00f3n de un video para su clase, en la Sala Bruselas de la BAN deber\u00e1 enviar una carta a la Direcci\u00f3n General de la Biblioteca\u00a0solicitando el video indicando el d\u00eda, la hora y el n\u00famero de alumnos con la debida anticipaci\u00f3n.<\/p>\n<p style=\"text-align: justify;\"><strong><span style=\"color: #0000ff;\">Servicio de conversi\u00f3n o digitalizaci\u00f3n de un video en cinta (VHS) a DVD<\/span><\/strong><\/p>\n<p style=\"text-align: justify;\">El precio de convertir un video en cinta a DVD est\u00e1 en funci\u00f3n del tiempo de duraci\u00f3n del video adem\u00e1s incluye el precio del DVD en blanco.<\/p>\n<p style=\"text-align: justify;\"><span style=\"color: #0000ff;\"><strong>Realizaci\u00f3n de Cine.<\/strong><\/span><\/p>\n<p style=\"text-align: justify;\">Para promocionar los videos, se proyectar\u00e1\u00a0\u00a0 un \u00a0\u00a0video\u00a0 en el Auditorio de la BAN.<\/p>\n<p>&nbsp;<\/p>\n","protected":false},"excerpt":{"rendered":"<p>El \u00e1rea de Audiovisuales le ofrece una serie de documentos audiovisuales como videos, CDs-ROM, DVD., descritos en el cat\u00e1logo bibliogr\u00e1fico de la p\u00e1gina web de la BAN. Servicio de consulta y uso del material audiovisual La colecci\u00f3n de videos pueden ser visualizados, en forma personal en las computadoras que se encuentran en la Sala de &hellip;<\/p>\n","protected":false},"author":1,"featured_media":0,"parent":0,"menu_order":0,"comment_status":"closed","ping_status":"closed","template":"","meta":{"footnotes":""},"_links":{"self":[{"href":"https:\/\/tumi.lamolina.edu.pe\/bvbe\/index.php\/wp-json\/wp\/v2\/pages\/85"}],"collection":[{"href":"https:\/\/tumi.lamolina.edu.pe\/bvbe\/index.php\/wp-json\/wp\/v2\/pages"}],"about":[{"href":"https:\/\/tumi.lamolina.edu.pe\/bvbe\/index.php\/wp-json\/wp\/v2\/types\/page"}],"author":[{"embeddable":true,"href":"https:\/\/tumi.lamolina.edu.pe\/bvbe\/index.php\/wp-json\/wp\/v2\/users\/1"}],"replies":[{"embeddable":true,"href":"https:\/\/tumi.lamolina.edu.pe\/bvbe\/index.php\/wp-json\/wp\/v2\/comments?post=85"}],"version-history":[{"count":6,"href":"https:\/\/tumi.lamolina.edu.pe\/bvbe\/index.php\/wp-json\/wp\/v2\/pages\/85\/revisions"}],"predecessor-version":[{"id":1178,"href":"https:\/\/tumi.lamolina.edu.pe\/bvbe\/index.php\/wp-json\/wp\/v2\/pages\/85\/revisions\/1178"}],"wp:attachment":[{"href":"https:\/\/tumi.lamolina.edu.pe\/bvbe\/index.php\/wp-json\/wp\/v2\/media?parent=85"}],"curies":[{"name":"wp","href":"https:\/\/api.w.org\/{rel}","templated":true}]}}