
{"id":837,"date":"2017-02-17T01:15:09","date_gmt":"2017-02-17T06:15:09","guid":{"rendered":"http:\/\/tumi.lamolina.edu.pe\/bvbe\/?page_id=837"},"modified":"2018-06-12T23:24:45","modified_gmt":"2018-06-13T04:24:45","slug":"adobe-premier-pro","status":"publish","type":"page","link":"https:\/\/tumi.lamolina.edu.pe\/bvbe\/index.php\/adobe-premier-pro\/","title":{"rendered":"Adobe Premiere  Pro"},"content":{"rendered":"<h3 style=\"text-align: center;\"><span style=\"color: #0000ff;\"><strong><u>CURSO B\u00c1SICO DE EDICI\u00d3N DE V\u00cdDEO <\/u><\/strong><\/span><\/h3>\n<h3 style=\"text-align: center;\"><span style=\"color: #0000ff;\"><strong><u>CON ADOBE PREMIERE \u00a0PRO<\/u><\/strong><\/span><\/h3>\n<p>&nbsp;<\/p>\n<p style=\"text-align: center;\"><strong><em><span style=\"font-family: 'arial black', sans-serif;\">\u00a0Inicio Junio 2018<\/span><\/em><\/strong><\/p>\n<p>&nbsp;<\/p>\n<p>Facilitador: Renzo Manuel Bruno Buleje Cancho<\/p>\n<p>E-mail: \u00a0 \u00a0<a href=\"mailto:rbuleje@lamolina.edu.pe\">rbuleje@lamolina.edu.pe<\/a><\/p>\n<p>&nbsp;<\/p>\n<p><img loading=\"lazy\" decoding=\"async\" class=\"size-full wp-image-2260 aligncenter\" src=\"http:\/\/tumi.lamolina.edu.pe\/bvbe\/wp-content\/uploads\/2018\/05\/5.2-.png\" alt=\"\" width=\"504\" height=\"198\" \/><\/p>\n<p>&nbsp;<\/p>\n<p><span style=\"color: #0000ff;\"><strong>INTRODUCCI\u00d3N.<\/strong><\/span><\/p>\n<p style=\"text-align: justify;\">Adobe Premiere Pro es un programa de edici\u00f3n de v\u00eddeo \u00a0en tiempo \u00a0permite editar v\u00eddeos subidos o descargados en una variedad de maneras, incluyendo la modificaci\u00f3n de los colores, cortar y ordenar v\u00eddeos, agregar efectos visuales, agregar pistas de audio separadas y convertir v\u00eddeos a distintos formatos. Tambi\u00e9n puedes insertar cualquier tipo de efectos de transici\u00f3n entre dos v\u00eddeos cronol\u00f3gicamente adyacentes de tu proyecto.<\/p>\n<p><span style=\"color: #0000ff;\"><strong>CONTENIDO DEL CURSO<\/strong><\/span><\/p>\n<p>Temas:<\/p>\n<p>-\u00bfQu\u00e9 es Adobe Premiere Pro?<\/p>\n<p>Definici\u00f3n: Es un programa de edici\u00f3n de v\u00eddeos digitales, que te permite combinarlos y crear un v\u00eddeo con formato final.<\/p>\n<p>-\u00bfC\u00f3mo ingresamos a Adobe Premiere Pro?<\/p>\n<p>Elija: inicio, programas y Adobe Premiere Pro.<\/p>\n<p>-\u00bfC\u00f3mo cre\u00f3 un nuevo proyecto?<\/p>\n<p>-Explicaci\u00f3n de las ventanas de Adobe Premiere Pro.<\/p>\n<p>-\u00bfC\u00f3mo importo\u00a0 un archivo?<\/p>\n<p>-Explicaci\u00f3n de la l\u00ednea del tiempo.<\/p>\n<p>-Formas de ver los v\u00eddeos<\/p>\n<p>-\u00bfC\u00f3mo cambiar la duraci\u00f3n del v\u00eddeo?<\/p>\n<p>-Ventana de herramientas<\/p>\n<p>-C\u00f3mo crear un titulo?<\/p>\n<p>-Explicaci\u00f3n de las herramientas del titulo<\/p>\n<p>-Efectos para los v\u00eddeos<\/p>\n<p>-Tama\u00f1o del v\u00eddeo<\/p>\n<p>-C\u00f3mo regular el audio del v\u00eddeo<\/p>\n<p>-C\u00f3mo exportar un v\u00eddeo en distintos formatos<\/p>\n<p><strong><span style=\"color: #0000ff;\">METODOLOG\u00cdA DEL CURSO.<\/span><\/strong><\/p>\n<p style=\"text-align: justify;\">El curso se desarrollar\u00e1 utilizando el m\u00e9todo expositivo, demostrativo, con din\u00e1mica grupal, procedi\u00e9ndose al desarrollo de aplicaciones pr\u00e1cticas de forma inmediata.<\/p>\n<p style=\"text-align: justify;\">A los alumnos se les proporcionar\u00e1 separatas del curso en forma digital que les servir\u00e1n\u00a0 como material de apoyo y de\u00a0 consulta.<\/p>\n<p><strong>\u00a0<span style=\"color: #0000ff;\">EVALUACI\u00d3N.<\/span><\/strong><\/p>\n<p style=\"text-align: justify;\">Para la\u00a0 evaluaci\u00f3n del curso se tomara en cuenta la participaci\u00f3n en clase del alumno y un trabajo encargado para aprobar el curso.<\/p>\n<p><span style=\"color: #0000ff;\"><strong>HORARIO.<\/strong><\/span><\/p>\n<p><strong>De lunes a viernes<\/strong><\/p>\n<p>Curso Edici\u00f3n de v\u00eddeo Adobe Premier Pro nivel: (b\u00e1sico)<\/p>\n<p>Clases: 23 junio y 30 de junio<\/p>\n<p>Duraci\u00f3n: 6 horas: 2 sesiones por d\u00eda de 3 horas<\/p>\n<p>Formador: Renzo Manuel Bruno Buleje Cancho<\/p>\n<p>&nbsp;<\/p>\n<p><span style=\"color: #0000ff;\"><strong>INVERSI\u00d3N DEL CURSO<\/strong><strong>:<\/strong><\/span><\/p>\n<p>La inversi\u00f3n es de \u00a0S\/. 65.00 soles \u00a0el pago incluye el \u00a0certificado del curso a nombre de la Universidad Nacional Agraria \u00a0la Molina \u00a0(UNALM).<\/p>\n<p>&nbsp;<\/p>\n<div><span style=\"color: #0000ff;\"><strong>FORMAS DE REALIZAR EL PAGO:<\/strong><\/span><b><br \/>\n<\/b><\/div>\n<p><b>1.\u00a0 Dentro de la BAN<\/b><\/p>\n<p>Acercarse a la\u00a0 Sala\u00a0 de B\u00fasqueda Especializada, ubicada\u00a0 en el\u00a0 primer piso del edificio 1 de la BAN (local tradicional), llenar una ficha de inscripci\u00f3n y\u00a0 realizar el <span class=\"m_-1697069608475094337gmail-m_-6629885284591302526gmail-m_-9189169609069246762gmail-m_-1131884468513909315gmail-m_-4643097042687744133gmail-m_-1847922917946633707gmail-il\"><span class=\"m_-1697069608475094337gmail-m_-6629885284591302526gmail-m_-9189169609069246762gmail-m_-1131884468513909315gmail-m_-4643097042687744133gmail-il\"><span class=\"m_-1697069608475094337gmail-m_-6629885284591302526gmail-il\"><span class=\"m_-1697069608475094337gmail-il\">pago<\/span><\/span><\/span><\/span>.<\/p>\n<p><b>2.\u00a0 Fuera de la BAN<\/b><\/p>\n<div>\n<div>\n<p><span class=\"m_-1697069608475094337gmail-m_-6629885284591302526gmail-m_-9189169609069246762gmail-m_-1131884468513909315gmail-m_-4643097042687744133gmail-m_-1847922917946633707gmail-m_-3828213542142721687gmail-m_2736340704237167879gmail-m_6958706828781339784gmail-m_-175917154184560702gmail-m_-389359311359964784gmail-m_2323029468078726944gmail-m_7996902924661770446gmail-m_3798969786937845399gmail-m_5206421067264491583gmail-il\">El<\/span> <span class=\"m_-1697069608475094337gmail-m_-6629885284591302526gmail-m_-9189169609069246762gmail-m_-1131884468513909315gmail-m_-4643097042687744133gmail-m_-1847922917946633707gmail-m_-3828213542142721687gmail-m_2736340704237167879gmail-m_6958706828781339784gmail-m_-175917154184560702gmail-m_-389359311359964784gmail-m_2323029468078726944gmail-m_7996902924661770446gmail-m_3798969786937845399gmail-m_5206421067264491583gmail-il\"><span class=\"m_-1697069608475094337gmail-m_-6629885284591302526gmail-m_-9189169609069246762gmail-m_-1131884468513909315gmail-m_-4643097042687744133gmail-m_-1847922917946633707gmail-il\"><span class=\"m_-1697069608475094337gmail-m_-6629885284591302526gmail-m_-9189169609069246762gmail-m_-1131884468513909315gmail-m_-4643097042687744133gmail-il\"><span class=\"m_-1697069608475094337gmail-m_-6629885284591302526gmail-il\"><span class=\"m_-1697069608475094337gmail-il\">pago<\/span><\/span><\/span><\/span><\/span> se tiene que realizar en <span class=\"m_-1697069608475094337gmail-m_-6629885284591302526gmail-m_-9189169609069246762gmail-m_-1131884468513909315gmail-m_-4643097042687744133gmail-m_-1847922917946633707gmail-m_-3828213542142721687gmail-m_2736340704237167879gmail-m_6958706828781339784gmail-m_-175917154184560702gmail-m_-389359311359964784gmail-m_2323029468078726944gmail-m_7996902924661770446gmail-m_3798969786937845399gmail-m_5206421067264491583gmail-il\">el<\/span> <span class=\"m_-1697069608475094337gmail-m_-6629885284591302526gmail-m_-9189169609069246762gmail-m_-1131884468513909315gmail-m_-4643097042687744133gmail-m_-1847922917946633707gmail-m_-3828213542142721687gmail-m_2736340704237167879gmail-m_6958706828781339784gmail-m_-175917154184560702gmail-m_-389359311359964784gmail-m_2323029468078726944gmail-m_7996902924661770446gmail-m_3798969786937845399gmail-m_5206421067264491583gmail-il\">Banco<\/span> de <span class=\"m_-1697069608475094337gmail-m_-6629885284591302526gmail-m_-9189169609069246762gmail-m_-1131884468513909315gmail-m_-4643097042687744133gmail-m_-1847922917946633707gmail-m_-3828213542142721687gmail-m_2736340704237167879gmail-m_6958706828781339784gmail-m_-175917154184560702gmail-m_-389359311359964784gmail-m_2323029468078726944gmail-m_7996902924661770446gmail-m_3798969786937845399gmail-m_5206421067264491583gmail-il\">Cr\u00e9dito<\/span> del Per\u00fa.<\/p>\n<\/div>\n<div>\n<p><span class=\"m_-1697069608475094337gmail-m_-6629885284591302526gmail-m_-9189169609069246762gmail-m_-1131884468513909315gmail-m_-4643097042687744133gmail-m_-1847922917946633707gmail-m_-3828213542142721687gmail-m_2736340704237167879gmail-m_6958706828781339784gmail-m_-175917154184560702gmail-m_-389359311359964784gmail-il\">Cuenta<\/span>: Corriente en soles. N\u00b0 191-0031059-0-26<\/p>\n<\/div>\n<p>A\u00a0 nombre de la Fundaci\u00f3n para <span class=\"m_-1697069608475094337gmail-m_-6629885284591302526gmail-m_-9189169609069246762gmail-m_-1131884468513909315gmail-m_-4643097042687744133gmail-m_-1847922917946633707gmail-m_-3828213542142721687gmail-m_2736340704237167879gmail-m_6958706828781339784gmail-m_-175917154184560702gmail-m_-389359311359964784gmail-m_2323029468078726944gmail-m_7996902924661770446gmail-m_3798969786937845399gmail-m_5206421067264491583gmail-il\">el<\/span> Desarrollo Agrario.<\/p>\n<\/div>\n<div>\n<p><b>Una vez realizado\u00a0 <span class=\"m_-1697069608475094337gmail-m_-6629885284591302526gmail-m_-9189169609069246762gmail-m_-1131884468513909315gmail-m_-4643097042687744133gmail-m_-1847922917946633707gmail-m_-3828213542142721687gmail-m_2736340704237167879gmail-m_6958706828781339784gmail-m_-175917154184560702gmail-m_-389359311359964784gmail-m_2323029468078726944gmail-m_7996902924661770446gmail-m_3798969786937845399gmail-m_5206421067264491583gmail-il\">el<\/span> <span class=\"m_-1697069608475094337gmail-m_-6629885284591302526gmail-m_-9189169609069246762gmail-m_-1131884468513909315gmail-m_-4643097042687744133gmail-m_-1847922917946633707gmail-m_-3828213542142721687gmail-m_2736340704237167879gmail-m_6958706828781339784gmail-m_-175917154184560702gmail-m_-389359311359964784gmail-m_2323029468078726944gmail-m_7996902924661770446gmail-m_3798969786937845399gmail-m_5206421067264491583gmail-il\"><span class=\"m_-1697069608475094337gmail-m_-6629885284591302526gmail-m_-9189169609069246762gmail-m_-1131884468513909315gmail-m_-4643097042687744133gmail-m_-1847922917946633707gmail-il\"><span class=\"m_-1697069608475094337gmail-m_-6629885284591302526gmail-m_-9189169609069246762gmail-m_-1131884468513909315gmail-m_-4643097042687744133gmail-il\"><span class=\"m_-1697069608475094337gmail-m_-6629885284591302526gmail-il\"><span class=\"m_-1697069608475094337gmail-il\">pago<\/span><\/span><\/span><\/span><\/span> \u00a0en <span class=\"m_-1697069608475094337gmail-m_-6629885284591302526gmail-m_-9189169609069246762gmail-m_-1131884468513909315gmail-m_-4643097042687744133gmail-m_-1847922917946633707gmail-m_-3828213542142721687gmail-m_2736340704237167879gmail-m_6958706828781339784gmail-m_-175917154184560702gmail-m_-389359311359964784gmail-m_2323029468078726944gmail-m_7996902924661770446gmail-m_3798969786937845399gmail-m_5206421067264491583gmail-il\">el<\/span> <span class=\"m_-1697069608475094337gmail-m_-6629885284591302526gmail-m_-9189169609069246762gmail-m_-1131884468513909315gmail-m_-4643097042687744133gmail-m_-1847922917946633707gmail-m_-3828213542142721687gmail-m_2736340704237167879gmail-m_6958706828781339784gmail-m_-175917154184560702gmail-m_-389359311359964784gmail-m_2323029468078726944gmail-m_7996902924661770446gmail-m_3798969786937845399gmail-m_5206421067264491583gmail-il\">banco<\/span> (<span class=\"m_-1697069608475094337gmail-m_-6629885284591302526gmail-m_-9189169609069246762gmail-m_-1131884468513909315gmail-m_-4643097042687744133gmail-m_-1847922917946633707gmail-m_-3828213542142721687gmail-m_2736340704237167879gmail-m_6958706828781339784gmail-m_-175917154184560702gmail-m_-389359311359964784gmail-m_2323029468078726944gmail-m_7996902924661770446gmail-il\"><span class=\"m_-1697069608475094337gmail-m_-6629885284591302526gmail-m_-9189169609069246762gmail-m_-1131884468513909315gmail-m_-4643097042687744133gmail-m_-1847922917946633707gmail-m_-3828213542142721687gmail-m_2736340704237167879gmail-m_6958706828781339784gmail-m_-175917154184560702gmail-m_-389359311359964784gmail-il\">BCP<\/span><\/span>) y enviar <span class=\"m_-1697069608475094337gmail-m_-6629885284591302526gmail-m_-9189169609069246762gmail-m_-1131884468513909315gmail-m_-4643097042687744133gmail-m_-1847922917946633707gmail-m_-3828213542142721687gmail-m_2736340704237167879gmail-m_6958706828781339784gmail-m_-175917154184560702gmail-m_-389359311359964784gmail-m_2323029468078726944gmail-m_7996902924661770446gmail-m_3798969786937845399gmail-m_5206421067264491583gmail-il\">el<\/span>\u00a0 voucher del d\u00e9posito <\/b>(escaneado o una foto, c\u00f3digo de operaci\u00f3n) al e-mail: \u00a0 <a href=\"mailto:biblio@lamolina.edu.pe\" target=\"_blank\" rel=\"noopener\">biblio@lamolina.edu.pe<\/a>Para generarle su\u00a0 comprobante de\u00a0\u00a0 <span class=\"m_-1697069608475094337gmail-m_-6629885284591302526gmail-m_-9189169609069246762gmail-m_-1131884468513909315gmail-m_-4643097042687744133gmail-m_-1847922917946633707gmail-m_-3828213542142721687gmail-m_2736340704237167879gmail-m_6958706828781339784gmail-m_-175917154184560702gmail-m_-389359311359964784gmail-m_2323029468078726944gmail-m_7996902924661770446gmail-m_3798969786937845399gmail-m_5206421067264491583gmail-il\"><span class=\"m_-1697069608475094337gmail-m_-6629885284591302526gmail-m_-9189169609069246762gmail-m_-1131884468513909315gmail-m_-4643097042687744133gmail-m_-1847922917946633707gmail-il\"><span class=\"m_-1697069608475094337gmail-m_-6629885284591302526gmail-m_-9189169609069246762gmail-m_-1131884468513909315gmail-m_-4643097042687744133gmail-il\"><span class=\"m_-1697069608475094337gmail-m_-6629885284591302526gmail-il\"><span class=\"m_-1697069608475094337gmail-il\">pago<\/span><\/span><\/span><\/span><\/span> se necesita su\u00a0 n\u00famero de\u00a0 DNI y su email:<\/p>\n<\/div>\n<p><strong>Vacantes limitadas<\/strong><\/p>\n<p><strong><span style=\"color: #0000ff;\">CERTIFICADO:<\/span><\/strong><\/p>\n<p>Las personas interesadas pueden solicitar un certificado del curso.<\/p>\n<p>Es obligatorio la asistencia a todas las clases para solicitar el certificado.<\/p>\n<p>El costo del certificado es de S\/15:00 soles, y el certificado sale \u00a0a nombre de la UNALM.<\/p>\n<p><strong><span style=\"font-family: 'arial black', sans-serif;\"><span style=\"color: #ff0000;\">Inscripci\u00f3n previo registro<\/span>:<\/span>\u00a0 Ingrese su datos en el formulario.<\/strong><\/p>\n<p>&nbsp;<\/p>\n<p><iframe loading=\"lazy\" src=\"https:\/\/docs.google.com\/forms\/d\/e\/1FAIpQLSegnmtdAVAdFslZhAO1to-2MpXfhU4H-Xqng5JbY3kw9Bh7yw\/viewform?embedded=true\" width=\"550\" height=\"500\" frameborder=\"0\" marginwidth=\"0\" marginheight=\"0\"><span data-mce-type=\"bookmark\" style=\"display: inline-block; width: 0px; overflow: hidden; line-height: 0;\" class=\"mce_SELRES_start\">\ufeff<\/span>Cargando\u2026<\/iframe><\/p>\n<p>&nbsp;<\/p>\n<p>&nbsp;<\/p>\n<p>Para mayor informaci\u00f3n dirigirse a la\u00a0<span style=\"color: #0000ff;\"> <strong>Sala\u00a0 B\u00fasqueda Especializada<\/strong><\/span>, ubicada en el primer piso del edificio 1 de la BAN. (edificio tradicional)<\/p>\n<p><strong>Horario de Atenci\u00f3n<\/strong><br \/>\nLunes\u00a0 a\u00a0 viernes de 8:15 am\u00a0\u00a0 a\u00a0 7.00 pm.<\/p>\n<p>Atentamente,<\/p>\n<p>Biblioteca Agr\u00edcola Nacional<br \/>\nB\u00fasqueda Especializada<br \/>\nEmail: <a href=\"mailto:biblio@lamolina.edu.pe\">biblio@lamolina.edu.pe<\/a><\/p>\n<p><strong><span style=\"color: #0000ff;\">Skype: servicio en l\u00ednea<\/span><\/strong><br \/>\n<strong><span style=\"color: #0000ff;\"> Nick:\u00a0 busquedaespecializada<\/span><\/strong><\/p>\n<p><span style=\"color: #0000ff;\"><b>Twitter: @BusquedaEspBAN<\/b><\/span><\/p>\n<p>Contacto: Ing. Enrique Davir\u00e1n<br \/>\nBAN-UNALM<br \/>\nAnexo 110<\/p>\n","protected":false},"excerpt":{"rendered":"<p>CURSO B\u00c1SICO DE EDICI\u00d3N DE V\u00cdDEO CON ADOBE PREMIERE \u00a0PRO &nbsp; \u00a0Inicio Junio 2018 &nbsp; Facilitador: Renzo Manuel Bruno Buleje Cancho E-mail: \u00a0 \u00a0rbuleje@lamolina.edu.pe &nbsp; &nbsp; INTRODUCCI\u00d3N. Adobe Premiere Pro es un programa de edici\u00f3n de v\u00eddeo \u00a0en tiempo \u00a0permite editar v\u00eddeos subidos o descargados en una variedad de maneras, incluyendo la modificaci\u00f3n de los &hellip;<\/p>\n","protected":false},"author":1,"featured_media":0,"parent":0,"menu_order":0,"comment_status":"closed","ping_status":"closed","template":"","meta":{"footnotes":""},"_links":{"self":[{"href":"https:\/\/tumi.lamolina.edu.pe\/bvbe\/index.php\/wp-json\/wp\/v2\/pages\/837"}],"collection":[{"href":"https:\/\/tumi.lamolina.edu.pe\/bvbe\/index.php\/wp-json\/wp\/v2\/pages"}],"about":[{"href":"https:\/\/tumi.lamolina.edu.pe\/bvbe\/index.php\/wp-json\/wp\/v2\/types\/page"}],"author":[{"embeddable":true,"href":"https:\/\/tumi.lamolina.edu.pe\/bvbe\/index.php\/wp-json\/wp\/v2\/users\/1"}],"replies":[{"embeddable":true,"href":"https:\/\/tumi.lamolina.edu.pe\/bvbe\/index.php\/wp-json\/wp\/v2\/comments?post=837"}],"version-history":[{"count":56,"href":"https:\/\/tumi.lamolina.edu.pe\/bvbe\/index.php\/wp-json\/wp\/v2\/pages\/837\/revisions"}],"predecessor-version":[{"id":2273,"href":"https:\/\/tumi.lamolina.edu.pe\/bvbe\/index.php\/wp-json\/wp\/v2\/pages\/837\/revisions\/2273"}],"wp:attachment":[{"href":"https:\/\/tumi.lamolina.edu.pe\/bvbe\/index.php\/wp-json\/wp\/v2\/media?parent=837"}],"curies":[{"name":"wp","href":"https:\/\/api.w.org\/{rel}","templated":true}]}}