
{"id":79,"date":"2016-08-05T15:52:38","date_gmt":"2016-08-05T15:52:38","guid":{"rendered":"http:\/\/bvbe1.compuwebperu.com\/bvbe\/?page_id=79"},"modified":"2026-03-30T14:24:10","modified_gmt":"2026-03-30T19:24:10","slug":"servicioasist","status":"publish","type":"page","link":"https:\/\/tumi.lamolina.edu.pe\/bvbe\/index.php\/servicioasist\/","title":{"rendered":"Servicio Asistencia Tecnol\u00f3gica"},"content":{"rendered":"<p style=\"text-align: justify;\">A trav\u00e9s de este servicio el personal de la <strong><span style=\"color: #0000ff;\">Sala Biblioteca Virtual y B\u00fasqueda Especializad<\/span><\/strong>a\u00a0 ofrece a los usuarios apoyo en el uso y manejo de los recursos de informaci\u00f3n, contenidos en el cat\u00e1logo de la biblioteca, biblioteca virtual, libros electr\u00f3nicos, bases de datos, revistas electr\u00f3nicas, CD, DVD y\u00a0v\u00eddeos.<\/p>\n<p><img loading=\"lazy\" decoding=\"async\" class=\"size-medium wp-image-184 aligncenter\" src=\"http:\/\/tumi.lamolina.edu.pe\/bvbe\/wp-content\/uploads\/2016\/09\/PracTecno-300x169.jpg\" alt=\"practecno\" width=\"300\" height=\"169\" srcset=\"https:\/\/tumi.lamolina.edu.pe\/bvbe\/wp-content\/uploads\/2016\/09\/PracTecno-300x169.jpg 300w, https:\/\/tumi.lamolina.edu.pe\/bvbe\/wp-content\/uploads\/2016\/09\/PracTecno.jpg 320w\" sizes=\"(max-width: 300px) 100vw, 300px\" \/><\/p>\n<p style=\"text-align: justify;\">Si usted. requiere de Asistencia Tecnol\u00f3gica dir\u00edjase a la Sala Biblioteca Virtual y B\u00fasqueda Especializada.<\/p>\n<p style=\"text-align: center;\"><img loading=\"lazy\" decoding=\"async\" class=\"alignnone size-medium wp-image-185\" src=\"http:\/\/tumi.lamolina.edu.pe\/bvbe\/wp-content\/uploads\/2016\/09\/PracTecno2-300x169.jpg\" alt=\"practecno2\" width=\"300\" height=\"169\" srcset=\"https:\/\/tumi.lamolina.edu.pe\/bvbe\/wp-content\/uploads\/2016\/09\/PracTecno2-300x169.jpg 300w, https:\/\/tumi.lamolina.edu.pe\/bvbe\/wp-content\/uploads\/2016\/09\/PracTecno2.jpg 320w\" sizes=\"(max-width: 300px) 100vw, 300px\" \/><\/p>\n<p><span style=\"color: #0000ff;\"><strong><u>Horario de atenci\u00f3n<\/u><\/strong><\/span><br \/>\n<strong><u><br \/>\n<\/u><\/strong> lunes a viernes de \u00a08:15 a.m. a 3:15 p.m.<br \/>\nEmail: biblio@lamolina.edu.pe<\/p>\n","protected":false},"excerpt":{"rendered":"<p>A trav\u00e9s de este servicio el personal de la Sala Biblioteca Virtual y B\u00fasqueda Especializada\u00a0 ofrece a los usuarios apoyo en el uso y manejo de los recursos de informaci\u00f3n, contenidos en el cat\u00e1logo de la biblioteca, biblioteca virtual, libros electr\u00f3nicos, bases de datos, revistas electr\u00f3nicas, CD, DVD y\u00a0v\u00eddeos. Si usted. requiere de Asistencia Tecnol\u00f3gica &hellip;<\/p>\n","protected":false},"author":1,"featured_media":0,"parent":0,"menu_order":0,"comment_status":"closed","ping_status":"closed","template":"","meta":{"footnotes":""},"_links":{"self":[{"href":"https:\/\/tumi.lamolina.edu.pe\/bvbe\/index.php\/wp-json\/wp\/v2\/pages\/79"}],"collection":[{"href":"https:\/\/tumi.lamolina.edu.pe\/bvbe\/index.php\/wp-json\/wp\/v2\/pages"}],"about":[{"href":"https:\/\/tumi.lamolina.edu.pe\/bvbe\/index.php\/wp-json\/wp\/v2\/types\/page"}],"author":[{"embeddable":true,"href":"https:\/\/tumi.lamolina.edu.pe\/bvbe\/index.php\/wp-json\/wp\/v2\/users\/1"}],"replies":[{"embeddable":true,"href":"https:\/\/tumi.lamolina.edu.pe\/bvbe\/index.php\/wp-json\/wp\/v2\/comments?post=79"}],"version-history":[{"count":6,"href":"https:\/\/tumi.lamolina.edu.pe\/bvbe\/index.php\/wp-json\/wp\/v2\/pages\/79\/revisions"}],"predecessor-version":[{"id":3135,"href":"https:\/\/tumi.lamolina.edu.pe\/bvbe\/index.php\/wp-json\/wp\/v2\/pages\/79\/revisions\/3135"}],"wp:attachment":[{"href":"https:\/\/tumi.lamolina.edu.pe\/bvbe\/index.php\/wp-json\/wp\/v2\/media?parent=79"}],"curies":[{"name":"wp","href":"https:\/\/api.w.org\/{rel}","templated":true}]}}