
{"id":64,"date":"2016-08-05T15:34:17","date_gmt":"2016-08-05T15:34:17","guid":{"rendered":"http:\/\/bvbe1.compuwebperu.com\/bvbe\/?page_id=64"},"modified":"2026-01-29T11:56:05","modified_gmt":"2026-01-29T16:56:05","slug":"serviciocapa","status":"publish","type":"page","link":"https:\/\/tumi.lamolina.edu.pe\/bvbe\/index.php\/serviciocapa\/","title":{"rendered":"Servicio de tallares de capacitaci\u00f3n en Base de Datos"},"content":{"rendered":"<ul style=\"list-style-type: square;\">\n<li><strong><span style=\"color: #0000ff;\">Talleres grupales de capacitaci\u00f3n<\/span><\/strong><\/li>\n<\/ul>\n<p style=\"text-align: justify;\">Los profesores de la UNALM pueden solicitar un taller de capacitaci\u00f3n para sus alumnos, en el horario de\u00a0\u00a0\u00a08:15 am. a 3:00 pm. de lunes\u00a0\u00a0a viernes. El\u00a0 taller de capacitaci\u00f3n tiene una duraci\u00f3n\u00a0\u00a0de dos horas en la cual se les explica todas la bases\u00a0\u00a0de datos que tiene la BAN.<\/p>\n<p style=\"text-align: justify;\">Para solicitar el\u00a0 taller\u00a0\u00a0de\u00a0 capacitaci\u00f3n el docente debe enviar \u00a0\u00a0una carta a <strong>la Direcci\u00f3n de la Biblioteca Agr\u00edcola Nacional <\/strong>\u00a0dirigido a la <strong>Lic. Nadia Granda Esterripa<\/strong><strong>,<\/strong><strong>\u00a0<\/strong><strong>Directora de la BAN <\/strong>solicitando un taller de capacitaci\u00f3n en el uso de las bases de datos de la BAN a sus alumnos de clase. indicando el d\u00eda, la hora y el n\u00famero de \u00a0alumnos que asistir\u00e1n.<\/p>\n<p>Los C\u00edrculos de Investigaci\u00f3n pueden solicitar un taller de\u00a0 capacitaci\u00f3n deben de enviar una carta a <strong>la Direcci\u00f3n de la Biblioteca Agr\u00edcola Nacional <\/strong>\u00a0dirigido a la <strong>Lic. Nadia Granda Esterripa<\/strong><strong>,\u00a0<\/strong><strong>Directora de la BAN, <\/strong>indicando el d\u00eda, la hora y el n\u00famero de \u00a0alumnos que asistir\u00e1n.<\/p>\n<p>Las capacitaciones puede ser presenciales o\u00a0 virtuales.<\/p>\n<ul style=\"list-style-type: square;\">\n<li style=\"text-align: justify;\"><strong><span style=\"color: #0000ff;\">Talleres\u00a0individuales<\/span> <span style=\"color: #0000ff;\">de capacitaci\u00f3n<\/span><\/strong><\/li>\n<\/ul>\n<p>Los talleres de capacitaci\u00f3n\u00a0 se dictan todos los d\u00edas de lunes a viernes hasta fin de ciclo, en el horario que se muestra. El taller de capacitaci\u00f3n tiene una duraci\u00f3n\u00a0 de una \u00a0hora \u00a0en la cual se les explica dos bases\u00a0 de datos por sesi\u00f3n.<\/p>\n<p>En caso que el usuario \u00a0no pueda en el horario indicado acercarse a la Sala de B\u00fasqueda Especializada para coordinar que d\u00eda y hora\u00a0 se le puede \u00a0brindar una \u00a0taller personalizado en el horario de 8:15 am. a 3:00 pm.<\/p>\n<p style=\"text-align: justify;\"><span style=\"color: #ff0000;\"><strong>Reserve su vacante para el taller de capacitaci\u00f3n. Registro virtual<\/strong><\/span><\/p>\n<p style=\"text-align: justify;\"><strong><span style=\"color: #0000ff;\">Ingresar al siguiente formulario para registrarse e indicar el d\u00eda que asistir\u00e1 al taller de capacitaci\u00f3n.\u00a0Reserve su vacante para el taller.<\/span><\/strong><\/p>\n<p><strong><span style=\"color: #0000ff;\">Registro de previo de \u00a0capacitaci\u00f3n,\u00a0<\/span><\/strong><span style=\"color: #0000ff;\"><strong>Ingrese a cualquiera\u00a0de\u00a0los siguientes enlaces:<\/strong><\/span><\/p>\n<p style=\"font-weight: 400;\"><strong>Link1<\/strong><strong><br \/>\n<\/strong><\/p>\n<p style=\"font-weight: 400;\"><span style=\"color: #0000ff;\"><a style=\"color: #0000ff;\" href=\"https:\/\/registropreviocapacitacion.blogspot.com\/\" data-saferedirecturl=\"https:\/\/www.google.com\/url?q=https:\/\/registropreviocapacitacion.blogspot.com\/&amp;source=gmail&amp;ust=1745331111016000&amp;usg=AOvVaw0G41K9WwAdNYX78dygDDYH\">https:\/\/registroprevioc pacitacion.blogspot.com\/<\/a><\/span><\/p>\n<p style=\"font-weight: 400;\">\u00f3<\/p>\n<p style=\"font-weight: 400;\"><strong>Link2<\/strong><\/p>\n<p style=\"font-weight: 400;\"><span style=\"color: #0000ff;\"><a style=\"color: #0000ff;\" href=\"http:\/\/tumi.lamolina.edu.pe\/bvbe\/index.php\/programacion-de-capacitaciones-2023\/\" data-saferedirecturl=\"https:\/\/www.google.com\/url?q=http:\/\/tumi.lamolina.edu.pe\/bvbe\/index.php\/programacion-de-capacitaciones-2023\/&amp;source=gmail&amp;ust=1745331111016000&amp;usg=AOvVaw2vssBe6hbvd5tbTPk9qZZr\">http:\/\/tumi.lamolina.edu.pe\/bvbe\/index.php\/programacion-de-capacitaciones-2023\/<\/a>\u00a0<\/span><\/p>\n<ul style=\"list-style-type: square;\">\n<li style=\"text-align: justify;\"><strong><span style=\"color: #0000ff;\">Talleres de capacitaci\u00f3n para visitantes de otras instituciones\u00a0<\/span><\/strong><\/li>\n<\/ul>\n<p style=\"text-align: justify;\">Para solicitar un\u00a0\u00a0taller\u00a0\u00a0de\u00a0\u00a0capacitaci\u00f3n la persona debe enviar \u00a0\u00a0una carta a\u00a0<strong>la Direcci\u00f3n de la Biblioteca Agr\u00edcola Nacional\u00a0<\/strong> dirigida a la<strong> Lic. Nadia Granda Esterripa,<\/strong><strong>\u00a0<\/strong><strong>Directora de la BAN <\/strong>solicitando un taller\u00a0de capacitaci\u00f3n en el uso de las bases de datos de la BAN. indicando el d\u00eda, la hora y el n\u00famero de personas que asistir\u00e1n.<\/p>\n<p style=\"text-align: justify;\">Los \u00a0talleres de capacitaci\u00f3n se dan en la Sala\u00a0 de capacitaciones el cual est\u00e1 equipada\u00a0\u00a0con 15 computadoras modernas con acceso a\u00a0\u00a0internet. El taller de capacitaci\u00f3n tiene una duraci\u00f3n\u00a0\u00a0de dos horas en la cual se les explica\u00a0 la bases\u00a0\u00a0de datos, en el horario de\u00a0\u00a0\u00a08:15 am. a 3:00 pm. de lunes\u00a0\u00a0a viernes.<\/p>\n<p><strong><span style=\"color: #0000ff;\">El certificado del taller de <span class=\"il\">capacitaci\u00f3n<\/span> de las Bases de Datos de la BAN<\/span> <\/strong>es opcional. El costo del certificado de la <span class=\"il\">capacitaci\u00f3n<\/span> es de S\/.20.00 soles\u00a0 la entrega del certificado\u00a0 es dentro de 10 d\u00edas o antes. El certificado de <span class=\"il\">capacitaci\u00f3n<\/span> de las Bases de Datos de la BAN sale a nombre de\u00a0 la UNALM.<\/p>\n<p style=\"text-align: justify;\">Para mayor informaci\u00f3n dirigirse a la\u00a0 Sala\u00a0 Biblioteca Virtual y B\u00fasqueda Especializada, ubicada en el primer piso del edificio tradicional de la BAN.<\/p>\n<p><span style=\"color: #0000ff;\"><strong>Horario de Atenci\u00f3n<\/strong><\/span><\/p>\n<p>Lunes\u00a0 a\u00a0 viernes de 8:15\u00a0 a 15:00 horas<\/p>\n<p>Sala\u00a0 Biblioteca Virtual y B\u00fasqueda Especializada<br \/>\nContacto:\u00a0 Ing. Enrique Davir\u00e1n<\/p>\n<p>P\u00e1gina web:\u00a0http:\/\/tumi.lamolina.edu.pe\/bvbe\/<\/p>\n<p>E-mail: biblio@lamolina.edu.pe<\/p>\n<p>BAN-UNALM<br \/>\nAnexo 110<\/p>\n","protected":false},"excerpt":{"rendered":"<p>Talleres grupales de capacitaci\u00f3n Los profesores de la UNALM pueden solicitar un taller de capacitaci\u00f3n para sus alumnos, en el horario de\u00a0\u00a0\u00a08:15 am. a 3:00 pm. de lunes\u00a0\u00a0a viernes. El\u00a0 taller de capacitaci\u00f3n tiene una duraci\u00f3n\u00a0\u00a0de dos horas en la cual se les explica todas la bases\u00a0\u00a0de datos que tiene la BAN. Para solicitar el\u00a0 &hellip;<\/p>\n","protected":false},"author":1,"featured_media":0,"parent":0,"menu_order":0,"comment_status":"closed","ping_status":"closed","template":"","meta":{"footnotes":""},"_links":{"self":[{"href":"https:\/\/tumi.lamolina.edu.pe\/bvbe\/index.php\/wp-json\/wp\/v2\/pages\/64"}],"collection":[{"href":"https:\/\/tumi.lamolina.edu.pe\/bvbe\/index.php\/wp-json\/wp\/v2\/pages"}],"about":[{"href":"https:\/\/tumi.lamolina.edu.pe\/bvbe\/index.php\/wp-json\/wp\/v2\/types\/page"}],"author":[{"embeddable":true,"href":"https:\/\/tumi.lamolina.edu.pe\/bvbe\/index.php\/wp-json\/wp\/v2\/users\/1"}],"replies":[{"embeddable":true,"href":"https:\/\/tumi.lamolina.edu.pe\/bvbe\/index.php\/wp-json\/wp\/v2\/comments?post=64"}],"version-history":[{"count":21,"href":"https:\/\/tumi.lamolina.edu.pe\/bvbe\/index.php\/wp-json\/wp\/v2\/pages\/64\/revisions"}],"predecessor-version":[{"id":3089,"href":"https:\/\/tumi.lamolina.edu.pe\/bvbe\/index.php\/wp-json\/wp\/v2\/pages\/64\/revisions\/3089"}],"wp:attachment":[{"href":"https:\/\/tumi.lamolina.edu.pe\/bvbe\/index.php\/wp-json\/wp\/v2\/media?parent=64"}],"curies":[{"name":"wp","href":"https:\/\/api.w.org\/{rel}","templated":true}]}}