
{"id":60,"date":"2016-08-05T15:04:24","date_gmt":"2016-08-05T15:04:24","guid":{"rendered":"http:\/\/bvbe1.compuwebperu.com\/bvbe\/?page_id=60"},"modified":"2026-02-19T21:19:54","modified_gmt":"2026-02-20T02:19:54","slug":"serviciobusqueda","status":"publish","type":"page","link":"https:\/\/tumi.lamolina.edu.pe\/bvbe\/index.php\/serviciobusqueda\/","title":{"rendered":"Servicio de B\u00fasqueda de Informaci\u00f3n"},"content":{"rendered":"<p>Se ofrece asesoramiento en informaci\u00f3n t\u00e9cnica, cient\u00edfica y comercial.Ofrece asesor\u00eda en b\u00fasqueda de informaci\u00f3n t\u00e9cnica cient\u00edfica y comercial a usuarios presenciales y virtuales en temas relacionados a las ciencias agrarias y otras disciplinas<\/p>\n<p><strong><span style=\"color: #0000ff;\">&#8211; Servicio de B\u00fasqueda de Informaci\u00f3n Especializada.<\/span><\/strong><\/p>\n<p>Es un servicio de pago.<\/p>\n<p>A nivel local, nacional e internacional.<\/p>\n<p>La b\u00fasqueda de\u00a0 informaci\u00f3n se realiza en base de datos suscritas, no suscritas y en internet.<\/p>\n<p>La b\u00fasqueda es por tema y tiene un costo de S\/. 15.00 soles.<\/p>\n<p>Se realiza un pago de S\/.5.00 soles para iniciar la b\u00fasqueda y posteriormente los 10.00 soles restante.<\/p>\n<p><strong>Importante:<\/strong><\/p>\n<p><strong>Envi\u00e9 el formulario con su tema de b\u00fasqueda y se le comunicar\u00e1 para hacer el pago<\/strong>.<\/p>\n<p>Solicitar el servicio de \u00a0Informaci\u00f3n Especializada al siguiente correo:<\/p>\n<p>Email:\u00a0\u00a0biblio@lamolina.edu.pe<\/p>\n<p><iframe loading=\"lazy\" src=\"https:\/\/docs.google.com\/forms\/d\/e\/1FAIpQLSf0bxEQzJI8HEB_x_W6HghsuZZlVo6zLDori6zIJ9sjcLdpRw\/viewform?embedded=true\" width=\"550\" height=\"550\" frameborder=\"0\" marginwidth=\"0\" marginheight=\"0\">Cargando\u2026<\/iframe><\/p>\n","protected":false},"excerpt":{"rendered":"<p>Se ofrece asesoramiento en informaci\u00f3n t\u00e9cnica, cient\u00edfica y comercial.Ofrece asesor\u00eda en b\u00fasqueda de informaci\u00f3n t\u00e9cnica cient\u00edfica y comercial a usuarios presenciales y virtuales en temas relacionados a las ciencias agrarias y otras disciplinas &#8211; Servicio de B\u00fasqueda de Informaci\u00f3n Especializada. Es un servicio de pago. A nivel local, nacional e internacional. La b\u00fasqueda de\u00a0 informaci\u00f3n &hellip;<\/p>\n","protected":false},"author":1,"featured_media":0,"parent":0,"menu_order":0,"comment_status":"closed","ping_status":"closed","template":"","meta":{"footnotes":""},"_links":{"self":[{"href":"https:\/\/tumi.lamolina.edu.pe\/bvbe\/index.php\/wp-json\/wp\/v2\/pages\/60"}],"collection":[{"href":"https:\/\/tumi.lamolina.edu.pe\/bvbe\/index.php\/wp-json\/wp\/v2\/pages"}],"about":[{"href":"https:\/\/tumi.lamolina.edu.pe\/bvbe\/index.php\/wp-json\/wp\/v2\/types\/page"}],"author":[{"embeddable":true,"href":"https:\/\/tumi.lamolina.edu.pe\/bvbe\/index.php\/wp-json\/wp\/v2\/users\/1"}],"replies":[{"embeddable":true,"href":"https:\/\/tumi.lamolina.edu.pe\/bvbe\/index.php\/wp-json\/wp\/v2\/comments?post=60"}],"version-history":[{"count":22,"href":"https:\/\/tumi.lamolina.edu.pe\/bvbe\/index.php\/wp-json\/wp\/v2\/pages\/60\/revisions"}],"predecessor-version":[{"id":3092,"href":"https:\/\/tumi.lamolina.edu.pe\/bvbe\/index.php\/wp-json\/wp\/v2\/pages\/60\/revisions\/3092"}],"wp:attachment":[{"href":"https:\/\/tumi.lamolina.edu.pe\/bvbe\/index.php\/wp-json\/wp\/v2\/media?parent=60"}],"curies":[{"name":"wp","href":"https:\/\/api.w.org\/{rel}","templated":true}]}}