
{"id":6,"date":"2016-07-25T20:26:00","date_gmt":"2016-07-25T20:26:00","guid":{"rendered":"http:\/\/bvbe1.compuwebperu.com\/bvbe\/?page_id=6"},"modified":"2016-10-09T11:41:13","modified_gmt":"2016-10-09T16:41:13","slug":"nosotros","status":"publish","type":"page","link":"https:\/\/tumi.lamolina.edu.pe\/bvbe\/index.php\/nosotros\/","title":{"rendered":"About Us"},"content":{"rendered":"<p style=\"text-align: justify;\">El 23 de octubre de 1998 se inaugur\u00f3 \u00a0formalmente la\u00a0<span style=\"color: #0000ff;\"><strong>Oficina de B\u00fasqueda de Informaci\u00f3n Especializada<\/strong><\/span>,\u00a0ubicada en el cuarto piso de la Biblioteca Agr\u00edcola Nacional, esta oficina estuvo a cargo por tres Bachilleres de ingenier\u00eda de\u00a0 industrias alimentarias de la Facultad de Industrias Alimentarias de la Universidad Nacional Agraria la Molina.<\/p>\n<p style=\"text-align: justify;\">La\u00a0<span style=\"color: #0000ff;\"><strong>Oficina de B\u00fasqueda de Informaci\u00f3n Especializada<\/strong><\/span>\u00a0se cre\u00f3 con la finalidad de brindar el servicio de asesor\u00eda y b\u00fasqueda de\u00a0 formaci\u00f3n t\u00e9cnica, cient\u00edfica y comercial \u00a0a la comunidad universitaria\u00a0 y p\u00fablico general a nivel nacional e internacional, en\u00a0temas relacionados a las ciencias agrarias y otras disciplinas. \u00a0<span style=\"color: #0000ff;\"><strong>La<\/strong>\u00a0<strong>Oficina \u00a0 de B\u00fasqueda de \u00a0Informaci\u00f3n \u00a0Especializada<\/strong><\/span>\u00a0 depend\u00eda\u00a0\u00a0 directamente de la Direcci\u00f3n General de la Biblioteca Agr\u00edcola Nacional. En el a\u00f1o 2004 cambia de nombre a\u00a0<span style=\"color: #0000ff;\"><strong>Oficina de \u00a0Informaci\u00f3n Especializada<\/strong><strong>.<\/strong><\/span><\/p>\n<p style=\"text-align: justify;\">A partir de junio de 2011 por orden de la Direcci\u00f3n General de la Biblioteca Agr\u00edcola Nacional<strong>.\u00a0<\/strong>La<strong>\u00a0<\/strong><span style=\"color: #0000ff;\"><strong>Oficina de \u00a0Informaci\u00f3n Especializada<\/strong><\/span>\u00a0se traslada y\u00a0 toma el nombre de<span style=\"color: #0000ff;\">\u00a0<strong>Sala de Referencia Especializada.<\/strong><\/span><\/p>\n<p style=\"text-align: justify;\">En el a\u00f1o 2013, la\u00a0<span style=\"color: #0000ff;\"><strong>Sala de Referencia Especializada<\/strong><\/span>\u00a0toma el nombre de\u00a0<strong><span style=\"color: #0000ff;\">Sala Virtual y B\u00fasqueda Especializada (BVBE)<\/span>.<\/strong><\/p>\n<p style=\"text-align: justify;\">Durante estos 18 a\u00f1os \u00a0de existencia, desde su inicio como\u00a0<strong><span style=\"color: #0000ff;\">Oficina de B\u00fasqueda de Informaci\u00f3n Especializada<\/span>,<\/strong><strong>\u00a0<\/strong>\u00a0los servicios ofrecidos han \u00a0evolucionado de acuerdo al avance tecnol\u00f3gico \u00a0tanto a nivel presencial y virtual.<\/p>\n<p style=\"text-align: justify;\">La\u00a0<strong><span style=\"color: #0000ff;\">Sala Biblioteca Virtual y B\u00fasqueda Especializada (BVBE)<\/span>.<\/strong>\u00a0Realiza charlas de capacitaci\u00f3n a los usuarios en el uso de las bases de datos especializadas y tiene un ambiente exclusivo destinado a la Biblioteca Virtual que cuenta con libros electr\u00f3nicos.<\/p>\n<p style=\"text-align: justify;\">Contamos con un\u00a0centro de pr\u00e1cticas tecnol\u00f3gicas con computadora modernas para facilitar a los docentes y alumnos el uso de \u00a0las TIC en \u00a0la investigaci\u00f3n, competencias digitales y \u00a0brindando diferentes cursos.<\/p>\n","protected":false},"excerpt":{"rendered":"<p>El 23 de octubre de 1998 se inaugur\u00f3 \u00a0formalmente la\u00a0Oficina de B\u00fasqueda de Informaci\u00f3n Especializada,\u00a0ubicada en el cuarto piso de la Biblioteca Agr\u00edcola Nacional, esta oficina estuvo a cargo por tres Bachilleres de ingenier\u00eda de\u00a0 industrias alimentarias de la Facultad de Industrias Alimentarias de la Universidad Nacional Agraria la Molina. La\u00a0Oficina de B\u00fasqueda de Informaci\u00f3n &hellip;<\/p>\n","protected":false},"author":1,"featured_media":0,"parent":0,"menu_order":0,"comment_status":"closed","ping_status":"closed","template":"","meta":{"footnotes":""},"_links":{"self":[{"href":"https:\/\/tumi.lamolina.edu.pe\/bvbe\/index.php\/wp-json\/wp\/v2\/pages\/6"}],"collection":[{"href":"https:\/\/tumi.lamolina.edu.pe\/bvbe\/index.php\/wp-json\/wp\/v2\/pages"}],"about":[{"href":"https:\/\/tumi.lamolina.edu.pe\/bvbe\/index.php\/wp-json\/wp\/v2\/types\/page"}],"author":[{"embeddable":true,"href":"https:\/\/tumi.lamolina.edu.pe\/bvbe\/index.php\/wp-json\/wp\/v2\/users\/1"}],"replies":[{"embeddable":true,"href":"https:\/\/tumi.lamolina.edu.pe\/bvbe\/index.php\/wp-json\/wp\/v2\/comments?post=6"}],"version-history":[{"count":8,"href":"https:\/\/tumi.lamolina.edu.pe\/bvbe\/index.php\/wp-json\/wp\/v2\/pages\/6\/revisions"}],"predecessor-version":[{"id":301,"href":"https:\/\/tumi.lamolina.edu.pe\/bvbe\/index.php\/wp-json\/wp\/v2\/pages\/6\/revisions\/301"}],"wp:attachment":[{"href":"https:\/\/tumi.lamolina.edu.pe\/bvbe\/index.php\/wp-json\/wp\/v2\/media?parent=6"}],"curies":[{"name":"wp","href":"https:\/\/api.w.org\/{rel}","templated":true}]}}