
{"id":52,"date":"2016-08-05T14:03:58","date_gmt":"2016-08-05T14:03:58","guid":{"rendered":"http:\/\/bvbe1.compuwebperu.com\/bvbe\/?page_id=52"},"modified":"2026-03-30T14:19:04","modified_gmt":"2026-03-30T19:19:04","slug":"serviciolinea","status":"publish","type":"page","link":"https:\/\/tumi.lamolina.edu.pe\/bvbe\/index.php\/serviciolinea\/","title":{"rendered":"Servicio en L\u00ednea"},"content":{"rendered":"<p><span style=\"color: #0000ff;\"><strong>Asesor\u00eda de Informaci\u00f3n en Tiempo Real <\/strong><\/span><\/p>\n<p>El servicio\u00a0 de atenci\u00f3n es por\u00a0 Google Meet, e-mail, formulario electr\u00f3nico y por\u00a0 tel\u00e9fono.<\/p>\n<ul style=\"list-style-type: square;\">\n<li style=\"list-style-type: none;\">\n<ul style=\"list-style-type: square;\">\n<li><a href=\"https:\/\/meet.google.com\/ikj-orjk-xad\"><img loading=\"lazy\" decoding=\"async\" class=\"alignnone  wp-image-3131\" src=\"http:\/\/tumi.lamolina.edu.pe\/bvbe\/wp-content\/uploads\/2026\/03\/google-meet.png\" alt=\"\" width=\"46\" height=\"46\" srcset=\"https:\/\/tumi.lamolina.edu.pe\/bvbe\/wp-content\/uploads\/2026\/03\/google-meet.png 320w, https:\/\/tumi.lamolina.edu.pe\/bvbe\/wp-content\/uploads\/2026\/03\/google-meet-300x300.png 300w, https:\/\/tumi.lamolina.edu.pe\/bvbe\/wp-content\/uploads\/2026\/03\/google-meet-150x150.png 150w\" sizes=\"(max-width: 46px) 100vw, 46px\" \/><\/a><\/li>\n<li>E-mail: <a href=\"mailto:biblio@lamolina.edu.pe\">biblio@lamolina.edu.pe<\/a><\/li>\n<li><a href=\"https:\/\/docs.google.com\/forms\/d\/e\/1FAIpQLSdwShGvsM3xJ4Oye-UGtyWOSXsr9rtrUeXj_6kFTO6EMKNcyw\/viewform\">Formulario electr\u00f3nico v\u00eda p\u00e1gina web<\/a><\/li>\n<li>Tel\u00e9fono: 511- 6147138<\/li>\n<\/ul>\n<\/li>\n<\/ul>\n<ul>\n<li style=\"list-style-type: none;\">\n<ul>\n<li style=\"list-style-type: none;\">\n<ul>\n<li style=\"list-style-type: none;\">\n<ul>\n<li style=\"list-style-type: none;\"><\/li>\n<\/ul>\n<\/li>\n<\/ul>\n<\/li>\n<\/ul>\n<\/li>\n<\/ul>\n<p style=\"text-align: justify;\">\n<p><strong>\u00a0<\/strong><\/p>\n","protected":false},"excerpt":{"rendered":"<p>Asesor\u00eda de Informaci\u00f3n en Tiempo Real El servicio\u00a0 de atenci\u00f3n es por\u00a0 Google Meet, e-mail, formulario electr\u00f3nico y por\u00a0 tel\u00e9fono. E-mail: biblio@lamolina.edu.pe Formulario electr\u00f3nico v\u00eda p\u00e1gina web Tel\u00e9fono: 511- 6147138 \u00a0<\/p>\n","protected":false},"author":1,"featured_media":0,"parent":0,"menu_order":0,"comment_status":"closed","ping_status":"closed","template":"","meta":{"footnotes":""},"_links":{"self":[{"href":"https:\/\/tumi.lamolina.edu.pe\/bvbe\/index.php\/wp-json\/wp\/v2\/pages\/52"}],"collection":[{"href":"https:\/\/tumi.lamolina.edu.pe\/bvbe\/index.php\/wp-json\/wp\/v2\/pages"}],"about":[{"href":"https:\/\/tumi.lamolina.edu.pe\/bvbe\/index.php\/wp-json\/wp\/v2\/types\/page"}],"author":[{"embeddable":true,"href":"https:\/\/tumi.lamolina.edu.pe\/bvbe\/index.php\/wp-json\/wp\/v2\/users\/1"}],"replies":[{"embeddable":true,"href":"https:\/\/tumi.lamolina.edu.pe\/bvbe\/index.php\/wp-json\/wp\/v2\/comments?post=52"}],"version-history":[{"count":26,"href":"https:\/\/tumi.lamolina.edu.pe\/bvbe\/index.php\/wp-json\/wp\/v2\/pages\/52\/revisions"}],"predecessor-version":[{"id":3134,"href":"https:\/\/tumi.lamolina.edu.pe\/bvbe\/index.php\/wp-json\/wp\/v2\/pages\/52\/revisions\/3134"}],"wp:attachment":[{"href":"https:\/\/tumi.lamolina.edu.pe\/bvbe\/index.php\/wp-json\/wp\/v2\/media?parent=52"}],"curies":[{"name":"wp","href":"https:\/\/api.w.org\/{rel}","templated":true}]}}