
{"id":502,"date":"2016-09-30T11:00:25","date_gmt":"2016-09-30T16:00:25","guid":{"rendered":"http:\/\/bvbe1.compuwebperu.com\/bvbe\/?page_id=502"},"modified":"2018-06-01T12:38:41","modified_gmt":"2018-06-01T17:38:41","slug":"adobe-photoshop","status":"publish","type":"page","link":"https:\/\/tumi.lamolina.edu.pe\/bvbe\/index.php\/adobe-photoshop\/","title":{"rendered":"Adobe Photoshop"},"content":{"rendered":"<h3 style=\"text-align: center;\"><span style=\"color: #0000ff; font-family: 'arial black', sans-serif;\"><strong><u>CURSO B\u00c1SICO DE ADOBE PHOTOSHOP\u00a0<\/u><\/strong><\/span><\/h3>\n<p style=\"text-align: center;\"><span style=\"color: #000000;\"><strong><span style=\"font-family: 'arial black', sans-serif;\"><em>Inicio: 2 de Junio 2018<\/em><\/span><\/strong><\/span><\/p>\n<p><span style=\"color: #000000;\"><strong><span style=\"font-family: 'arial black', sans-serif;\"><em>\u00a0 \u00a0 \u00a0 \u00a0 \u00a0 \u00a0 \u00a0 \u00a0 \u00a0 \u00a0 \u00a0 \u00a0 \u00a0 \u00a0 \u00a0 \u00a0 \u00a0 \u00a0 \u00a0 \u00a0 \u00a0 \u00a0 \u00a0 \u00a0 \u00a0 \u00a0 \u00a0 \u00a0 \u00a0 \u00a0 \u00a0 \u00a0 \u00a0 \u00a0 \u00a0 \u00a0 \u00a0 \u00a0 \u00a0 \u00a0 \u00a0 \u00a0 \u00a0 \u00a0 \u00a0 \u00a0 \u00a0 \u00a0 \u00a0 \u00a0 \u00a0 \u00a0 \u00a0 \u00a0 \u00a0 Inicio: 4 de Junio 2018<\/em><\/span><\/strong><\/span><\/p>\n<p>Facilitador: Renzo Manuel Bruno Buleje Cancho<\/p>\n<p>E-mail: \u00a0 \u00a0<a href=\"mailto:rbuleje@lamolina.edu.pe\">rbuleje@lamolina.edu.pe<\/a><\/p>\n<p><img loading=\"lazy\" decoding=\"async\" class=\"wp-image-2255 aligncenter\" src=\"http:\/\/tumi.lamolina.edu.pe\/bvbe\/wp-content\/uploads\/2018\/05\/5.1.png\" alt=\"\" width=\"515\" height=\"364\" srcset=\"https:\/\/tumi.lamolina.edu.pe\/bvbe\/wp-content\/uploads\/2018\/05\/5.1.png 1200w, https:\/\/tumi.lamolina.edu.pe\/bvbe\/wp-content\/uploads\/2018\/05\/5.1-300x212.png 300w, https:\/\/tumi.lamolina.edu.pe\/bvbe\/wp-content\/uploads\/2018\/05\/5.1-768x543.png 768w, https:\/\/tumi.lamolina.edu.pe\/bvbe\/wp-content\/uploads\/2018\/05\/5.1-1024x724.png 1024w\" sizes=\"(max-width: 515px) 100vw, 515px\" \/><\/p>\n<p>&nbsp;<\/p>\n<p>&nbsp;<\/p>\n<p><span style=\"color: #0000ff;\"><strong>1. INTRODUCCI\u00d3N.<\/strong><\/span><\/p>\n<p>Es un programa utilizado para armar, editar, componer, retocar y transformar im\u00e1genes.<\/p>\n<p style=\"text-align: justify;\">Su gran facilidad para crear y manejar distintas capas superpuestas, nos permite combinar distintos objetos y efectos sin necesidad de modificar la imagen original como una superposici\u00f3n de transparencia, podemos corregir la imagen completa o solo una parte de ella, por ejemplo:<\/p>\n<p>Subir el brillo de alg\u00fan rostro que aparece oscuro o cambiar la tonalidad de la imagen para transformar un d\u00eda nublado en un d\u00eda de sol.<\/p>\n<p><span style=\"color: #0000ff;\"><strong>2. OBJETIVOS.\u00a0<\/strong><\/span><\/p>\n<ul>\n<li>Conocer de la forma m\u00e1s sencilla, c\u00f3moda y pr\u00e1ctica el programa de retoque fotogr\u00e1fico por excelencia.<\/li>\n<li>Comenzar con los conceptos b\u00e1sicos de Photoshop y reconocer las diferentes partes del \u00e1rea<\/li>\n<li>de trabajo, manejando las diferentes herramientas que lo componen.<\/li>\n<li>Saber usar con soltura los diferentes modos de color y su conversi\u00f3n, as\u00ed como ajustar\u00e1 la mezcla y equilibrio de colores creando y aplicando rellenos, y por supuesto, podr\u00e1 ajustar los niveles de una imagen, modificarle el tono, borrarle selectivamente \u00e1reas de la imagen, a\u00f1adirle y editar texto sobre la imagen, enfocarla y desenfocarla.<\/li>\n<li>Lograr realizar una selecci\u00f3n, editarla y efectuar diversas transformaciones.<\/li>\n<li>Saber interpretar y utilizar los canales y capas, y conocer todo el abanico de posibilidades que tiene la aplicaci\u00f3n de diversos filtros a las im\u00e1genes.<\/li>\n<\/ul>\n<p>&nbsp;<\/p>\n<p><span style=\"color: #0000ff;\"><strong>3. CONTENIDO DEL CURSO.<\/strong><\/span><\/p>\n<p><strong>\u00a0<\/strong>-\u00bfQu\u00e9 es adobe photoshop?<\/p>\n<p>.Definici\u00f3n: Es un programa de edici\u00f3n de im\u00e1genes. Est\u00e1 destinado para la edici\u00f3n, retoque fotogr\u00e1fico y pintura a base de im\u00e1genes.<\/p>\n<p>-\u00bfC\u00f3mo ingresamos a photoshop?<\/p>\n<p>Elija: inicio, todos los programas, adobe collection cs6 y adobe photoshop.<\/p>\n<p>-\u00bfC\u00f3mo abrir una foto grabada?<\/p>\n<p>Elija men\u00fa: archivo, abrir o pulse CTRL + 0<\/p>\n<p>-\u00bfPara qu\u00e9 sirve cada herramienta?<\/p>\n<p>En esta parte se mencionar\u00e1 la funci\u00f3n de cada herramienta.<\/p>\n<p>-\u00bfC\u00f3mo borro el fondo de una imagen?<\/p>\n<p>Usando la herramienta lazo(poligonal, magn\u00e9tico) y tambi\u00e9n se puede usar la herramienta de selecci\u00f3n r\u00e1pida o varita m\u00e1gica.<\/p>\n<p>-\u00bfC\u00f3mo le pongo un fondo a mi foto?<\/p>\n<p>Eliminas el fondo con la herramienta varita m\u00e1gica y copias un fondo que deseas a tu foto.<\/p>\n<p>-\u00bfC\u00f3mo duplico una capa?<\/p>\n<p>CTRL + J<\/p>\n<p>-\u00bfC\u00f3mo voltear, deformar y distorsionar una imagen?<\/p>\n<p>Voltear: CTRL + T<\/p>\n<p>Deformar: Clic derecho y deformar<\/p>\n<p>Distorsionar: Clic derecho y distorsionar<\/p>\n<p>-\u00bfC\u00f3mo le pongo brillo, saturaci\u00f3n, etc a una imagen?<\/p>\n<p>Elija men\u00fa: Imagen, ajustes y vera las siguientes opciones.<\/p>\n<p>-\u00bfC\u00f3mo cambio el tama\u00f1o de la imagen y del lienzo?<\/p>\n<p>Elija men\u00fa: imagen, tama\u00f1o de imagen o tama\u00f1o de lienzo<\/p>\n<p>-\u00bfC\u00f3mo elimino algo que no me gusta de mi foto?<\/p>\n<p>Selecciono la parte que no me gusta y pongo suprimir.<\/p>\n<p>&nbsp;<\/p>\n<p><span style=\"color: #0000ff;\"><strong>4. METODOLOG\u00cdA DEL CURSO.<\/strong><\/span><\/p>\n<p><strong>\u00a0<\/strong>El curso se desarrollar\u00e1 utilizando el m\u00e9todo expositivo, demostrativo, con din\u00e1mica grupal, procedi\u00e9ndose al desarrollo de aplicaciones pr\u00e1cticas de forma inmediata.<\/p>\n<p>A los alumnos se les proporcionar\u00e1 separatas del curso en forma digital que les servir\u00e1n\u00a0 como material de apoyo y de\u00a0 consulta.<\/p>\n<p>&nbsp;<\/p>\n<p><span style=\"color: #0000ff;\"><strong>5. EVALUACI\u00d3N.<\/strong><\/span><\/p>\n<p><strong>\u00a0<\/strong>Para la\u00a0 evaluaci\u00f3n del curso se tomara en cuenta la participaci\u00f3n en clase del alumno y un trabajo encargado para aprobar el curso.<\/p>\n<p>&nbsp;<\/p>\n<p><span style=\"color: #0000ff;\"><strong>6. HORARIO.<\/strong><\/span><\/p>\n<p><strong>De lunes a viernes<\/strong><\/p>\n<p>Curso Adobe Photoshop nivel: (b\u00e1sico)<\/p>\n<p>Inicio: 4, 6 y 8 de junio<\/p>\n<p>Duraci\u00f3n: 6 horas:3 sesiones por d\u00eda de 2 horas<\/p>\n<p>Horario: lunes mi\u00e9rcoles y viernes de 4:00 pm a 6:00 pm<\/p>\n<p>Formador: Renzo Manuel Bruno Buleje Cancho<\/p>\n<p><strong>S\u00e1bados<\/strong><\/p>\n<p>Curso Adobe Photoshop. nivel: (b\u00e1sico)<\/p>\n<p>Inicio: 2 junio\u00a0 y 9 junio<\/p>\n<p>Duraci\u00f3n: 6 horas:2 sesiones por d\u00eda de 3 horas<\/p>\n<p>Horario: s\u00e1bado de 9:00 am a 12:00 m<\/p>\n<p>&nbsp;<\/p>\n<p><span style=\"color: #0000ff;\"><strong>7. INVERSI\u00d3N DEL CURSO<\/strong><strong>:<\/strong><\/span><\/p>\n<p>La inversi\u00f3n es de \u00a0S\/. 65.00 soles \u00a0el pago incluye el \u00a0certificado del curso a nombre de la Universidad Nacional Agraria \u00a0la Molina \u00a0(UNALM).<\/p>\n<p>&nbsp;<\/p>\n<div><span style=\"color: #0000ff;\"><b><b>8.\u00a0<\/b><\/b><strong>FORMAS DE REALIZAR EL PAGO:<\/strong><\/span><b><b><br \/>\n<\/b><\/b><\/div>\n<p><b>1.\u00a0 Dentro de la BAN<\/b><\/p>\n<p>Acercarse a la\u00a0 Sala\u00a0 de B\u00fasqueda Especializada, ubicada\u00a0 en el\u00a0 primer piso del edificio 1 de la BAN (local tradicional), llenar una ficha de inscripci\u00f3n y\u00a0 realizar el <span class=\"m_-1697069608475094337gmail-m_-6629885284591302526gmail-m_-9189169609069246762gmail-m_-1131884468513909315gmail-m_-4643097042687744133gmail-m_-1847922917946633707gmail-il\"><span class=\"m_-1697069608475094337gmail-m_-6629885284591302526gmail-m_-9189169609069246762gmail-m_-1131884468513909315gmail-m_-4643097042687744133gmail-il\"><span class=\"m_-1697069608475094337gmail-m_-6629885284591302526gmail-il\"><span class=\"m_-1697069608475094337gmail-il\">pago<\/span><\/span><\/span><\/span>.<\/p>\n<p><b>2.\u00a0 Fuera de la BAN<\/b><\/p>\n<div>\n<div><span class=\"m_-1697069608475094337gmail-m_-6629885284591302526gmail-m_-9189169609069246762gmail-m_-1131884468513909315gmail-m_-4643097042687744133gmail-m_-1847922917946633707gmail-m_-3828213542142721687gmail-m_2736340704237167879gmail-m_6958706828781339784gmail-m_-175917154184560702gmail-m_-389359311359964784gmail-m_2323029468078726944gmail-m_7996902924661770446gmail-m_3798969786937845399gmail-m_5206421067264491583gmail-il\">El<\/span> <span class=\"m_-1697069608475094337gmail-m_-6629885284591302526gmail-m_-9189169609069246762gmail-m_-1131884468513909315gmail-m_-4643097042687744133gmail-m_-1847922917946633707gmail-m_-3828213542142721687gmail-m_2736340704237167879gmail-m_6958706828781339784gmail-m_-175917154184560702gmail-m_-389359311359964784gmail-m_2323029468078726944gmail-m_7996902924661770446gmail-m_3798969786937845399gmail-m_5206421067264491583gmail-il\"><span class=\"m_-1697069608475094337gmail-m_-6629885284591302526gmail-m_-9189169609069246762gmail-m_-1131884468513909315gmail-m_-4643097042687744133gmail-m_-1847922917946633707gmail-il\"><span class=\"m_-1697069608475094337gmail-m_-6629885284591302526gmail-m_-9189169609069246762gmail-m_-1131884468513909315gmail-m_-4643097042687744133gmail-il\"><span class=\"m_-1697069608475094337gmail-m_-6629885284591302526gmail-il\"><span class=\"m_-1697069608475094337gmail-il\">pago<\/span><\/span><\/span><\/span><\/span> se tiene que realizar en <span class=\"m_-1697069608475094337gmail-m_-6629885284591302526gmail-m_-9189169609069246762gmail-m_-1131884468513909315gmail-m_-4643097042687744133gmail-m_-1847922917946633707gmail-m_-3828213542142721687gmail-m_2736340704237167879gmail-m_6958706828781339784gmail-m_-175917154184560702gmail-m_-389359311359964784gmail-m_2323029468078726944gmail-m_7996902924661770446gmail-m_3798969786937845399gmail-m_5206421067264491583gmail-il\">el<\/span> <span class=\"m_-1697069608475094337gmail-m_-6629885284591302526gmail-m_-9189169609069246762gmail-m_-1131884468513909315gmail-m_-4643097042687744133gmail-m_-1847922917946633707gmail-m_-3828213542142721687gmail-m_2736340704237167879gmail-m_6958706828781339784gmail-m_-175917154184560702gmail-m_-389359311359964784gmail-m_2323029468078726944gmail-m_7996902924661770446gmail-m_3798969786937845399gmail-m_5206421067264491583gmail-il\">Banco<\/span> de <span class=\"m_-1697069608475094337gmail-m_-6629885284591302526gmail-m_-9189169609069246762gmail-m_-1131884468513909315gmail-m_-4643097042687744133gmail-m_-1847922917946633707gmail-m_-3828213542142721687gmail-m_2736340704237167879gmail-m_6958706828781339784gmail-m_-175917154184560702gmail-m_-389359311359964784gmail-m_2323029468078726944gmail-m_7996902924661770446gmail-m_3798969786937845399gmail-m_5206421067264491583gmail-il\">Cr\u00e9dito<\/span> del Per\u00fa.<\/p>\n<\/div>\n<div><span class=\"m_-1697069608475094337gmail-m_-6629885284591302526gmail-m_-9189169609069246762gmail-m_-1131884468513909315gmail-m_-4643097042687744133gmail-m_-1847922917946633707gmail-m_-3828213542142721687gmail-m_2736340704237167879gmail-m_6958706828781339784gmail-m_-175917154184560702gmail-m_-389359311359964784gmail-il\">Cuenta<\/span>: Corriente en soles. N\u00b0 191-0031059-0-26<\/p>\n<\/div>\n<p>A\u00a0 nombre de la Fundaci\u00f3n para <span class=\"m_-1697069608475094337gmail-m_-6629885284591302526gmail-m_-9189169609069246762gmail-m_-1131884468513909315gmail-m_-4643097042687744133gmail-m_-1847922917946633707gmail-m_-3828213542142721687gmail-m_2736340704237167879gmail-m_6958706828781339784gmail-m_-175917154184560702gmail-m_-389359311359964784gmail-m_2323029468078726944gmail-m_7996902924661770446gmail-m_3798969786937845399gmail-m_5206421067264491583gmail-il\">el<\/span> Desarrollo Agrario.<\/div>\n<div>\n<b>Una vez realizado\u00a0 <span class=\"m_-1697069608475094337gmail-m_-6629885284591302526gmail-m_-9189169609069246762gmail-m_-1131884468513909315gmail-m_-4643097042687744133gmail-m_-1847922917946633707gmail-m_-3828213542142721687gmail-m_2736340704237167879gmail-m_6958706828781339784gmail-m_-175917154184560702gmail-m_-389359311359964784gmail-m_2323029468078726944gmail-m_7996902924661770446gmail-m_3798969786937845399gmail-m_5206421067264491583gmail-il\">el<\/span> <span class=\"m_-1697069608475094337gmail-m_-6629885284591302526gmail-m_-9189169609069246762gmail-m_-1131884468513909315gmail-m_-4643097042687744133gmail-m_-1847922917946633707gmail-m_-3828213542142721687gmail-m_2736340704237167879gmail-m_6958706828781339784gmail-m_-175917154184560702gmail-m_-389359311359964784gmail-m_2323029468078726944gmail-m_7996902924661770446gmail-m_3798969786937845399gmail-m_5206421067264491583gmail-il\"><span class=\"m_-1697069608475094337gmail-m_-6629885284591302526gmail-m_-9189169609069246762gmail-m_-1131884468513909315gmail-m_-4643097042687744133gmail-m_-1847922917946633707gmail-il\"><span class=\"m_-1697069608475094337gmail-m_-6629885284591302526gmail-m_-9189169609069246762gmail-m_-1131884468513909315gmail-m_-4643097042687744133gmail-il\"><span class=\"m_-1697069608475094337gmail-m_-6629885284591302526gmail-il\"><span class=\"m_-1697069608475094337gmail-il\">pago<\/span><\/span><\/span><\/span><\/span> \u00a0en <span class=\"m_-1697069608475094337gmail-m_-6629885284591302526gmail-m_-9189169609069246762gmail-m_-1131884468513909315gmail-m_-4643097042687744133gmail-m_-1847922917946633707gmail-m_-3828213542142721687gmail-m_2736340704237167879gmail-m_6958706828781339784gmail-m_-175917154184560702gmail-m_-389359311359964784gmail-m_2323029468078726944gmail-m_7996902924661770446gmail-m_3798969786937845399gmail-m_5206421067264491583gmail-il\">el<\/span> <span class=\"m_-1697069608475094337gmail-m_-6629885284591302526gmail-m_-9189169609069246762gmail-m_-1131884468513909315gmail-m_-4643097042687744133gmail-m_-1847922917946633707gmail-m_-3828213542142721687gmail-m_2736340704237167879gmail-m_6958706828781339784gmail-m_-175917154184560702gmail-m_-389359311359964784gmail-m_2323029468078726944gmail-m_7996902924661770446gmail-m_3798969786937845399gmail-m_5206421067264491583gmail-il\">banco<\/span> (<span class=\"m_-1697069608475094337gmail-m_-6629885284591302526gmail-m_-9189169609069246762gmail-m_-1131884468513909315gmail-m_-4643097042687744133gmail-m_-1847922917946633707gmail-m_-3828213542142721687gmail-m_2736340704237167879gmail-m_6958706828781339784gmail-m_-175917154184560702gmail-m_-389359311359964784gmail-m_2323029468078726944gmail-m_7996902924661770446gmail-il\"><span class=\"m_-1697069608475094337gmail-m_-6629885284591302526gmail-m_-9189169609069246762gmail-m_-1131884468513909315gmail-m_-4643097042687744133gmail-m_-1847922917946633707gmail-m_-3828213542142721687gmail-m_2736340704237167879gmail-m_6958706828781339784gmail-m_-175917154184560702gmail-m_-389359311359964784gmail-il\">BCP<\/span><\/span>) y enviar <span class=\"m_-1697069608475094337gmail-m_-6629885284591302526gmail-m_-9189169609069246762gmail-m_-1131884468513909315gmail-m_-4643097042687744133gmail-m_-1847922917946633707gmail-m_-3828213542142721687gmail-m_2736340704237167879gmail-m_6958706828781339784gmail-m_-175917154184560702gmail-m_-389359311359964784gmail-m_2323029468078726944gmail-m_7996902924661770446gmail-m_3798969786937845399gmail-m_5206421067264491583gmail-il\">el<\/span>\u00a0 voucher del d\u00e9posito <\/b>(escaneado o una foto, c\u00f3digo de operaci\u00f3n) al e-mail: \u00a0 <a href=\"mailto:biblio@lamolina.edu.pe\" target=\"_blank\" rel=\"noopener\">biblio@lamolina.edu.pe<\/a><\/p>\n<p>Para generarle su\u00a0 comprobante de\u00a0\u00a0 <span class=\"m_-1697069608475094337gmail-m_-6629885284591302526gmail-m_-9189169609069246762gmail-m_-1131884468513909315gmail-m_-4643097042687744133gmail-m_-1847922917946633707gmail-m_-3828213542142721687gmail-m_2736340704237167879gmail-m_6958706828781339784gmail-m_-175917154184560702gmail-m_-389359311359964784gmail-m_2323029468078726944gmail-m_7996902924661770446gmail-m_3798969786937845399gmail-m_5206421067264491583gmail-il\"><span class=\"m_-1697069608475094337gmail-m_-6629885284591302526gmail-m_-9189169609069246762gmail-m_-1131884468513909315gmail-m_-4643097042687744133gmail-m_-1847922917946633707gmail-il\"><span class=\"m_-1697069608475094337gmail-m_-6629885284591302526gmail-m_-9189169609069246762gmail-m_-1131884468513909315gmail-m_-4643097042687744133gmail-il\"><span class=\"m_-1697069608475094337gmail-m_-6629885284591302526gmail-il\"><span class=\"m_-1697069608475094337gmail-il\">pago<\/span><\/span><\/span><\/span><\/span> se necesita su\u00a0 n\u00famero de\u00a0 DNI y su email:<\/div>\n<div><\/div>\n<div><\/div>\n<p><strong><span style=\"font-family: 'arial black', sans-serif;\"><span style=\"color: #ff0000;\">Inscripci\u00f3n previo registro<\/span>:<\/span>\u00a0 Ingrese su datos en el formulario.<\/strong><\/p>\n<p>&nbsp;<\/p>\n<p style=\"text-align: center;\"><iframe loading=\"lazy\" src=\"https:\/\/docs.google.com\/forms\/d\/e\/1FAIpQLSezPY_SUtnQk3w0mh7AEqJdDqO11gRLW36g2UQRyn7WX9VwvQ\/viewform?embedded=true#start=invite\" width=\"550\" height=\"500\" frameborder=\"0\" marginwidth=\"0\" marginheight=\"0\">Cargando\u2026<\/iframe><\/p>\n<p>&nbsp;<\/p>\n<p>Para mayor informaci\u00f3n dirigirse a la\u00a0<span style=\"color: #0000ff;\"> <strong>Sala\u00a0 B\u00fasqueda Especializada<\/strong><\/span>, ubicada en el primer piso del edificio 1 de la BAN (edificio tradicional).<\/p>\n<p><strong>Horario de Atenci\u00f3n:<\/strong><\/p>\n<p>Lunes\u00a0 a\u00a0 viernes de 8:15 am\u00a0\u00a0 a\u00a0 7.00 pm.<\/p>\n<p>Atentamente,<\/p>\n<p>Biblioteca Agr\u00edcola Nacional<br \/>\nB\u00fasqueda Especializada<br \/>\nEmail: <a href=\"mailto:biblio@lamolina.edu.pe\">biblio@lamolina.edu.pe<\/a><br \/>\nSkype: servicio en l\u00ednea<br \/>\nNick:\u00a0 busquedaespecializada<br \/>\nContacto: Ing. Enrique Davir\u00e1n<\/p>\n<p>Cel:996734373<br \/>\nBAN-UNALM<br \/>\nAnexo 110<\/p>\n<p>&nbsp;<\/p>\n","protected":false},"excerpt":{"rendered":"<p>CURSO B\u00c1SICO DE ADOBE PHOTOSHOP\u00a0 Inicio: 2 de Junio 2018 \u00a0 \u00a0 \u00a0 \u00a0 \u00a0 \u00a0 \u00a0 \u00a0 \u00a0 \u00a0 \u00a0 \u00a0 \u00a0 \u00a0 \u00a0 \u00a0 \u00a0 \u00a0 \u00a0 \u00a0 \u00a0 \u00a0 \u00a0 \u00a0 \u00a0 \u00a0 \u00a0 \u00a0 \u00a0 \u00a0 \u00a0 \u00a0 \u00a0 \u00a0 \u00a0 \u00a0 \u00a0 \u00a0 \u00a0 \u00a0 \u00a0 \u00a0 \u00a0 \u00a0 \u00a0 &hellip;<\/p>\n","protected":false},"author":1,"featured_media":0,"parent":0,"menu_order":0,"comment_status":"closed","ping_status":"closed","template":"","meta":{"footnotes":""},"_links":{"self":[{"href":"https:\/\/tumi.lamolina.edu.pe\/bvbe\/index.php\/wp-json\/wp\/v2\/pages\/502"}],"collection":[{"href":"https:\/\/tumi.lamolina.edu.pe\/bvbe\/index.php\/wp-json\/wp\/v2\/pages"}],"about":[{"href":"https:\/\/tumi.lamolina.edu.pe\/bvbe\/index.php\/wp-json\/wp\/v2\/types\/page"}],"author":[{"embeddable":true,"href":"https:\/\/tumi.lamolina.edu.pe\/bvbe\/index.php\/wp-json\/wp\/v2\/users\/1"}],"replies":[{"embeddable":true,"href":"https:\/\/tumi.lamolina.edu.pe\/bvbe\/index.php\/wp-json\/wp\/v2\/comments?post=502"}],"version-history":[{"count":43,"href":"https:\/\/tumi.lamolina.edu.pe\/bvbe\/index.php\/wp-json\/wp\/v2\/pages\/502\/revisions"}],"predecessor-version":[{"id":790,"href":"https:\/\/tumi.lamolina.edu.pe\/bvbe\/index.php\/wp-json\/wp\/v2\/pages\/502\/revisions\/790"}],"wp:attachment":[{"href":"https:\/\/tumi.lamolina.edu.pe\/bvbe\/index.php\/wp-json\/wp\/v2\/media?parent=502"}],"curies":[{"name":"wp","href":"https:\/\/api.w.org\/{rel}","templated":true}]}}