
{"id":436,"date":"2016-09-29T22:47:55","date_gmt":"2016-09-30T03:47:55","guid":{"rendered":"http:\/\/bvbe1.compuwebperu.com\/bvbe\/?page_id=436"},"modified":"2016-09-29T23:31:28","modified_gmt":"2016-09-30T04:31:28","slug":"facultad-de-pesqueria","status":"publish","type":"page","link":"https:\/\/tumi.lamolina.edu.pe\/bvbe\/index.php\/facultad-de-pesqueria\/","title":{"rendered":"Facultad de Pesquer\u00eda"},"content":{"rendered":"<p><span style=\"font-size: 14pt; color: #0000ff;\"><strong>V\u00cdDEOS PARA USAR EN CLASE<\/strong><\/span><\/p>\n<p><a href=\"https:\/\/www.youtube.com\/watch?v=wFo-qDO9Cg0\">Camaronicultura o cultivo de camar\u00f3n<\/a><\/p>\n<p><a href=\"https:\/\/www.youtube.com\/watch?v=EtaomuC0CGs\">C\u00f3mo Cultivar Camarones y peces en Acuacultivo<\/a><\/p>\n<p><a href=\"https:\/\/www.youtube.com\/watch?v=e3KtO8NGods\">Tierra F\u00e9rtil Producci\u00f3n de camar\u00f3n<\/a><\/p>\n<p><a href=\"https:\/\/www.youtube.com\/watch?v=VR_pqROXwr0\">&#8220;Con los pies en la tierra&#8221; cultivo de langosta<\/a><\/p>\n<p><a href=\"https:\/\/www.youtube.com\/watch?v=ybN-JaaJYpk\">Agroriente Cultivo de trucha en estanque<\/a><\/p>\n<p><a href=\"https:\/\/www.youtube.com\/watch?v=fsMer0LKxN8\">Crianza de Truchas<\/a><\/p>\n<p><a href=\"https:\/\/www.youtube.com\/watch?v=xRbzfVQ77u8\">Crianza de truchas a mediana y gran escala Huancavelica y Jun\u00edn<\/a><\/p>\n<p><a href=\"https:\/\/www.youtube.com\/watch?v=cVDkg3pA_6Q\">Crianza de truchas a mediana y gran escala Huancavelica y Jun\u00edn 2<\/a><\/p>\n<p><a href=\"https:\/\/www.youtube.com\/watch?v=USoMeN3MXQE\">La Trucha Dorada del lago Titicaca<\/a><\/p>\n<p><a href=\"https:\/\/www.youtube.com\/watch?v=yYKX2eQ7gkw\">Crianza de Truchas en Cajamarca<\/a><\/p>\n<p><a href=\"https:\/\/www.youtube.com\/watch?v=yYvH7wq-p2E\">Langostinos cultivados en agua dulce<\/a><\/p>\n<p><a href=\"https:\/\/www.youtube.com\/watch?v=30vA1eYPaJ8\">\u00bfC\u00f3mo se cr\u00eda una trucha?<\/a><\/p>\n<p>&nbsp;<\/p>\n<p>&nbsp;<\/p>\n","protected":false},"excerpt":{"rendered":"<p>V\u00cdDEOS PARA USAR EN CLASE Camaronicultura o cultivo de camar\u00f3n C\u00f3mo Cultivar Camarones y peces en Acuacultivo Tierra F\u00e9rtil Producci\u00f3n de camar\u00f3n &#8220;Con los pies en la tierra&#8221; cultivo de langosta Agroriente Cultivo de trucha en estanque Crianza de Truchas Crianza de truchas a mediana y gran escala Huancavelica y Jun\u00edn Crianza de truchas a &hellip;<\/p>\n","protected":false},"author":1,"featured_media":0,"parent":0,"menu_order":0,"comment_status":"closed","ping_status":"closed","template":"","meta":{"footnotes":""},"_links":{"self":[{"href":"https:\/\/tumi.lamolina.edu.pe\/bvbe\/index.php\/wp-json\/wp\/v2\/pages\/436"}],"collection":[{"href":"https:\/\/tumi.lamolina.edu.pe\/bvbe\/index.php\/wp-json\/wp\/v2\/pages"}],"about":[{"href":"https:\/\/tumi.lamolina.edu.pe\/bvbe\/index.php\/wp-json\/wp\/v2\/types\/page"}],"author":[{"embeddable":true,"href":"https:\/\/tumi.lamolina.edu.pe\/bvbe\/index.php\/wp-json\/wp\/v2\/users\/1"}],"replies":[{"embeddable":true,"href":"https:\/\/tumi.lamolina.edu.pe\/bvbe\/index.php\/wp-json\/wp\/v2\/comments?post=436"}],"version-history":[{"count":9,"href":"https:\/\/tumi.lamolina.edu.pe\/bvbe\/index.php\/wp-json\/wp\/v2\/pages\/436\/revisions"}],"predecessor-version":[{"id":485,"href":"https:\/\/tumi.lamolina.edu.pe\/bvbe\/index.php\/wp-json\/wp\/v2\/pages\/436\/revisions\/485"}],"wp:attachment":[{"href":"https:\/\/tumi.lamolina.edu.pe\/bvbe\/index.php\/wp-json\/wp\/v2\/media?parent=436"}],"curies":[{"name":"wp","href":"https:\/\/api.w.org\/{rel}","templated":true}]}}