
{"id":351,"date":"2016-09-26T20:43:06","date_gmt":"2016-09-27T01:43:06","guid":{"rendered":"http:\/\/bvbe1.compuwebperu.com\/bvbe\/?page_id=351"},"modified":"2017-06-02T00:09:25","modified_gmt":"2017-06-02T05:09:25","slug":"area-de-administrativos","status":"publish","type":"page","link":"https:\/\/tumi.lamolina.edu.pe\/bvbe\/index.php\/area-de-administrativos\/","title":{"rendered":"P. Administra"},"content":{"rendered":"<p style=\"text-align: justify;\">Es grato comunicarles que el personal administrativo de la UNALM podr\u00e1 tener acceso a la <strong><span style=\"color: #0000ff;\">Plataforma Bibliocolabora<\/span><\/strong> fuera del campus universitario.<\/p>\n<p style=\"text-align: justify;\"><strong><span style=\"color: #0000ff;\">Personal Administrativo: nombrado,contratado, CAS y FDA<\/span><\/strong>.<\/p>\n<p style=\"text-align: justify;\">Bibliocolabora es una plataforma que agrupa las fuentes mejor calificadas de acceso abierto en espa\u00f1ol, con m\u00e1s de 1.5 millones de art\u00edculos, tesis doctorales, cap\u00edtulos de libros, conferencias y presentaciones acad\u00e9micas en texto completo.<\/p>\n<p style=\"text-align: justify;\">Principales \u00e1reas del conocimiento que integra: Administraci\u00f3n y Contabilidad, Alimentos y Ciencias Agr\u00edcolas, Arquitectura, Ciencias Ambientales, Ciencias B\u00e1sicas y Experimentales, Ciencias Biol\u00f3gicas y de la Salud, Ciencias Jur\u00eddicas, Ciencias Sociales, Artes y Humanidades, Econom\u00eda y Finanzas, Filolog\u00edas, Ingenier\u00edas, Tecnolog\u00edas, Psicolog\u00eda y Educaci\u00f3n.<\/p>\n<p style=\"text-align: justify;\"><strong><span style=\"color: #0000ff;\">Requisitos para tener acceso a la plataforma Bibliocola<\/span><\/strong><span style=\"color: #0000ff;\"><strong>bora<\/strong>:<\/span><\/p>\n<p style=\"text-align: justify;\">&#8211; Carn\u00e9 de biblioteca actualizado 2016<br \/>\n&#8211; Registrarse para crear su usuario y contrase\u00f1a<br \/>\n&#8211; Tener correo personal (opcional)<\/p>\n<p style=\"text-align: justify;\">Requisitos para obtener el carn\u00e9 de biblioteca para el personal administrativo:<\/p>\n<p style=\"text-align: justify;\">&#8211; Carta del Jefe del departamento donde labora, dejar en la Direcci\u00f3n General de la BAN.<br \/>\n&#8211; Una fotograf\u00eda tama\u00f1o carn\u00e9 a color.<br \/>\n&#8211; El personal administrativo est\u00e1 exonerado del pago del carn\u00e9 de la BAN.<\/p>\n<p style=\"text-align: justify;\">Para mayor informaci\u00f3n, acercarse a la Sala Biblioteca Virtual y B\u00fasqueda Especializada ubicada en el primer piso del edificio nuevo de la BAN.<\/p>\n<p style=\"text-align: justify;\"><strong><span style=\"color: #0000ff;\">Horario de atenci\u00f3n:<\/span><\/strong><\/p>\n<p style=\"text-align: justify;\">Lunes a viernes de 8:15 a 19:00 horas y los s\u00e1bados de 9:00 a 13:00 horas.<\/p>\n<p style=\"text-align: justify;\">Atentamente,<\/p>\n<p style=\"text-align: justify;\">Biblioteca Agr\u00edcola Nacional<br \/>\nSala Biblioteca Virtual y B\u00fasqueda Especializada<br \/>\nEmail: biblio@lamolina.edu.pe<br \/>\nContacto: Ing. Enrique Davir\u00e1n<br \/>\nBAN-UNALM<br \/>\nAnexo 110<\/p>\n","protected":false},"excerpt":{"rendered":"<p>Es grato comunicarles que el personal administrativo de la UNALM podr\u00e1 tener acceso a la Plataforma Bibliocolabora fuera del campus universitario. Personal Administrativo: nombrado,contratado, CAS y FDA. Bibliocolabora es una plataforma que agrupa las fuentes mejor calificadas de acceso abierto en espa\u00f1ol, con m\u00e1s de 1.5 millones de art\u00edculos, tesis doctorales, cap\u00edtulos de libros, conferencias &hellip;<\/p>\n","protected":false},"author":1,"featured_media":0,"parent":0,"menu_order":0,"comment_status":"closed","ping_status":"closed","template":"","meta":{"footnotes":""},"_links":{"self":[{"href":"https:\/\/tumi.lamolina.edu.pe\/bvbe\/index.php\/wp-json\/wp\/v2\/pages\/351"}],"collection":[{"href":"https:\/\/tumi.lamolina.edu.pe\/bvbe\/index.php\/wp-json\/wp\/v2\/pages"}],"about":[{"href":"https:\/\/tumi.lamolina.edu.pe\/bvbe\/index.php\/wp-json\/wp\/v2\/types\/page"}],"author":[{"embeddable":true,"href":"https:\/\/tumi.lamolina.edu.pe\/bvbe\/index.php\/wp-json\/wp\/v2\/users\/1"}],"replies":[{"embeddable":true,"href":"https:\/\/tumi.lamolina.edu.pe\/bvbe\/index.php\/wp-json\/wp\/v2\/comments?post=351"}],"version-history":[{"count":7,"href":"https:\/\/tumi.lamolina.edu.pe\/bvbe\/index.php\/wp-json\/wp\/v2\/pages\/351\/revisions"}],"predecessor-version":[{"id":1300,"href":"https:\/\/tumi.lamolina.edu.pe\/bvbe\/index.php\/wp-json\/wp\/v2\/pages\/351\/revisions\/1300"}],"wp:attachment":[{"href":"https:\/\/tumi.lamolina.edu.pe\/bvbe\/index.php\/wp-json\/wp\/v2\/media?parent=351"}],"curies":[{"name":"wp","href":"https:\/\/api.w.org\/{rel}","templated":true}]}}