
{"id":286,"date":"2016-09-15T18:32:10","date_gmt":"2016-09-15T18:32:10","guid":{"rendered":"http:\/\/bvbe1.compuwebperu.com\/bvbe\/?page_id=286"},"modified":"2018-06-12T23:22:00","modified_gmt":"2018-06-13T04:22:00","slug":"mendeley","status":"publish","type":"page","link":"https:\/\/tumi.lamolina.edu.pe\/bvbe\/index.php\/mendeley\/","title":{"rendered":"Mendeley"},"content":{"rendered":"<p style=\"text-align: center;\"><span style=\"font-size: 14pt; color: #0000ff; font-family: 'arial black', sans-serif;\"><strong>CURSO DE \u00a0MENDELEY<\/strong><\/span><\/p>\n<p style=\"text-align: center;\"><strong><span style=\"font-family: 'arial black', sans-serif;\"><em>Inicio setiembre 2018<\/em><\/span><\/strong><\/p>\n<p style=\"text-align: center;\"><img loading=\"lazy\" decoding=\"async\" class=\"alignnone size-medium wp-image-1276\" src=\"http:\/\/tumi.lamolina.edu.pe\/bvbe\/wp-content\/uploads\/2016\/09\/mendeley-juno-2017-300x117.png\" alt=\"mendeley-juno-2017\" width=\"500\" height=\"200\" \/><\/p>\n<p><img loading=\"lazy\" decoding=\"async\" class=\"alignnone size-medium wp-image-678\" src=\"http:\/\/tumi.lamolina.edu.pe\/bvbe\/wp-content\/uploads\/2016\/09\/mendeley-300x73.png\" alt=\"mendeley\" width=\"200\" height=\"70\" \/><\/p>\n<p><span style=\"color: #000000;\">Gestor de referencias bibliogr\u00e1ficas y a la vez red social acad\u00e9mica que puede ayudarte a organizar tu investigaci\u00f3n, colaborar con otros investigadores en l\u00ednea y descubrir contenidos subidos por otros usuarios.<\/span><\/p>\n<p style=\"text-align: justify;\">En tu trabajo de investigaci\u00f3n, tesis, informes o monograf\u00edas\u00a0 te permite poner las referencias bibliogr\u00e1ficas de las publicaciones que\u00a0 utilizas as\u00ed como el estilo de referencia\u00a0 que puede ser IICA , Vancouver , APA\u00a0 entre otros en forma autom\u00e1tica.<\/p>\n<p><strong><span style=\"color: #0000ff;\">Contenido del curso \u00a0Mendeley:<\/span><\/strong><\/p>\n<ol>\n<li>Instalaci\u00f3n<\/li>\n<li>Para subir art\u00edculos de la pc o del usb a la p\u00e1gina web de mendeley<\/li>\n<li>Editar los art\u00edculos<\/li>\n<li>Plugin word<\/li>\n<li>Plugin web<\/li>\n<li>Citas \u00f3 grupos<\/li>\n<\/ol>\n<p>&nbsp;<\/p>\n<p>El curso de capacitaci\u00f3n es presencial \u00a0y tiene una duraci\u00f3n 6 horas.<\/p>\n<p><span style=\"font-family: 'arial black', sans-serif; color: #0000ff;\"><strong>Inicio:\u00a0<\/strong><\/span><strong>\u00a0Setiembre 2018<\/strong><\/p>\n<div>\n<p>Facilitador: Enrique Davir\u00e1n<\/p>\n<\/div>\n<div>\n<p><span style=\"color: #000000;\"><strong>Dirigido:<\/strong><\/span>\u00a0Profesores, Alumnos de Pregrado, Postgrado, Doctorado, Tesistas e Investigadores y p\u00fablico interesado.<\/p>\n<\/div>\n<p><span style=\"color: #ff0000;\"><strong>Vacantes limitadas<\/strong><\/span><\/p>\n<p><span style=\"color: #0000ff;\"><b>Inversi\u00f3n del curso:<\/b><\/span><\/p>\n<p>La inversi\u00f3n es de \u00a0S\/. 65.00 soles \u00a0el pago incluye el \u00a0certificado del curso a nombre de la Universidad Nacional Agraria \u00a0la Molina (UNALM).<\/p>\n<p><strong><span style=\"font-family: 'arial black', sans-serif;\">Inscripci\u00f3n previo registro:<\/span>\u00a0 hacer \u00a01 click en formulario de Inscripci\u00f3n<\/strong><\/p>\n<p>&nbsp;<\/p>\n<div><strong style=\"color: #0000ff; font-family: 'arial black', sans-serif;\"><em>Horario a la carta del Curso<\/em>\u00a0<em>de Mendeley\u00a0<\/em><\/strong><\/div>\n<p>En el caso que no puedes en el horario, forma tu grupo y podemos dictarte el curso de Mendeley en un horario especial. Los participantes pueden ser de la UNALM o externos.<\/p>\n<p>El curso dura 6 horas. Si ustedes desean puede dictarse en un d\u00eda todo el curso, o en 2 d\u00edas de 3 hrs cada uno , o en tres d\u00edas de 2 hrs.<\/p>\n<p>&nbsp;<\/p>\n<p><strong>Horario de Atenci\u00f3n<\/strong><br \/>\nLunes\u00a0 a\u00a0 viernes de 8:15 am\u00a0\u00a0 a\u00a0 7.00 pm.<\/p>\n<p>Atentamente,<\/p>\n<p>Biblioteca Agr\u00edcola Nacional -UNALM<br \/>\n<strong>B\u00fasqueda Especializada<\/strong><br \/>\nEmail: <a href=\"mailto:biblio@lamolina.edu.pe\">biblio@lamolina.edu.pe<\/a><br \/>\nTel\u00e9fono: 511- 6147138<\/p>\n<p><span style=\"color: #0000ff;\">Skype:<\/span> servicio en l\u00ednea<br \/>\nNick:\u00a0 busquedaespecializada<\/p>\n<p><span style=\"color: #0000ff;\"><b>Twitter:<\/b> <\/span>@BusquedaEspBAN<\/p>\n<p>Contacto: Ing. Enrique Davir\u00e1n<\/p>\n<p>Cel:996734373<br \/>\nBAN-UNALM<br \/>\nAnexo 110 (BAN)<\/p>\n<p>&nbsp;<\/p>\n","protected":false},"excerpt":{"rendered":"<p>CURSO DE \u00a0MENDELEY Inicio setiembre 2018 Gestor de referencias bibliogr\u00e1ficas y a la vez red social acad\u00e9mica que puede ayudarte a organizar tu investigaci\u00f3n, colaborar con otros investigadores en l\u00ednea y descubrir contenidos subidos por otros usuarios. En tu trabajo de investigaci\u00f3n, tesis, informes o monograf\u00edas\u00a0 te permite poner las referencias bibliogr\u00e1ficas de las publicaciones &hellip;<\/p>\n","protected":false},"author":1,"featured_media":0,"parent":0,"menu_order":0,"comment_status":"closed","ping_status":"closed","template":"","meta":{"footnotes":""},"_links":{"self":[{"href":"https:\/\/tumi.lamolina.edu.pe\/bvbe\/index.php\/wp-json\/wp\/v2\/pages\/286"}],"collection":[{"href":"https:\/\/tumi.lamolina.edu.pe\/bvbe\/index.php\/wp-json\/wp\/v2\/pages"}],"about":[{"href":"https:\/\/tumi.lamolina.edu.pe\/bvbe\/index.php\/wp-json\/wp\/v2\/types\/page"}],"author":[{"embeddable":true,"href":"https:\/\/tumi.lamolina.edu.pe\/bvbe\/index.php\/wp-json\/wp\/v2\/users\/1"}],"replies":[{"embeddable":true,"href":"https:\/\/tumi.lamolina.edu.pe\/bvbe\/index.php\/wp-json\/wp\/v2\/comments?post=286"}],"version-history":[{"count":88,"href":"https:\/\/tumi.lamolina.edu.pe\/bvbe\/index.php\/wp-json\/wp\/v2\/pages\/286\/revisions"}],"predecessor-version":[{"id":2271,"href":"https:\/\/tumi.lamolina.edu.pe\/bvbe\/index.php\/wp-json\/wp\/v2\/pages\/286\/revisions\/2271"}],"wp:attachment":[{"href":"https:\/\/tumi.lamolina.edu.pe\/bvbe\/index.php\/wp-json\/wp\/v2\/media?parent=286"}],"curies":[{"name":"wp","href":"https:\/\/api.w.org\/{rel}","templated":true}]}}