
{"id":2843,"date":"2024-07-01T10:18:42","date_gmt":"2024-07-01T15:18:42","guid":{"rendered":"https:\/\/tumi.lamolina.edu.pe\/bvbe\/?page_id=2843"},"modified":"2026-03-19T11:35:47","modified_gmt":"2026-03-19T16:35:47","slug":"conoce-nuestras-bases-de-datos-unalm","status":"publish","type":"page","link":"https:\/\/tumi.lamolina.edu.pe\/bvbe\/index.php\/conoce-nuestras-bases-de-datos-unalm\/","title":{"rendered":"BASES DE REVISTAS                                    CIENT\u00cdFICAS Y E-BOOKS 2026"},"content":{"rendered":"\n<p class=\"has-text-align-center\"><strong>  BASES SUSCRITAS POR LA BIBLIOTECA AGRICOLA NACIONAL ( BAN).<\/strong><\/p>\n\n\n\n<p class=\"has-text-align-center\"><strong>Mediante la plataforma MyLOFT, puedes acceder<\/strong><\/p>\n\n\n\n<p><\/p>\n\n\n\n<p><\/p>\n\n\n<div class=\"wp-block-image\">\n<figure class=\"aligncenter size-full\"><a href=\"https:\/\/app.myloft.xyz\/user\/login?institute=ckhyo529rwr0i089818ja229h\"><img loading=\"lazy\" decoding=\"async\" width=\"166\" height=\"68\" src=\"http:\/\/tumi.lamolina.edu.pe\/bvbe\/wp-content\/uploads\/2021\/06\/MYLOFT.png\" alt=\"\" class=\"wp-image-2627\"\/><\/a><\/figure><\/div>\n\n\n<p style=\"text-align: center;\">\u00a0<\/p>\n<p><img loading=\"lazy\" decoding=\"async\" class=\"alignnone size-full wp-image-3114\" src=\"http:\/\/tumi.lamolina.edu.pe\/bvbe\/wp-content\/uploads\/2026\/03\/BASE-DE-DTAOS-2026-FINAL.png\" alt=\"\" width=\"1338\" height=\"784\" srcset=\"https:\/\/tumi.lamolina.edu.pe\/bvbe\/wp-content\/uploads\/2026\/03\/BASE-DE-DTAOS-2026-FINAL.png 1338w, https:\/\/tumi.lamolina.edu.pe\/bvbe\/wp-content\/uploads\/2026\/03\/BASE-DE-DTAOS-2026-FINAL-300x176.png 300w, https:\/\/tumi.lamolina.edu.pe\/bvbe\/wp-content\/uploads\/2026\/03\/BASE-DE-DTAOS-2026-FINAL-1024x600.png 1024w, https:\/\/tumi.lamolina.edu.pe\/bvbe\/wp-content\/uploads\/2026\/03\/BASE-DE-DTAOS-2026-FINAL-768x450.png 768w\" sizes=\"(max-width: 1338px) 100vw, 1338px\" \/><\/p>\n<p style=\"text-align: center;\">\n<p class=\"gde-text\"><a href=\"http:\/\/tumi.lamolina.edu.pe\/bvbe\/wp-content\/uploads\/2025\/09\/BASES_DE_DATOS-CICLO-2025-II.pdf\" class=\"gde-link\">Descargar (PDF, 214.08MB)<\/a><\/p><\/p>\n<p style=\"text-align: center;\">\u00a0<\/p>\n<p><strong><span style=\"color: #000000;\">En caso a\u00fan no tenga acceso,\u00a0solicite su habilitaci\u00f3n enviando un correo electr\u00f3nico a<\/span><\/strong>:<strong> <a href=\"mailto:ban@lamolina.edu.pe\" target=\"_blank\" rel=\"noopener\">biblio@lamolina.edu.pe<\/a><\/strong><\/p>\n<p><span style=\"color: #ff9900;\"><strong>Biblioteca Virtual: base de datos de revistas cient\u00edficas y libros electr\u00f3nicos: VRI BAN UNALM<\/strong><\/span><\/p>\n<p>\u00a0<\/p>\n<h3 style=\"text-align: center;\"><a style=\"font-family: inherit; background-color: #ffffff;\" href=\"http:\/\/tumi.lamolina.edu.pe\/bvbe\/index.php\/conoce-nuestras-bases-de-datos-unalm\/\"><figure class=\"wp-block-embed wp-block-embed-youtube is-type-video is-provider-youtube epyt-figure\"><div class=\"wp-block-embed__wrapper\"><iframe loading=\"lazy\"  id=\"_ytid_96273\"  width=\"505\" height=\"206\"  data-origwidth=\"505\" data-origheight=\"206\" src=\"https:\/\/www.youtube.com\/embed\/glWTBix1xB8?enablejsapi=1&autoplay=0&cc_load_policy=0&cc_lang_pref=&iv_load_policy=1&loop=0&modestbranding=0&rel=1&fs=1&playsinline=0&autohide=2&theme=dark&color=red&controls=1&\" class=\"__youtube_prefs__  no-lazyload\" title=\"YouTube player\"  allow=\"fullscreen; accelerometer; autoplay; clipboard-write; encrypted-media; gyroscope; picture-in-picture\" allowfullscreen data-no-lazy=\"1\" data-skipgform_ajax_framebjll=\"\"><\/iframe><\/div><\/figure><\/a><\/h3>\n","protected":false},"excerpt":{"rendered":"<p>BASES SUSCRITAS POR LA BIBLIOTECA AGRICOLA NACIONAL ( BAN). Mediante la plataforma MyLOFT, puedes acceder \u00a0 \u00a0 En caso a\u00fan no tenga acceso,\u00a0solicite su habilitaci\u00f3n enviando un correo electr\u00f3nico a: biblio@lamolina.edu.pe Biblioteca Virtual: base de datos de revistas cient\u00edficas y libros electr\u00f3nicos: VRI BAN UNALM \u00a0<\/p>\n","protected":false},"author":1,"featured_media":0,"parent":0,"menu_order":0,"comment_status":"closed","ping_status":"closed","template":"","meta":{"footnotes":""},"_links":{"self":[{"href":"https:\/\/tumi.lamolina.edu.pe\/bvbe\/index.php\/wp-json\/wp\/v2\/pages\/2843"}],"collection":[{"href":"https:\/\/tumi.lamolina.edu.pe\/bvbe\/index.php\/wp-json\/wp\/v2\/pages"}],"about":[{"href":"https:\/\/tumi.lamolina.edu.pe\/bvbe\/index.php\/wp-json\/wp\/v2\/types\/page"}],"author":[{"embeddable":true,"href":"https:\/\/tumi.lamolina.edu.pe\/bvbe\/index.php\/wp-json\/wp\/v2\/users\/1"}],"replies":[{"embeddable":true,"href":"https:\/\/tumi.lamolina.edu.pe\/bvbe\/index.php\/wp-json\/wp\/v2\/comments?post=2843"}],"version-history":[{"count":22,"href":"https:\/\/tumi.lamolina.edu.pe\/bvbe\/index.php\/wp-json\/wp\/v2\/pages\/2843\/revisions"}],"predecessor-version":[{"id":3119,"href":"https:\/\/tumi.lamolina.edu.pe\/bvbe\/index.php\/wp-json\/wp\/v2\/pages\/2843\/revisions\/3119"}],"wp:attachment":[{"href":"https:\/\/tumi.lamolina.edu.pe\/bvbe\/index.php\/wp-json\/wp\/v2\/media?parent=2843"}],"curies":[{"name":"wp","href":"https:\/\/api.w.org\/{rel}","templated":true}]}}