
{"id":260,"date":"2016-09-09T16:30:14","date_gmt":"2016-09-09T16:30:14","guid":{"rendered":"http:\/\/bvbe1.compuwebperu.com\/bvbe\/?page_id=260"},"modified":"2020-01-03T14:07:01","modified_gmt":"2020-01-03T19:07:01","slug":"publicaciones-cientificas","status":"publish","type":"page","link":"https:\/\/tumi.lamolina.edu.pe\/bvbe\/index.php\/publicaciones-cientificas\/","title":{"rendered":"Publicaciones Cient\u00edficas"},"content":{"rendered":"<p>.<\/p>\n<p><span style=\"font-family: 'arial black', sans-serif; font-size: 14pt;\"><strong>Vice Rectorado de Investigaci\u00f3n &#8211; UNALM<\/strong><\/span><\/p>\n<p>&nbsp;<\/p>\n<p><span style=\"color: #0000ff;\"><strong>Revistas UNALM<\/strong><\/span><\/p>\n<p><span style=\"color: #008000;\"><a style=\"color: #008000;\" href=\"http:\/\/revistas.lamolina.edu.pe\/index.php\/acu\/issue\/archive\">Anales Cient\u00edficos UNALM<\/a><\/span><\/p>\n<p><a href=\"http:\/\/revistas.lamolina.edu.pe\/index.php\/eau\/issue\/archive\"><span style=\"color: #008000;\">Revista Ecolog\u00eda Aplicada UNALM<\/span><\/a><\/p>\n<p><a href=\"http:\/\/revistas.lamolina.edu.pe\/index.php\/neu\/issue\/archive\"><span style=\"color: #008000;\">Revista Natura Econom\u00eda<\/span><\/a><\/p>\n<p><a href=\"http:\/\/revistas.lamolina.edu.pe\/index.php\/xiu\/issue\/archive\"><span style=\"color: #008000;\">Revista Xilema<\/span><\/a><\/p>\n<p><a href=\"http:\/\/revistas.lamolina.edu.pe\/index.php\/rfp\/issue\/archive\"><span style=\"color: #008000;\">Revista Forestal del Per\u00fa<\/span><\/a><\/p>\n<p><a href=\"http:\/\/revistas.lamolina.edu.pe\/index.php\/tnu\/issue\/archive\"><span style=\"color: #008000;\">Revista Tierra Nuestra<\/span><\/a><\/p>\n<p><a href=\"http:\/\/revistas.lamolina.edu.pe\/index.php\/rza\/issue\/archive\"><span style=\"color: #008000;\">Revista Zonas \u00c1ridas<\/span><\/a><\/p>\n<p><a href=\"http:\/\/revistas.lamolina.edu.pe\/index.php\/jpagronomy\/issue\/archive\"><span style=\"color: #008000;\">Peruvian Journal of Agronomy<\/span><\/a><\/p>\n<p>&nbsp;<\/p>\n<p><span style=\"color: #0000ff;\"><strong>Art\u00edculos en Revistas Indexadas<\/strong><\/span><\/p>\n<div class=\"lenguetaCont\">\n<ul>\n<li><span style=\"color: #008000;\"><a style=\"color: #008000;\" href=\"http:\/\/www.lamolina.edu.pe\/investigacion\/index.php?id=1025\">Articulos En Rev. Indizadas 2017<\/a><\/span><\/li>\n<li><span style=\"color: #008000;\"><a style=\"color: #008000;\" href=\"http:\/\/www.lamolina.edu.pe\/investigacion\/index.php?id=961\">Articulos En Rev. Indizadas 2016<\/a><\/span><\/li>\n<li><span style=\"color: #008000;\"><a style=\"color: #008000;\" href=\"http:\/\/www.lamolina.edu.pe\/investigacion\/index.php?id=810\">Articulos En Rev. Indizadas 2015<\/a><\/span><\/li>\n<li><span style=\"color: #008000;\"><a style=\"color: #008000;\" href=\"http:\/\/www.lamolina.edu.pe\/investigacion\/index.php?id=253\">Articulos En Rev. Indizadas2014<\/a><\/span><\/li>\n<li><span style=\"color: #008000;\"><a style=\"color: #008000;\" href=\"http:\/\/www.lamolina.edu.pe\/investigacion\/index.php?id=44\">Articulos En Rev. Indizadas 2013<\/a><\/span><\/li>\n<li><span style=\"color: #008000;\"><a style=\"color: #008000;\" href=\"http:\/\/www.lamolina.edu.pe\/investigacion\/index.php?id=43\">Articulos En Rev. Indizadas 2012<\/a><\/span><\/li>\n<li><span style=\"color: #008000;\"><a style=\"color: #008000;\" href=\"http:\/\/www.lamolina.edu.pe\/investigacion\/index.php?id=42\">Articulos En Rev. Indizadas 2011<\/a><\/span><\/li>\n<\/ul>\n<\/div>\n","protected":false},"excerpt":{"rendered":"<p>. Vice Rectorado de Investigaci\u00f3n &#8211; UNALM &nbsp; Revistas UNALM Anales Cient\u00edficos UNALM Revista Ecolog\u00eda Aplicada UNALM Revista Natura Econom\u00eda Revista Xilema Revista Forestal del Per\u00fa Revista Tierra Nuestra Revista Zonas \u00c1ridas Peruvian Journal of Agronomy &nbsp; Art\u00edculos en Revistas Indexadas Articulos En Rev. Indizadas 2017 Articulos En Rev. Indizadas 2016 Articulos En Rev. Indizadas &hellip;<\/p>\n","protected":false},"author":1,"featured_media":0,"parent":0,"menu_order":0,"comment_status":"closed","ping_status":"closed","template":"","meta":{"footnotes":""},"_links":{"self":[{"href":"https:\/\/tumi.lamolina.edu.pe\/bvbe\/index.php\/wp-json\/wp\/v2\/pages\/260"}],"collection":[{"href":"https:\/\/tumi.lamolina.edu.pe\/bvbe\/index.php\/wp-json\/wp\/v2\/pages"}],"about":[{"href":"https:\/\/tumi.lamolina.edu.pe\/bvbe\/index.php\/wp-json\/wp\/v2\/types\/page"}],"author":[{"embeddable":true,"href":"https:\/\/tumi.lamolina.edu.pe\/bvbe\/index.php\/wp-json\/wp\/v2\/users\/1"}],"replies":[{"embeddable":true,"href":"https:\/\/tumi.lamolina.edu.pe\/bvbe\/index.php\/wp-json\/wp\/v2\/comments?post=260"}],"version-history":[{"count":9,"href":"https:\/\/tumi.lamolina.edu.pe\/bvbe\/index.php\/wp-json\/wp\/v2\/pages\/260\/revisions"}],"predecessor-version":[{"id":2535,"href":"https:\/\/tumi.lamolina.edu.pe\/bvbe\/index.php\/wp-json\/wp\/v2\/pages\/260\/revisions\/2535"}],"wp:attachment":[{"href":"https:\/\/tumi.lamolina.edu.pe\/bvbe\/index.php\/wp-json\/wp\/v2\/media?parent=260"}],"curies":[{"name":"wp","href":"https:\/\/api.w.org\/{rel}","templated":true}]}}