
{"id":2584,"date":"2020-03-26T00:38:57","date_gmt":"2020-03-26T05:38:57","guid":{"rendered":"http:\/\/tumi.lamolina.edu.pe\/bvbe\/?page_id=2584"},"modified":"2020-03-26T01:20:24","modified_gmt":"2020-03-26T06:20:24","slug":"mensaje-de-wiley-y-cengage-en-referencia-al-covid-19","status":"publish","type":"page","link":"https:\/\/tumi.lamolina.edu.pe\/bvbe\/index.php\/mensaje-de-wiley-y-cengage-en-referencia-al-covid-19\/","title":{"rendered":"Mensaje de WILEY y CENGAGE en referencia al COVID-19"},"content":{"rendered":"<p>&nbsp;<\/p>\n<p><img loading=\"lazy\" decoding=\"async\" class=\"alignnone size-full wp-image-2586\" src=\"http:\/\/tumi.lamolina.edu.pe\/bvbe\/wp-content\/uploads\/2020\/03\/WILEY.jpg\" alt=\"\" width=\"530\" height=\"58\" \/><\/p>\n<p style=\"text-align: center;\"><span style=\"color: #0000ff; font-size: 14pt;\"><strong>A LA COMUNIDAD MOLINERA<\/strong><\/span><\/p>\n<p>Es grato saludarlos y comunicarles que \u00a0la Editorial Wiley, ha puesto todos los art\u00edculos relacionados con el Coronavirus en acceso libre para consulta de toda la sociedad as\u00ed como la comunidad de alumnos, acad\u00e9micos e investigadores a nivel mundial.<\/p>\n<p>El creciente impacto global del COVID-19 es un claro recordatorio de lo importante que es comunicar ampliamente la investigaci\u00f3n cient\u00edfica y acad\u00e9mica actual y validada.<\/p>\n<p><span style=\"color: #0000ff;\"><strong>Recursos:<\/strong><\/span><\/p>\n<p><strong>* Libre acceso a los recursos de investigaci\u00f3n COVID-19:<\/strong><\/p>\n<p>Wiley ha puesto a disposici\u00f3n m\u00e1s de\u00a0\u00a0<span style=\"font-family: arial,sans-serif; font-size: small;\"><span style=\"font-family: arial,sans-serif;\"><span style=\"font-size: small;\"><span lang=\"ES-MX\"><span style=\"color: #0066cc;\"><a href=\"http:\/\/s1133198723.t.en25.com\/e\/er?elq_mid=43571&amp;elq_cid=546262&amp;elqCampaignId=27382&amp;utm_campaign=27382&amp;utm_source=eloquaEmail&amp;utm_medium=email&amp;utm_content=COVID-19%20Emergency%20Communication%20for%20LATAM%20Librarians%20%28Spanish%29&amp;s=1133198723&amp;lid=212249&amp;elqTrackId=c631b1d423cb40028c7d3f54cb32d1a6&amp;elq=a6b48ed1510f4769965bc9932728a50f&amp;elqaid=43571&amp;elqat=1\" target=\"_blank\" rel=\"noopener\" data-saferedirecturl=\"https:\/\/www.google.com\/url?q=http:\/\/s1133198723.t.en25.com\/e\/er?elq_mid%3D43571%26elq_cid%3D546262%26elqCampaignId%3D27382%26utm_campaign%3D27382%26utm_source%3DeloquaEmail%26utm_medium%3Demail%26utm_content%3DCOVID-19%2520Emergency%2520Communication%2520for%2520LATAM%2520Librarians%2520%2528Spanish%2529%26s%3D1133198723%26lid%3D212249%26elqTrackId%3Dc631b1d423cb40028c7d3f54cb32d1a6%26elq%3Da6b48ed1510f4769965bc9932728a50f%26elqaid%3D43571%26elqat%3D1&amp;source=gmail&amp;ust=1585286775918000&amp;usg=AFQjCNEgEBgvZ2Ybe-5p_uVu2x7rRIeFYw\">5.000 art\u00edculos relacionados con COVID-19<\/a>\u00a0<\/span><\/span><\/span><\/span><\/span>en apoyo de los esfuerzos mundiales en diagn\u00f3stico, tratamiento y prevenci\u00f3n.<\/p>\n<p>* Informaci\u00f3n gratuita y\u00a0<span style=\"font-weight: 400;\"><a href=\"http:\/\/s1133198723.t.en25.com\/e\/er?elq_mid=43571&amp;elq_cid=546262&amp;elqCampaignId=27382&amp;utm_campaign=27382&amp;utm_source=eloquaEmail&amp;utm_medium=email&amp;utm_content=COVID-19%20Emergency%20Communication%20for%20LATAM%20Librarians%20%28Spanish%29&amp;s=1133198723&amp;lid=212248&amp;elqTrackId=0164b4e51b184964a0d539db75f616d9&amp;elq=a6b48ed1510f4769965bc9932728a50f&amp;elqaid=43571&amp;elqat=1\" data-saferedirecturl=\"https:\/\/www.google.com\/url?q=http:\/\/s1133198723.t.en25.com\/e\/er?elq_mid%3D43571%26elq_cid%3D546262%26elqCampaignId%3D27382%26utm_campaign%3D27382%26utm_source%3DeloquaEmail%26utm_medium%3Demail%26utm_content%3DCOVID-19%2520Emergency%2520Communication%2520for%2520LATAM%2520Librarians%2520%2528Spanish%2529%26s%3D1133198723%26lid%3D212248%26elqTrackId%3D0164b4e51b184964a0d539db75f616d9%26elq%3Da6b48ed1510f4769965bc9932728a50f%26elqaid%3D43571%26elqat%3D1&amp;source=gmail&amp;ust=1585286775918000&amp;usg=AFQjCNHlruXuv9aZS0YkpAWxXmw_wWepew\">en tiempo real<\/a>\u00a0<\/span>\u00a0de las \u00faltimas investigaciones y noticias sobre el COVID-19 de Scitrus, impulsada por la aplicaci\u00f3n de descubrimiento personalizado de Atypon.<\/p>\n<p>&nbsp;<\/p>\n<p><img loading=\"lazy\" decoding=\"async\" class=\"alignnone size-full wp-image-2585\" src=\"http:\/\/tumi.lamolina.edu.pe\/bvbe\/wp-content\/uploads\/2020\/03\/GALE.jpg\" alt=\"\" width=\"530\" height=\"58\" \/><\/p>\n<p style=\"text-align: center;\"><span style=\"color: #0000ff; font-size: 14pt;\"><strong>A LA COMUNIDAD MOLINERA<\/strong><\/span><\/p>\n<p>Es grato saludarlos y comunicarles que la plataforma Cengage, durante esta potencial contingencia sanitaria impactado por el COVID-19, pone a su disposici\u00f3n de la UNALM, el acceso a libros electr\u00f3nicos para la lectura en l\u00ednea.<\/p>\n<p><span style=\"color: #0000ff;\"><strong>Recursos:<\/strong><\/span><\/p>\n<p><strong>1. Ingresar a los enlaces y escribir la contrase\u00f1a: mArz020<\/strong><\/p>\n<p>Matem\u00e1ticas y Estad\u00edstica https:\/\/matematicasestadistica.vstbridge.com<\/p>\n<p>Ciencias B\u00e1sicas https:\/\/cienciasbasicas.vstbridge.com<\/p>\n<p>Negocios https:\/\/negocios.vstbridge.com<\/p>\n<p>Ingenier\u00eda https:\/\/ingenieria.vstbridge.com<\/p>\n<p>Ciencias Sociales https:\/\/cienciassociales.vstbridge.com<\/p>\n<p>Bachillerato https:\/\/dgbybachillerato.vstbridge.com<\/p>\n<p>Acceso hasta el 30 marzo.<\/p>\n<p><strong>2. Gale, parte de Cengage Learning<\/strong>, est\u00e1 ofreciendo acceso gratuito a los m\u00e1s de 2.600 eBooks que son de gran utilidad para la impartici\u00f3n de clases en l\u00ednea en todos los niveles educativos. Estos recursos son:<\/p>\n<p>PARA COLEGIOS:<\/p>\n<p>\u2022 Gale eBooks<br \/>\n\u2022 Gale Kids Infobits (pr\u00f3ximamente Gale InContext: Elementary)<br \/>\n\u2022 Gale InContext: Middle School<br \/>\n\u2022 Gale InContext: High School<\/p>\n<p>PARA UNIVERSIDADES:<\/p>\n<p>\u2022 Gale eBooks<br \/>\n\u2022 Gale Academic OneFile<br \/>\n\u2022 Gale Literature<br \/>\n\u2022 Gale In Context: Global Issues<br \/>\n\u2022 Gale InContext: Science<br \/>\n\u2022 Gale Interactive: Science<\/p>\n<p>PARA TODA LA COMUNIDAD:<\/p>\n<p>\u2022 Gale Health and Wellness<\/p>\n<p>El acceso a estos recursos estar\u00e1 abierto y sin restricciones hasta el 30 de Junio a trav\u00e9s de la p\u00e1gina:<\/p>\n<p><a href=\"https:\/\/www.galepages.com\/geb_trial\/resources\">https:\/\/www.galepages.com\/geb_trial\/resources<\/a><\/p>\n<p>&nbsp;<\/p>\n<p>&nbsp;<\/p>\n<blockquote class=\"wp-embedded-content\" data-secret=\"GMUp0gGZn4\"><p><a href=\"http:\/\/tumi.lamolina.edu.pe\/bvbe\/index.php\/bases-de-datos-ban-unalm\/\">Bases de Datos BAN-UNALM<\/a><\/p><\/blockquote>\n<p><iframe class=\"wp-embedded-content\" sandbox=\"allow-scripts\" security=\"restricted\" style=\"position: absolute; clip: rect(1px, 1px, 1px, 1px);\" src=\"http:\/\/tumi.lamolina.edu.pe\/bvbe\/index.php\/bases-de-datos-ban-unalm\/embed\/#?secret=GMUp0gGZn4\" data-secret=\"GMUp0gGZn4\" width=\"600\" height=\"338\" title=\"&#171;Bases de Datos BAN-UNALM&#187; &#8212; SALA BIBLIOTECA VIRTUAL Y B\u00daSQUEDA ESPECIALIZADA, UNIVERSIDAD NACIONAL AGRARIA LA MOLINA - UNALM\" frameborder=\"0\" marginwidth=\"0\" marginheight=\"0\" scrolling=\"no\"><\/iframe><\/p>\n<blockquote class=\"wp-embedded-content\" data-secret=\"bPhNh4SVFv\"><p><a href=\"http:\/\/tumi.lamolina.edu.pe\/bvbe\/\">B\u00fasqueda Especializada<\/a><\/p><\/blockquote>\n<p><iframe class=\"wp-embedded-content\" sandbox=\"allow-scripts\" security=\"restricted\" style=\"position: absolute; clip: rect(1px, 1px, 1px, 1px);\" src=\"http:\/\/tumi.lamolina.edu.pe\/bvbe\/embed\/#?secret=bPhNh4SVFv\" data-secret=\"bPhNh4SVFv\" width=\"600\" height=\"338\" title=\"&#171;B\u00fasqueda Especializada&#187; &#8212; SALA BIBLIOTECA VIRTUAL Y B\u00daSQUEDA ESPECIALIZADA, UNIVERSIDAD NACIONAL AGRARIA LA MOLINA - UNALM\" frameborder=\"0\" marginwidth=\"0\" marginheight=\"0\" scrolling=\"no\"><\/iframe><\/p>\n<p>&nbsp;<\/p>\n<p>&nbsp;<\/p>\n","protected":false},"excerpt":{"rendered":"<p>&nbsp; A LA COMUNIDAD MOLINERA Es grato saludarlos y comunicarles que \u00a0la Editorial Wiley, ha puesto todos los art\u00edculos relacionados con el Coronavirus en acceso libre para consulta de toda la sociedad as\u00ed como la comunidad de alumnos, acad\u00e9micos e investigadores a nivel mundial. El creciente impacto global del COVID-19 es un claro recordatorio de &hellip;<\/p>\n","protected":false},"author":1,"featured_media":0,"parent":0,"menu_order":0,"comment_status":"closed","ping_status":"closed","template":"","meta":{"footnotes":""},"_links":{"self":[{"href":"https:\/\/tumi.lamolina.edu.pe\/bvbe\/index.php\/wp-json\/wp\/v2\/pages\/2584"}],"collection":[{"href":"https:\/\/tumi.lamolina.edu.pe\/bvbe\/index.php\/wp-json\/wp\/v2\/pages"}],"about":[{"href":"https:\/\/tumi.lamolina.edu.pe\/bvbe\/index.php\/wp-json\/wp\/v2\/types\/page"}],"author":[{"embeddable":true,"href":"https:\/\/tumi.lamolina.edu.pe\/bvbe\/index.php\/wp-json\/wp\/v2\/users\/1"}],"replies":[{"embeddable":true,"href":"https:\/\/tumi.lamolina.edu.pe\/bvbe\/index.php\/wp-json\/wp\/v2\/comments?post=2584"}],"version-history":[{"count":11,"href":"https:\/\/tumi.lamolina.edu.pe\/bvbe\/index.php\/wp-json\/wp\/v2\/pages\/2584\/revisions"}],"predecessor-version":[{"id":2592,"href":"https:\/\/tumi.lamolina.edu.pe\/bvbe\/index.php\/wp-json\/wp\/v2\/pages\/2584\/revisions\/2592"}],"wp:attachment":[{"href":"https:\/\/tumi.lamolina.edu.pe\/bvbe\/index.php\/wp-json\/wp\/v2\/media?parent=2584"}],"curies":[{"name":"wp","href":"https:\/\/api.w.org\/{rel}","templated":true}]}}