
{"id":20,"date":"2016-07-25T20:32:21","date_gmt":"2016-07-25T20:32:21","guid":{"rendered":"http:\/\/bvbe1.compuwebperu.com\/bvbe\/?page_id=20"},"modified":"2025-04-21T13:23:46","modified_gmt":"2025-04-21T18:23:46","slug":"contactenos","status":"publish","type":"page","link":"https:\/\/tumi.lamolina.edu.pe\/bvbe\/index.php\/contactenos\/","title":{"rendered":"Contact"},"content":{"rendered":"<p><span style=\"color: #0000ff;\">Contactarse con nosotros a trav\u00e9s de estos medios:<\/span><\/p>\n<p><script type=\"text\/javascript\" src=\"https:\/\/secure.skypeassets.com\/i\/scom\/js\/skype-uri.js\"><\/script><\/p>\n<div id=\"SkypeButton_Call_busquedaespecializada_1\"><script type=\"text\/javascript\"><br \/>\n Skype.ui({<br \/>\n \"name\": \"dropdown\",<br \/>\n \"element\": \"SkypeButton_Call_busquedaespecializada_1\",<br \/>\n \"participants\": [\"busquedaespecializada\"],<br \/>\n \"imageSize\": 32<br \/>\n });<br \/>\n <\/script><\/div>\n<p>Nick: \u00a0busquedaespecializada<\/p>\n<ul>\n<li style=\"list-style-type: none;\">\n<ul>\n<li>E-mail: <a href=\"mailto:biblio@lamolina.edu.pe\">biblio@lamolina.edu.pe<\/a><\/li>\n<li><a href=\"https:\/\/docs.google.com\/forms\/d\/e\/1FAIpQLSdwShGvsM3xJ4Oye-UGtyWOSXsr9rtrUeXj_6kFTO6EMKNcyw\/viewform\">Formulario electr\u00f3nico v\u00eda p\u00e1gina web<\/a><\/li>\n<li>Tel\u00e9fono: 511- 6147138<\/li>\n<\/ul>\n<\/li>\n<\/ul>\n<p><a class=\"twitter-follow-button\" href=\"https:\/\/twitter.com\/BusquedaEspBAN\" data-size=\"large\" data-lang=\"es\" data-show-count=\"false\">Seguir a @BusquedaEspBAN<\/a><\/p>\n<p><script>!function(d,s,id){var js,fjs=d.getElementsByTagName(s)[0];if(!d.getElementById(id)){js=d.createElement(s);js.id=id;js.src=\"\/\/platform.twitter.com\/widgets.js\";fjs.parentNode.insertBefore(js,fjs);}}(document,\"script\",\"twitter-wjs\");<\/script><\/p>\n<p><span style=\"color: #0000ff;\"><strong><u>Ubicaci\u00f3n:<\/u><\/strong><\/span><br \/>\n<strong><u><br \/>\n<\/u><\/strong>Primer piso del edificio N\u00b0 2 de la BAN.<br \/>\nSala Biblioteca Virtual y B\u00fasqueda Especializada.<br \/>\nBAN-UNALM<br \/>\n<u><\/u><\/p>\n<p><strong><u><br \/>\n<\/u><\/strong><span style=\"color: #0000ff;\"><u><strong>Horario de Atenci\u00f3n:<\/strong><\/u><\/span><\/p>\n<p>Lunes a Viernes : 8:15 am. a 3:00 pm.<\/p>\n","protected":false},"excerpt":{"rendered":"<p>Contactarse con nosotros a trav\u00e9s de estos medios: Nick: \u00a0busquedaespecializada E-mail: biblio@lamolina.edu.pe Formulario electr\u00f3nico v\u00eda p\u00e1gina web Tel\u00e9fono: 511- 6147138 Seguir a @BusquedaEspBAN Ubicaci\u00f3n: Primer piso del edificio N\u00b0 2 de la BAN. Sala Biblioteca Virtual y B\u00fasqueda Especializada. BAN-UNALM Horario de Atenci\u00f3n: Lunes a Viernes : 8:15 am. a 3:00 pm.<\/p>\n","protected":false},"author":1,"featured_media":0,"parent":0,"menu_order":0,"comment_status":"closed","ping_status":"closed","template":"","meta":{"footnotes":""},"_links":{"self":[{"href":"https:\/\/tumi.lamolina.edu.pe\/bvbe\/index.php\/wp-json\/wp\/v2\/pages\/20"}],"collection":[{"href":"https:\/\/tumi.lamolina.edu.pe\/bvbe\/index.php\/wp-json\/wp\/v2\/pages"}],"about":[{"href":"https:\/\/tumi.lamolina.edu.pe\/bvbe\/index.php\/wp-json\/wp\/v2\/types\/page"}],"author":[{"embeddable":true,"href":"https:\/\/tumi.lamolina.edu.pe\/bvbe\/index.php\/wp-json\/wp\/v2\/users\/1"}],"replies":[{"embeddable":true,"href":"https:\/\/tumi.lamolina.edu.pe\/bvbe\/index.php\/wp-json\/wp\/v2\/comments?post=20"}],"version-history":[{"count":22,"href":"https:\/\/tumi.lamolina.edu.pe\/bvbe\/index.php\/wp-json\/wp\/v2\/pages\/20\/revisions"}],"predecessor-version":[{"id":3000,"href":"https:\/\/tumi.lamolina.edu.pe\/bvbe\/index.php\/wp-json\/wp\/v2\/pages\/20\/revisions\/3000"}],"wp:attachment":[{"href":"https:\/\/tumi.lamolina.edu.pe\/bvbe\/index.php\/wp-json\/wp\/v2\/media?parent=20"}],"curies":[{"name":"wp","href":"https:\/\/api.w.org\/{rel}","templated":true}]}}