
{"id":196,"date":"2016-09-08T14:46:37","date_gmt":"2016-09-08T14:46:37","guid":{"rendered":"http:\/\/bvbe1.compuwebperu.com\/bvbe\/?page_id=196"},"modified":"2017-08-03T14:39:27","modified_gmt":"2017-08-03T19:39:27","slug":"windows-movie-maker","status":"publish","type":"page","link":"https:\/\/tumi.lamolina.edu.pe\/bvbe\/index.php\/windows-movie-maker\/","title":{"rendered":"Windows Movie Maker"},"content":{"rendered":"<h3 style=\"text-align: center;\"><span style=\"color: #0000ff; font-size: 12pt;\"><strong><u>CURSO EDICI\u00d3N DE V\u00cdDEO CON WINDOWS MOVIE MAKER<\/u><\/strong><\/span><\/h3>\n<p>Profesor: Ing.Enrique Davir\u00e1n<\/p>\n<p>E-mail: <a href=\"mailto:endaca@lamolina.edu.pe\">endaca@lamolina.edu.pe<\/a><\/p>\n<ol>\n<li><strong> INTRODUCCI\u00d3N.<\/strong><\/li>\n<\/ol>\n<p style=\"text-align: justify;\">Con el avance y acceso de las tecnolog\u00edas de informaci\u00f3n y comunicaciones (tic\u2019s), hoy en d\u00eda cualquier persona que posee una computadora, un celular,\u00a0 una c\u00e1mara de video, puede aprender a editar un video.<\/p>\n<p style=\"text-align: justify;\">Este curso b\u00e1sico introductorio permitir\u00e1 al alumno aprender a crear, editar y compartir videos, como un recurso audiovisual para\u00a0 ser empleado en su \u00e1rea laboral, acad\u00e9mica y dom\u00e9stica.<\/p>\n<ol style=\"text-align: justify;\" start=\"2\">\n<li style=\"text-align: justify;\"><strong> OBJETIVOS.<\/strong><\/li>\n<\/ol>\n<ul style=\"text-align: justify;\">\n<li>Aprender a descargar de internet v\u00eddeos, audios o m\u00fasica e im\u00e1genes, elementos\u00a0 b\u00e1sicos para editar un v\u00eddeo.<\/li>\n<li>Conocer\u00a0 y usar el programa Windows Movie Maker para crear, editar v\u00eddeos.<\/li>\n<li>Comentar la utilizaci\u00f3n de la edici\u00f3n un v\u00eddeo\u00a0 en el \u00e1rea laboral.<\/li>\n<li>Aprender a publicar un v\u00eddeo editado en \u00a0un Blog (Blogger) \u00a0y en Youtube.<\/li>\n<\/ul>\n<ol style=\"text-align: justify;\" start=\"3\">\n<li><strong> COMPETENCIAS.<\/strong><\/li>\n<\/ol>\n<ul style=\"text-align: justify;\">\n<li>Habilidad para obtener\u00a0 de internet un v\u00eddeo o audio como medio de comunicaci\u00f3n.<\/li>\n<li>Tener los conocimientos y capacidad para editar un v\u00eddeo.<\/li>\n<li>Aplicaci\u00f3n y utilizaci\u00f3n de la edici\u00f3n un v\u00eddeo en el \u00e1mbito personal, social y laboral.<\/li>\n<li>Habilidad para publicar o insertar v\u00eddeos en\u00a0 un Blog o en Youtube<\/li>\n<\/ul>\n<ol style=\"text-align: justify;\" start=\"4\">\n<li><strong> CONTENIDO DEL CURSO.<\/strong><\/li>\n<\/ol>\n<p style=\"text-align: justify;\"><strong>\u00a0 \u00a0 \u00a04.1 <\/strong><strong>Descarga de videos con a Tube Catcher<\/strong>.<\/p>\n<p style=\"text-align: justify;\">\u00a0 \u00a0 \u00a04.1.1. \u00a0 \u00a0Introducci\u00f3n al programa Tube Catcher.<\/p>\n<p style=\"text-align: justify;\">\u00a0 \u00a0 \u00a04.1.2. \u00a0 \u00a0Instalaci\u00f3n del programa a Tube Catcher<\/p>\n<p style=\"text-align: justify;\">\u00a0 \u00a0 \u00a04.1.3. \u00a0 \u00a0Definici\u00f3n y Utilizaci\u00f3n del\u00a0 programa Tube Catcher.<\/p>\n<p style=\"text-align: justify;\">\u00a0 \u00a0 \u00a04.1.4. \u00a0 \u00a0Descarga de videos y audio \u00f3 m\u00fasica de youtube.<\/p>\n<p style=\"text-align: justify;\"><strong>\u00a0 \u00a0 \u00a04.2 <\/strong><strong>Edici\u00f3n de videos con \u00a0Windows Movie Maker. <\/strong><\/p>\n<p style=\"text-align: justify;\">\u00a0 \u00a0 \u00a04.2.1 \u00a0 \u00a0 Definici\u00f3n y Utilizaci\u00f3n del\u00a0 programa Windows Movie Maker.<\/p>\n<p style=\"text-align: justify;\">\u00a0 \u00a0 \u00a04.2.2 \u00a0 \u00a0 \u00a0Importaci\u00f3n de videos, im\u00e1genes y audio \u00f3 m\u00fasica<\/p>\n<p style=\"text-align: justify;\">\u00a0 \u00a0 \u00a04.2.3 \u00a0 \u00a0 \u00a0Adici\u00f3n de efectos de v\u00eddeo.<\/p>\n<p style=\"text-align: justify;\">\u00a0 \u00a0 \u00a04.2.4 \u00a0 \u00a0 \u00a0Utilizaci\u00f3n de transiciones de v\u00eddeo.<\/p>\n<p style=\"text-align: justify;\">\u00a0 \u00a0 \u00a04.2.5 \u00a0 \u00a0 \u00a0Creaci\u00f3n de t\u00edtulos o cr\u00e9ditos<\/p>\n<p style=\"text-align: justify;\">\u00a0 \u00a0 \u00a04.2.6 \u00a0 \u00a0 \u00a0Exportaci\u00f3n del v\u00eddeo.<\/p>\n<p style=\"text-align: justify;\"><strong>\u00a0 \u00a0 \u00a04.3 <\/strong><strong>Publicaci\u00f3n del Video.<\/strong><\/p>\n<p style=\"text-align: justify;\">\u00a0 \u00a0 \u00a04.3.1 \u00a0 \u00a0 \u00a0Publicaci\u00f3n de un Video en un Blog (Blogger).<\/p>\n<p style=\"text-align: justify;\">\u00a0 \u00a0 \u00a04.3.2 \u00a0 \u00a0 \u00a0Publicaci\u00f3n de un Video en Youtube.<\/p>\n<ol style=\"text-align: justify;\" start=\"5\">\n<li><strong> METODOLOG\u00cdA DEL CURSO.<\/strong><\/li>\n<\/ol>\n<p style=\"text-align: justify;\">El curso se desarrollar\u00e1 utilizando el m\u00e9todo expositivo, demostrativo, con din\u00e1mica grupal, procedi\u00e9ndose al desarrollo de aplicaciones pr\u00e1cticas de forma inmediata.<\/p>\n<p style=\"text-align: justify;\">A los alumnos se les proporcionar\u00e1 separatas del curso que les servir\u00e1n\u00a0 como material de apoyo y de\u00a0 consulta.<\/p>\n<ol style=\"text-align: justify;\" start=\"6\">\n<li><strong> EVALUACI\u00d3N<\/strong><\/li>\n<\/ol>\n<p style=\"text-align: justify;\">Para la\u00a0 evaluaci\u00f3n del curso se tomara en cuenta la participaci\u00f3n en clase del alumno y los\u00a0 ex\u00e1menes calificados cuya nota\u00a0 aprobatoria ser\u00e1 de 14.<\/p>\n<ol style=\"text-align: justify;\" start=\"7\">\n<li><strong> BIBLIOGRAFIA<\/strong><\/li>\n<\/ol>\n<ul style=\"text-align: justify;\">\n<li>\u00a0\u00c1lvarez, LJ. 2009. Introducci\u00f3n a la Tecnolog\u00eda de la Informaci\u00f3n Curso 2009\/10\u00a0 (en l\u00ednea). Espa\u00f1a. Consultado 5 Dic. 2011. Disponible en <a href=\"http:\/\/alcazaba.unex.es\/~jmalvllo\/iti\/descarga\/practica6.pdf\" target=\"_blank\">http:\/\/alcazaba.unex.es\/~jmalvllo\/iti\/descarga\/practica6.pdf<\/a><\/li>\n<\/ul>\n<ul style=\"text-align: justify;\">\n<li>Aguilera, P;\u00a0 Morate, M. 2010. Tratamiento Inform\u00e1tico de la Informaci\u00f3n (en l\u00ednea). Madrid, ES. Consultado 10\u00a0 Nov. 2011. Disponible en <a href=\"http:\/\/books.google.com.pe\/books?id=R_35-0fg-EsC&amp;pg=PA276&amp;dq=window+movie+maker+edicion&amp;hl=es&amp;sa=X&amp;ei=QV37Tu_DIYOWtwe6_LGtBQ&amp;ved=0CDgQ6AEwAQ#v=onepage&amp;q=window%20movie%20maker%20edicion&amp;f=false\" target=\"_blank\">http:\/\/books.google.com.pe\/<\/a><\/li>\n<\/ul>\n<ul style=\"text-align: justify;\">\n<li>Briggs, M. 2007. Periodismo 2.0: Una gu\u00eda de alfabetizaci\u00f3n digital para sobrevivir y prosperar en la era de la informaci\u00f3n (en l\u00ednea). Texas, U.S. Consultado 22\u00a0 Nov. 2011. Disponible en <a href=\"http:\/\/knightcenter.utexas.edu\/Periodismo_20.pdf\" target=\"_blank\">http:\/\/knightcenter.utexas.edu\/Periodismo_20.pdf<\/a><\/li>\n<\/ul>\n<ul style=\"text-align: justify;\">\n<li>Londo\u00f1o, GM; Vilarna M; 2009. Proyecto Creando Historias Digitales (en l\u00ednea). Barcelona, ES. Consultado 20\u00a0 Dic. 2011. Disponible en <a href=\"http:\/\/greav.ub.edu\/relatosdigitales\/PDF\/Tutorial_MovieMaker_castellano_v2.pdf\" target=\"_blank\">http:\/\/greav.ub.edu\/relatosdigitales\/PDF\/Tutorial_MovieMaker_castellano_v2.pdf<\/a><\/li>\n<\/ul>\n<ul style=\"text-align: justify;\">\n<li style=\"text-align: justify;\">\u00a0 Rosa, VJ. 2011. Silabo Windows Movie Make (en l\u00ednea). Per\u00fa. Consultado 13 Dic. 2011. Disponible en <a href=\"http:\/\/es.scribd.com\/doc\/61758428\/Silabo-Windows-Movie-Maker-prof-Jose-de-la-Rosa-Vidal-http-jose-de-la-rosa-blogspot-com-conferencias-de-alto-impacto\" target=\"_blank\">http:\/\/es.scribd.com\/doc\/61758428\/Silabo-Windows-Movie-Maker-prof-Jose-de-la-Rosa-Vidal-http-jose-de-la-rosa-blogspot-com-conferencias-de-alto-impacto<\/a><\/li>\n<\/ul>\n<ol style=\"text-align: justify;\" start=\"8\">\n<li><strong> CRONOGRAMA<\/strong><\/li>\n<\/ol>\n<table style=\"width: 654px;\">\n<tbody>\n<tr>\n<td style=\"width: 652px;\">\n<table style=\"width: 635px;\">\n<tbody>\n<tr>\n<td style=\"width: 571px;\"><\/td>\n<\/tr>\n<tr>\n<td style=\"width: 571px;\">\n<table style=\"width: 616px;\">\n<tbody>\n<tr>\n<td style=\"width: 57px; text-align: center;\"><strong>D\u00cdA<\/strong><\/td>\n<td style=\"width: 148px; text-align: center;\"><strong>CONTENIDO DEL CURSO<\/strong><\/td>\n<td style=\"width: 393px; text-align: center;\"><strong>ACTIVIDADES A REALIZAR<\/strong><\/td>\n<\/tr>\n<tr>\n<td style=\"width: 57px; text-align: center;\"><span style=\"font-size: 10pt;\">1<\/span><\/td>\n<td style=\"width: 148px;\"><span style=\"font-size: 10pt;\">Descarga de \u00a0v\u00eddeos con a Tube Catcher<\/span><\/td>\n<td style=\"width: 393px;\"><span style=\"font-size: 10pt;\">1.\u00a0\u00a0 Introducci\u00f3n al programa Tube Catcher.<\/span><\/p>\n<p><span style=\"font-size: 10pt;\">2.\u00a0\u00a0 Instalaci\u00f3n del programa a Tube Catcher<\/span><\/p>\n<p><span style=\"font-size: 10pt;\">3.\u00a0\u00a0 Definici\u00f3n y Utilizaci\u00f3n del\u00a0 programa Tube Catcher.<\/span><\/p>\n<p><span style=\"font-size: 10pt;\">4.\u00a0\u00a0 Descarga de \u00a0v\u00eddeos y audio \u00f3 m\u00fasica de youtube.<\/span><\/td>\n<\/tr>\n<tr>\n<td style=\"width: 57px; text-align: center;\"><span style=\"font-size: 10pt;\">2<\/span><\/td>\n<td style=\"width: 148px;\"><span style=\"font-size: 10pt;\">Edici\u00f3n de \u00a0v\u00eddeos con \u00a0Windows Movie Maker<strong>.<\/strong><\/span><\/td>\n<td style=\"width: 393px;\"><span style=\"font-size: 10pt;\">1.\u00a0\u00a0 Definici\u00f3n y Utilizaci\u00f3n del\u00a0 programa Windows Movie Maker.<\/span><\/p>\n<p><span style=\"font-size: 10pt;\">2.\u00a0\u00a0 Importaci\u00f3n de \u00a0v\u00eddeos , im\u00e1genes y audio \u00f3 m\u00fasica.<\/span><\/p>\n<p><span style=\"font-size: 10pt;\">3.\u00a0\u00a0 Adici\u00f3n de efectos de v\u00eddeo.<\/span><\/p>\n<p><span style=\"font-size: 10pt;\">4.\u00a0\u00a0 Utilizaci\u00f3n de transiciones de v\u00eddeo.<\/span><\/td>\n<\/tr>\n<tr>\n<td style=\"width: 57px; text-align: center;\"><span style=\"font-size: 10pt;\">3<\/span><\/td>\n<td style=\"width: 148px;\"><span style=\"font-size: 10pt;\">Edici\u00f3n de v\u00eddeos con \u00a0Windows Movie Maker<\/span><\/p>\n<p><span style=\"font-size: 10pt;\">Y<\/span><\/p>\n<p><span style=\"font-size: 10pt;\">Publicaci\u00f3n del v\u00eddeo.<\/span><\/td>\n<td style=\"width: 393px;\"><span style=\"font-size: 10pt;\">1.\u00a0\u00a0 Creaci\u00f3n de t\u00edtulos o cr\u00e9ditos<\/span><\/p>\n<p><span style=\"font-size: 10pt;\">2.\u00a0\u00a0 Exportaci\u00f3n del v\u00eddeo.<\/span><\/p>\n<p><span style=\"font-size: 10pt;\">3.\u00a0\u00a0 Publicaci\u00f3n de un v\u00eddeo en un Blog (Blogger).<\/span><\/p>\n<p><span style=\"font-size: 10pt;\">4.\u00a0\u00a0 Publicaci\u00f3n de un \u00a0v\u00eddeo en Youtube.<\/span><\/p>\n<p><span style=\"font-size: 10pt;\">5.\u00a0\u00a0 Exhibici\u00f3n del Abobe Premier<\/span><\/td>\n<\/tr>\n<\/tbody>\n<\/table>\n<\/td>\n<\/tr>\n<\/tbody>\n<\/table>\n<\/td>\n<\/tr>\n<tr>\n<td style=\"width: 652px;\"><\/td>\n<\/tr>\n<\/tbody>\n<\/table>\n<p style=\"text-align: justify;\"><strong>Requisitos disponibles, en la <span style=\"color: #0000ff;\">Sala Virtual y B\u00fasqueda Especializada (BVBE)<\/span>.<\/strong><\/p>\n<p style=\"text-align: justify;\">Computadoras con acceso a internet, aud\u00edfonos y micr\u00f3fonos.<\/p>\n<p style=\"text-align: justify;\"><span style=\"color: #0000ff;\"><strong>Ejemplo:<\/strong><\/span><\/p>\n<p style=\"text-align: justify;\">Se muestra los v\u00eddeos realizados por los trabajadores de la Biblioteca Agr\u00edcola Nacional. (BAN-UNALM.)<\/p>\n<p style=\"text-align: justify;\">En el curso de Edici\u00f3n de v\u00eddeo con windows movie maker dictado por Ing. Enrique Davir\u00e1n en el 2012.<\/p>\n<p style=\"text-align: justify;\">Ver el siguiente enlace:<\/p>\n<h4 style=\"text-align: justify;\"><span style=\"font-size: 14pt;\"><strong><a href=\"http:\/\/yo-mismo-soy.blogspot.com\/\" target=\"_blank\">Yo-Mismo-Soy\u00a0<\/a><\/strong><\/span><\/h4>\n","protected":false},"excerpt":{"rendered":"<p>CURSO EDICI\u00d3N DE V\u00cdDEO CON WINDOWS MOVIE MAKER Profesor: Ing.Enrique Davir\u00e1n E-mail: endaca@lamolina.edu.pe INTRODUCCI\u00d3N. Con el avance y acceso de las tecnolog\u00edas de informaci\u00f3n y comunicaciones (tic\u2019s), hoy en d\u00eda cualquier persona que posee una computadora, un celular,\u00a0 una c\u00e1mara de video, puede aprender a editar un video. Este curso b\u00e1sico introductorio permitir\u00e1 al alumno &hellip;<\/p>\n","protected":false},"author":1,"featured_media":0,"parent":0,"menu_order":0,"comment_status":"closed","ping_status":"closed","template":"","meta":{"footnotes":""},"_links":{"self":[{"href":"https:\/\/tumi.lamolina.edu.pe\/bvbe\/index.php\/wp-json\/wp\/v2\/pages\/196"}],"collection":[{"href":"https:\/\/tumi.lamolina.edu.pe\/bvbe\/index.php\/wp-json\/wp\/v2\/pages"}],"about":[{"href":"https:\/\/tumi.lamolina.edu.pe\/bvbe\/index.php\/wp-json\/wp\/v2\/types\/page"}],"author":[{"embeddable":true,"href":"https:\/\/tumi.lamolina.edu.pe\/bvbe\/index.php\/wp-json\/wp\/v2\/users\/1"}],"replies":[{"embeddable":true,"href":"https:\/\/tumi.lamolina.edu.pe\/bvbe\/index.php\/wp-json\/wp\/v2\/comments?post=196"}],"version-history":[{"count":15,"href":"https:\/\/tumi.lamolina.edu.pe\/bvbe\/index.php\/wp-json\/wp\/v2\/pages\/196\/revisions"}],"predecessor-version":[{"id":1404,"href":"https:\/\/tumi.lamolina.edu.pe\/bvbe\/index.php\/wp-json\/wp\/v2\/pages\/196\/revisions\/1404"}],"wp:attachment":[{"href":"https:\/\/tumi.lamolina.edu.pe\/bvbe\/index.php\/wp-json\/wp\/v2\/media?parent=196"}],"curies":[{"name":"wp","href":"https:\/\/api.w.org\/{rel}","templated":true}]}}