
{"id":18,"date":"2016-07-25T20:32:03","date_gmt":"2016-07-25T20:32:03","guid":{"rendered":"http:\/\/bvbe1.compuwebperu.com\/bvbe\/?page_id=18"},"modified":"2017-08-04T13:10:37","modified_gmt":"2017-08-04T18:10:37","slug":"docentes","status":"publish","type":"page","link":"https:\/\/tumi.lamolina.edu.pe\/bvbe\/index.php\/docentes\/","title":{"rendered":"\u00c1rea de Docentes"},"content":{"rendered":"<ul>\n<li><span style=\"color: #0000ff;\"><strong>Acreditaci\u00f3n<\/strong><\/span><\/li>\n<\/ul>\n<ul>\n<li><span style=\"color: #0000ff;\"><strong>Carrera de Investigaci\u00f3n<\/strong><\/span><\/li>\n<\/ul>\n<ul>\n<li><a href=\"http:\/\/tumi.lamolina.edu.pe\/bvbe\/index.php\/serviciocapa\/\"><span style=\"color: #0000ff;\"><strong>Capacitaci\u00f3n en Base de Datos<\/strong><\/span><\/a><\/li>\n<\/ul>\n<ul>\n<li><span style=\"color: #0000ff;\"><strong><a style=\"color: #0000ff;\" href=\"http:\/\/tumi.lamolina.edu.pe\/bvbe\/index.php\/solicitudarti\/\">Solicitud de Art\u00edculos Cient\u00edficos<\/a><\/strong><\/span><\/li>\n<\/ul>\n<ul>\n<li><a href=\"http:\/\/tumi.lamolina.edu.pe\/bvbe\/index.php\/publicaciones-cientificas\/\"><span style=\"color: #0000ff;\"><strong>Publicaciones Cient\u00edficas<\/strong><\/span><\/a><\/li>\n<\/ul>\n<ul>\n<li><span style=\"color: #0000ff;\"><strong>C\u00f3mo le ayuda nuestra sala<\/strong><\/span><\/li>\n<\/ul>\n<ul>\n<li><a href=\"http:\/\/tumi.lamolina.edu.pe\/bvbe\/index.php\/facultad-de-pesqueria\/\"><span style=\"color: #0000ff;\"><strong>V\u00eddeos para Usar en Clase por facultades<\/strong><\/span><\/a><\/li>\n<\/ul>\n","protected":false},"excerpt":{"rendered":"<p>Acreditaci\u00f3n Carrera de Investigaci\u00f3n Capacitaci\u00f3n en Base de Datos Solicitud de Art\u00edculos Cient\u00edficos Publicaciones Cient\u00edficas C\u00f3mo le ayuda nuestra sala V\u00eddeos para Usar en Clase por facultades<\/p>\n","protected":false},"author":1,"featured_media":0,"parent":0,"menu_order":0,"comment_status":"closed","ping_status":"closed","template":"","meta":{"footnotes":""},"_links":{"self":[{"href":"https:\/\/tumi.lamolina.edu.pe\/bvbe\/index.php\/wp-json\/wp\/v2\/pages\/18"}],"collection":[{"href":"https:\/\/tumi.lamolina.edu.pe\/bvbe\/index.php\/wp-json\/wp\/v2\/pages"}],"about":[{"href":"https:\/\/tumi.lamolina.edu.pe\/bvbe\/index.php\/wp-json\/wp\/v2\/types\/page"}],"author":[{"embeddable":true,"href":"https:\/\/tumi.lamolina.edu.pe\/bvbe\/index.php\/wp-json\/wp\/v2\/users\/1"}],"replies":[{"embeddable":true,"href":"https:\/\/tumi.lamolina.edu.pe\/bvbe\/index.php\/wp-json\/wp\/v2\/comments?post=18"}],"version-history":[{"count":4,"href":"https:\/\/tumi.lamolina.edu.pe\/bvbe\/index.php\/wp-json\/wp\/v2\/pages\/18\/revisions"}],"predecessor-version":[{"id":1455,"href":"https:\/\/tumi.lamolina.edu.pe\/bvbe\/index.php\/wp-json\/wp\/v2\/pages\/18\/revisions\/1455"}],"wp:attachment":[{"href":"https:\/\/tumi.lamolina.edu.pe\/bvbe\/index.php\/wp-json\/wp\/v2\/media?parent=18"}],"curies":[{"name":"wp","href":"https:\/\/api.w.org\/{rel}","templated":true}]}}