
{"id":16,"date":"2016-07-25T20:31:37","date_gmt":"2016-07-25T20:31:37","guid":{"rendered":"http:\/\/bvbe1.compuwebperu.com\/bvbe\/?page_id=16"},"modified":"2017-01-18T14:28:19","modified_gmt":"2017-01-18T19:28:19","slug":"alumnos","status":"publish","type":"page","link":"https:\/\/tumi.lamolina.edu.pe\/bvbe\/index.php\/alumnos\/","title":{"rendered":"\u00c1rea de Alumnos"},"content":{"rendered":"<p>&nbsp;<\/p>\n<ul>\n<li><span style=\"color: #0000ff;\"><strong>Cursos y Actividades de la Biblioteca<\/strong><\/span><\/li>\n<\/ul>\n<ul>\n<li><span style=\"color: #0000ff;\"><strong><a style=\"color: #0000ff;\" href=\"http:\/\/tumi.lamolina.edu.pe\/ban\/?p=491\">Tr\u00e1mite del carn\u00e9 de biblioteca<\/a><\/strong><\/span><\/li>\n<\/ul>\n<ul>\n<li><a href=\"http:\/\/tumi.lamolina.edu.pe\/bvbe\/index.php\/serviciocapa\/\"><span style=\"color: #0000ff;\"><strong>Capacitaci\u00f3n en Base de Datos<\/strong><\/span><\/a><\/li>\n<\/ul>\n<ul>\n<li><a href=\"http:\/\/tumi.lamolina.edu.pe\/bvbe\/index.php\/solicitudarti\/\"><span style=\"color: #0000ff;\"><strong>Solicitud de Art\u00edculos Cient\u00edficos<\/strong><\/span><\/a><\/li>\n<\/ul>\n<ul>\n<li><span style=\"color: #0000ff;\"><strong>\u00c1rea de WIFI en la BAN<\/strong><\/span><\/li>\n<\/ul>\n<ul>\n<li><a href=\"http:\/\/tumi.lamolina.edu.pe\/bvbe\/index.php\/serviciotesis\/\"><span style=\"color: #0000ff;\"><strong>Termina tu Tesis<\/strong><\/span><\/a><\/li>\n<\/ul>\n<ul>\n<li><a href=\"http:\/\/tumi.lamolina.edu.pe\/bvbe\/index.php\/servicioasist\/\"><span style=\"color: #0000ff;\"><strong>Asistencia Tecnol\u00f3gica<\/strong><\/span><\/a><\/li>\n<\/ul>\n<ul>\n<li><span style=\"color: #0000ff;\"><strong><a style=\"color: #0000ff;\" href=\"http:\/\/ban.lamolina.edu.pe\/\">Consulta el Cat\u00e1logo de la BAN<\/a><\/strong><\/span><\/li>\n<\/ul>\n<ul>\n<li><span style=\"color: #0000ff;\"><strong>Pr\u00e9stamo de Port\u00e1tiles<\/strong><\/span><\/li>\n<\/ul>\n<ul>\n<li><span style=\"color: #0000ff;\"><strong>Lugares de la BAN para estudiar<\/strong><\/span><\/li>\n<\/ul>\n<ul>\n<li><a href=\"http:\/\/tumi.lamolina.edu.pe\/bvbe\/index.php\/acceso-desde-casa-a-recursos-electronicos\/\"><span style=\"color: #0000ff;\"><strong>Acceso desde casa a los recursos electr\u00f3nicos<\/strong><\/span><\/a><\/li>\n<\/ul>\n<ul>\n<li><a href=\"http:\/\/tumi.lamolina.edu.pe\/bvbe\/index.php\/aprenda-usted-mismo\/\"><span style=\"color: #0000ff;\"><strong>Aprenda Usted Mismo<\/strong><\/span><\/a><\/li>\n<\/ul>\n<ul>\n<li><span style=\"color: #0000ff;\"><strong>Gu\u00edas, Wikis, Blogs por materias<\/strong><\/span><\/li>\n<\/ul>\n<ul>\n<li><span style=\"color: #0000ff;\"><strong>Planos de la BAN localizaci\u00f3n<\/strong><\/span><\/li>\n<\/ul>\n","protected":false},"excerpt":{"rendered":"<p>&nbsp; Cursos y Actividades de la Biblioteca Tr\u00e1mite del carn\u00e9 de biblioteca Capacitaci\u00f3n en Base de Datos Solicitud de Art\u00edculos Cient\u00edficos \u00c1rea de WIFI en la BAN Termina tu Tesis Asistencia Tecnol\u00f3gica Consulta el Cat\u00e1logo de la BAN Pr\u00e9stamo de Port\u00e1tiles Lugares de la BAN para estudiar Acceso desde casa a los recursos electr\u00f3nicos Aprenda &hellip;<\/p>\n","protected":false},"author":1,"featured_media":0,"parent":0,"menu_order":0,"comment_status":"closed","ping_status":"closed","template":"","meta":{"footnotes":""},"_links":{"self":[{"href":"https:\/\/tumi.lamolina.edu.pe\/bvbe\/index.php\/wp-json\/wp\/v2\/pages\/16"}],"collection":[{"href":"https:\/\/tumi.lamolina.edu.pe\/bvbe\/index.php\/wp-json\/wp\/v2\/pages"}],"about":[{"href":"https:\/\/tumi.lamolina.edu.pe\/bvbe\/index.php\/wp-json\/wp\/v2\/types\/page"}],"author":[{"embeddable":true,"href":"https:\/\/tumi.lamolina.edu.pe\/bvbe\/index.php\/wp-json\/wp\/v2\/users\/1"}],"replies":[{"embeddable":true,"href":"https:\/\/tumi.lamolina.edu.pe\/bvbe\/index.php\/wp-json\/wp\/v2\/comments?post=16"}],"version-history":[{"count":3,"href":"https:\/\/tumi.lamolina.edu.pe\/bvbe\/index.php\/wp-json\/wp\/v2\/pages\/16\/revisions"}],"predecessor-version":[{"id":763,"href":"https:\/\/tumi.lamolina.edu.pe\/bvbe\/index.php\/wp-json\/wp\/v2\/pages\/16\/revisions\/763"}],"wp:attachment":[{"href":"https:\/\/tumi.lamolina.edu.pe\/bvbe\/index.php\/wp-json\/wp\/v2\/media?parent=16"}],"curies":[{"name":"wp","href":"https:\/\/api.w.org\/{rel}","templated":true}]}}