
{"id":156,"date":"2016-09-07T19:06:05","date_gmt":"2016-09-07T19:06:05","guid":{"rendered":"http:\/\/bvbe1.compuwebperu.com\/bvbe\/?page_id=156"},"modified":"2017-01-24T10:07:41","modified_gmt":"2017-01-24T15:07:41","slug":"base-de-datos-arti","status":"publish","type":"page","link":"https:\/\/tumi.lamolina.edu.pe\/bvbe\/index.php\/base-de-datos-arti\/","title":{"rendered":"Base de Datos ARTI"},"content":{"rendered":"<p><img loading=\"lazy\" decoding=\"async\" class=\"alignnone  wp-image-787\" src=\"http:\/\/tumi.lamolina.edu.pe\/bvbe\/wp-content\/uploads\/2016\/09\/BASE-ARTI-LOGO-300x97.png\" alt=\"base-arti-logo\" width=\"170\" height=\"55\" srcset=\"https:\/\/tumi.lamolina.edu.pe\/bvbe\/wp-content\/uploads\/2016\/09\/BASE-ARTI-LOGO-300x97.png 300w, https:\/\/tumi.lamolina.edu.pe\/bvbe\/wp-content\/uploads\/2016\/09\/BASE-ARTI-LOGO.png 365w\" sizes=\"(max-width: 170px) 100vw, 170px\" \/><\/p>\n<p>Base \u00a0relacionada a las ciencias agrarias en la cual \u00a0se puede encontrar art\u00edculos, tesis y libros.<\/p>\n<p>Disponible solo en la Sala Biblioteca Virtual y B\u00fasqueda Especializada (BVBE).<\/p>\n<p>&nbsp;<\/p>\n<p><span style=\"color: #0000ff;\"><strong>Horario de atenci\u00f3n<\/strong><\/span><\/p>\n<p>Ciclo Acad\u00e9mico (Marzo-Junio y Agosto-Diciembre)<br \/>\nLunes a Viernes : 8:15 am. a 7:00 pm.<br \/>\nS\u00e1bado : 9:00 am. a 1:00 pm.<\/p>\n<p>Periodo Vacacional (Enero-Febrero y Julio)<br \/>\nLunes a Viernes : 8:15 am. a 3:30 pm.<\/p>\n","protected":false},"excerpt":{"rendered":"<p>Base \u00a0relacionada a las ciencias agrarias en la cual \u00a0se puede encontrar art\u00edculos, tesis y libros. Disponible solo en la Sala Biblioteca Virtual y B\u00fasqueda Especializada (BVBE). &nbsp; Horario de atenci\u00f3n Ciclo Acad\u00e9mico (Marzo-Junio y Agosto-Diciembre) Lunes a Viernes : 8:15 am. a 7:00 pm. S\u00e1bado : 9:00 am. a 1:00 pm. Periodo Vacacional (Enero-Febrero &hellip;<\/p>\n","protected":false},"author":1,"featured_media":0,"parent":0,"menu_order":0,"comment_status":"closed","ping_status":"closed","template":"","meta":{"footnotes":""},"_links":{"self":[{"href":"https:\/\/tumi.lamolina.edu.pe\/bvbe\/index.php\/wp-json\/wp\/v2\/pages\/156"}],"collection":[{"href":"https:\/\/tumi.lamolina.edu.pe\/bvbe\/index.php\/wp-json\/wp\/v2\/pages"}],"about":[{"href":"https:\/\/tumi.lamolina.edu.pe\/bvbe\/index.php\/wp-json\/wp\/v2\/types\/page"}],"author":[{"embeddable":true,"href":"https:\/\/tumi.lamolina.edu.pe\/bvbe\/index.php\/wp-json\/wp\/v2\/users\/1"}],"replies":[{"embeddable":true,"href":"https:\/\/tumi.lamolina.edu.pe\/bvbe\/index.php\/wp-json\/wp\/v2\/comments?post=156"}],"version-history":[{"count":5,"href":"https:\/\/tumi.lamolina.edu.pe\/bvbe\/index.php\/wp-json\/wp\/v2\/pages\/156\/revisions"}],"predecessor-version":[{"id":788,"href":"https:\/\/tumi.lamolina.edu.pe\/bvbe\/index.php\/wp-json\/wp\/v2\/pages\/156\/revisions\/788"}],"wp:attachment":[{"href":"https:\/\/tumi.lamolina.edu.pe\/bvbe\/index.php\/wp-json\/wp\/v2\/media?parent=156"}],"curies":[{"name":"wp","href":"https:\/\/api.w.org\/{rel}","templated":true}]}}