
{"id":141,"date":"2016-09-07T16:40:11","date_gmt":"2016-09-07T16:40:11","guid":{"rendered":"http:\/\/bvbe1.compuwebperu.com\/bvbe\/?page_id=141"},"modified":"2016-09-24T00:11:01","modified_gmt":"2016-09-24T05:11:01","slug":"mision-vision-valores","status":"publish","type":"page","link":"https:\/\/tumi.lamolina.edu.pe\/bvbe\/index.php\/mision-vision-valores\/","title":{"rendered":"Misi\u00f3n, Visi\u00f3n, Valores"},"content":{"rendered":"<p style=\"text-align: justify;\">El mundo est\u00e1 cambiando a nuestro alrededor.\u00a0Para continuar prosperando en los pr\u00f3ximos diez a\u00f1os y m\u00e1s all\u00e1, debemos mirar hacia el futuro, entender las tendencias y fuerzas que dar\u00e1n forma a nuestros servicios en el futuro y actuar r\u00e1pidamente para prepararse para lo que est\u00e1 por venir.\u00a0Debemos estar listos hoy para ma\u00f1ana.\u00a0Eso es nuestra Visi\u00f3n para el 2025, se crea un destino a largo plazo para nuestros nuevos servicios y nos proporciona una &#8220;hoja de ruta&#8221; para\u00a0\u00a0fomentar la investigaci\u00f3n en la Universidad Nacional Agraria\u00a0\u00a0la Molina.<\/p>\n<p style=\"text-align: justify;\"><span style=\"color: #0000ff;\"><strong>Nuestra Misi\u00f3n<\/strong><\/span><br \/>\nDeclara nuestro prop\u00f3sito de\u00a0satisfacer las necesidades de informaci\u00f3n \u00a0de nuestros usuarios ofreciendo asesor\u00eda de informaci\u00f3n especializada y fomentando \u00a0el\u00a0uso de las\u00a0Tecnolog\u00edas de la Informaci\u00f3n y la Comunicaci\u00f3n\u00a0\u00a0\u00a0en la investigaci\u00f3n,<\/p>\n<p><span style=\"color: #0000ff;\"><strong>Nuestra Visi\u00f3n<\/strong><\/span><\/p>\n<p style=\"text-align: justify;\">Ser l\u00edderes en brindar asesor\u00eda\u00a0 y nuevos \u00a0servicios de informaci\u00f3n especializada haciendo\u00a0uso de las\u00a0Tecnolog\u00edas de la Informaci\u00f3n y la Comunicaci\u00f3n\u00a0\u00a0\u00a0en la investigaci\u00f3n.<\/p>\n<p><span style=\"color: #0000ff;\"><strong>Nuestra Cultura Ganadora<\/strong><\/span><\/p>\n<p style=\"text-align: justify;\">Nuestra Cultura Ganadora define las actitudes y comportamientos que se requerir\u00e1n de nosotros para hacer nuestra Visi\u00f3n 2025 una realidad.<\/p>\n<p><span style=\"color: #0000ff;\"><strong>Vivir Nuestros Valores<\/strong><\/span><\/p>\n<p style=\"text-align: justify;\">Nuestros valores sirven como br\u00fajula de nuestras acciones y describen c\u00f3mo nos comportamos.<\/p>\n<p style=\"text-align: justify;\"><strong>Liderazgo:<\/strong>\u00a0El coraje de dar forma a un futuro mejor.<\/p>\n<p style=\"text-align: justify;\"><strong>Calidad:<\/strong>\u00a0Lo que hacemos, lo hacemos bien.<\/p>\n<p style=\"text-align: justify;\"><strong>Colaboraci\u00f3n:<\/strong>\u00a0La uni\u00f3n en equipos brinda el \u00a0genio colectivo.<\/p>\n<p style=\"text-align: justify;\"><strong>Integridad:<\/strong>\u00a0Ser verdadero, no buscar recompensas.<\/p>\n<p style=\"text-align: justify;\"><strong>Rendici\u00f3n de cuentas:<\/strong>\u00a0Si se trata de ser, depende de m\u00ed.<\/p>\n<p style=\"text-align: justify;\"><strong>Pasi\u00f3n:<\/strong>\u00a0Comprometidos con el coraz\u00f3n y la mente.<\/p>\n<p style=\"text-align: justify;\"><strong>Diversidad:<\/strong>\u00a0Inclusivo como nuestros servicios.<\/p>\n","protected":false},"excerpt":{"rendered":"<p>El mundo est\u00e1 cambiando a nuestro alrededor.\u00a0Para continuar prosperando en los pr\u00f3ximos diez a\u00f1os y m\u00e1s all\u00e1, debemos mirar hacia el futuro, entender las tendencias y fuerzas que dar\u00e1n forma a nuestros servicios en el futuro y actuar r\u00e1pidamente para prepararse para lo que est\u00e1 por venir.\u00a0Debemos estar listos hoy para ma\u00f1ana.\u00a0Eso es nuestra Visi\u00f3n &hellip;<\/p>\n","protected":false},"author":1,"featured_media":0,"parent":0,"menu_order":0,"comment_status":"closed","ping_status":"closed","template":"","meta":{"footnotes":""},"_links":{"self":[{"href":"https:\/\/tumi.lamolina.edu.pe\/bvbe\/index.php\/wp-json\/wp\/v2\/pages\/141"}],"collection":[{"href":"https:\/\/tumi.lamolina.edu.pe\/bvbe\/index.php\/wp-json\/wp\/v2\/pages"}],"about":[{"href":"https:\/\/tumi.lamolina.edu.pe\/bvbe\/index.php\/wp-json\/wp\/v2\/types\/page"}],"author":[{"embeddable":true,"href":"https:\/\/tumi.lamolina.edu.pe\/bvbe\/index.php\/wp-json\/wp\/v2\/users\/1"}],"replies":[{"embeddable":true,"href":"https:\/\/tumi.lamolina.edu.pe\/bvbe\/index.php\/wp-json\/wp\/v2\/comments?post=141"}],"version-history":[{"count":1,"href":"https:\/\/tumi.lamolina.edu.pe\/bvbe\/index.php\/wp-json\/wp\/v2\/pages\/141\/revisions"}],"predecessor-version":[{"id":142,"href":"https:\/\/tumi.lamolina.edu.pe\/bvbe\/index.php\/wp-json\/wp\/v2\/pages\/141\/revisions\/142"}],"wp:attachment":[{"href":"https:\/\/tumi.lamolina.edu.pe\/bvbe\/index.php\/wp-json\/wp\/v2\/media?parent=141"}],"curies":[{"name":"wp","href":"https:\/\/api.w.org\/{rel}","templated":true}]}}