
{"id":14,"date":"2016-07-25T20:31:16","date_gmt":"2016-07-25T20:31:16","guid":{"rendered":"http:\/\/bvbe1.compuwebperu.com\/bvbe\/?page_id=14"},"modified":"2017-01-19T20:55:51","modified_gmt":"2017-01-20T01:55:51","slug":"cursos","status":"publish","type":"page","link":"https:\/\/tumi.lamolina.edu.pe\/bvbe\/index.php\/cursos\/","title":{"rendered":"Cursos"},"content":{"rendered":"<p>&nbsp;<\/p>\n<ul>\n<li><span style=\"color: #0000ff;\"><strong>Edici\u00f3n de Video\u00a0<\/strong><\/span><\/li>\n<\/ul>\n<p>&nbsp;<\/p>\n<p><strong>\u00a0 \u00a0 \u00a0 \u00a0 \u00a0 \u00a0 \u2013 \u00a0Windows Movie Maker<\/strong><\/p>\n<p><strong>Ejemplo:<\/strong><\/p>\n<p>Se muestra los v\u00eddeos realizados por los trabajadores de la Biblioteca Agr\u00edcola Nacional. (BAN-UNALM.) En el curso de Edici\u00f3n de v\u00eddeo con windows movie maker dictado por Ing. Enrique Davir\u00e1n en el 2012.<\/p>\n<p>Ver el siguiente enlace:<\/p>\n<h4><a href=\"http:\/\/yo-mismo-soy.blogspot.com\/\" target=\"_blank\">Yo-Mismo-Soy\u00a0<\/a><\/h4>\n<p><strong>\u00a0 \u00a0 \u00a0 \u00a0 \u00a0 \u00a0 \u2013 \u00a0Adobe Premier CS6<\/strong><\/p>\n<p><strong>\u00a0 \u00a0 \u00a0 \u00a0 \u00a0 \u00a0 \u2013 \u00a0Camtasia<\/strong><\/p>\n<p><strong>\u00a0 \u00a0 \u00a0 \u00a0\u00a0<\/strong><\/p>\n<ul>\n<li><span style=\"color: #0000ff;\"><strong>Estrategias de B\u00fasqueda de Informaci\u00f3n<\/strong><\/span><\/li>\n<\/ul>\n<ul>\n<li><span style=\"color: #0000ff;\"><strong>E-Commerce<\/strong><\/span><\/li>\n<\/ul>\n<ul>\n<li><span style=\"color: #0000ff;\"><strong>Gestores Bibliogr\u00e1ficos:<\/strong><\/span><\/li>\n<\/ul>\n<p><strong>\u00a0 \u00a0 \u00a0 \u00a0 \u00a0 \u2013 Mendeley<\/strong><\/p>\n<p><strong>\u00a0 \u00a0 \u00a0 \u00a0 \u00a0 \u2013 \u00a0Zotero<\/strong><\/p>\n<ul>\n<li><span style=\"color: #0000ff;\"><strong>Marketing<\/strong><\/span><\/li>\n<\/ul>\n<ul>\n<li><span style=\"color: #0000ff;\"><b>Adpobe photoshop<\/b><\/span><\/li>\n<li><span style=\"color: #0000ff;\"><strong>Autodek 3ds Max Desing<\/strong><\/span><\/li>\n<li><span style=\"color: #0000ff;\"><strong>Adobe InDesing<\/strong><\/span><\/li>\n<\/ul>\n","protected":false},"excerpt":{"rendered":"<p>&nbsp; Edici\u00f3n de Video\u00a0 &nbsp; \u00a0 \u00a0 \u00a0 \u00a0 \u00a0 \u00a0 \u2013 \u00a0Windows Movie Maker Ejemplo: Se muestra los v\u00eddeos realizados por los trabajadores de la Biblioteca Agr\u00edcola Nacional. (BAN-UNALM.) En el curso de Edici\u00f3n de v\u00eddeo con windows movie maker dictado por Ing. Enrique Davir\u00e1n en el 2012. Ver el siguiente enlace: Yo-Mismo-Soy\u00a0 \u00a0 &hellip;<\/p>\n","protected":false},"author":1,"featured_media":0,"parent":0,"menu_order":0,"comment_status":"closed","ping_status":"closed","template":"","meta":{"footnotes":""},"_links":{"self":[{"href":"https:\/\/tumi.lamolina.edu.pe\/bvbe\/index.php\/wp-json\/wp\/v2\/pages\/14"}],"collection":[{"href":"https:\/\/tumi.lamolina.edu.pe\/bvbe\/index.php\/wp-json\/wp\/v2\/pages"}],"about":[{"href":"https:\/\/tumi.lamolina.edu.pe\/bvbe\/index.php\/wp-json\/wp\/v2\/types\/page"}],"author":[{"embeddable":true,"href":"https:\/\/tumi.lamolina.edu.pe\/bvbe\/index.php\/wp-json\/wp\/v2\/users\/1"}],"replies":[{"embeddable":true,"href":"https:\/\/tumi.lamolina.edu.pe\/bvbe\/index.php\/wp-json\/wp\/v2\/comments?post=14"}],"version-history":[{"count":6,"href":"https:\/\/tumi.lamolina.edu.pe\/bvbe\/index.php\/wp-json\/wp\/v2\/pages\/14\/revisions"}],"predecessor-version":[{"id":766,"href":"https:\/\/tumi.lamolina.edu.pe\/bvbe\/index.php\/wp-json\/wp\/v2\/pages\/14\/revisions\/766"}],"wp:attachment":[{"href":"https:\/\/tumi.lamolina.edu.pe\/bvbe\/index.php\/wp-json\/wp\/v2\/media?parent=14"}],"curies":[{"name":"wp","href":"https:\/\/api.w.org\/{rel}","templated":true}]}}