
{"id":12,"date":"2016-07-25T20:30:49","date_gmt":"2016-07-25T20:30:49","guid":{"rendered":"http:\/\/bvbe1.compuwebperu.com\/bvbe\/?page_id=12"},"modified":"2016-10-09T12:40:30","modified_gmt":"2016-10-09T17:40:30","slug":"tic-investigacion","status":"publish","type":"page","link":"https:\/\/tumi.lamolina.edu.pe\/bvbe\/index.php\/tic-investigacion\/","title":{"rendered":"Research &#8211; TIC"},"content":{"rendered":"<p><strong>Ingresar a los siguientes enlaces:<\/strong><\/p>\n<ul>\n<li><a href=\"http:\/\/tumi.lamolina.edu.pe\/bvbe\/index.php\/centro-de-practicas-tecnologicas\/\"><span style=\"color: #0000ff;\"><strong>C<\/strong><strong>entro de Pr\u00e1cticas Tecnol\u00f3gicas<\/strong><\/span><\/a><\/li>\n<li><a href=\"http:\/\/tumi.lamolina.edu.pe\/bvbe\/index.php\/capacitacion-online\/\"><span style=\"color: #0000ff;\"><strong>Capacitaci\u00f3n Online<\/strong><\/span><\/a><\/li>\n<li><span style=\"color: #0000ff;\"><strong>Aula Virtual :<\/strong><\/span><\/li>\n<\/ul>\n<p><span style=\"color: #0000ff;\"><strong>\u00a0 \u00a0 \u00a0 \u00a0 <span style=\"color: #0000ff;\">\u00a0 \u00a0&#8211; <a style=\"color: #0000ff;\" href=\"http:\/\/aula.lamolina.edu.pe\/login\/index.php\">Alfin y Competencias Digitales (Pregrado)<\/a><\/span><\/strong><\/span><\/p>\n<p><span style=\"color: #0000ff;\"><strong>\u00a0 \u00a0 \u00a0 \u00a0 \u00a0 &#8211; <a style=\"color: #0000ff;\" href=\"http:\/\/posgrado.lamolina.edu.pe\/\">Alfin y Competencias digitales (Postgrado y Doctorado)<\/a><\/strong><\/span><\/p>\n<ul>\n<li><a href=\"https:\/\/campus.chamilo.org\/\"><span style=\"color: #0000ff;\"><strong>Chamilo plataforma E-learning<\/strong><\/span><\/a><\/li>\n<li><a href=\"https:\/\/www.edmodo.com\/\"><span style=\"color: #0000ff;\"><strong>Edomodo Plataforma Tecnol\u00f3gica Educativa<\/strong><\/span><\/a><\/li>\n<li><a href=\"http:\/\/tumi.lamolina.edu.pe\/bvbe\/index.php\/servicioasist\/\"><span style=\"color: #0000ff;\"><strong>Servicio Asistencia Tecnol\u00f3gica<\/strong><\/span><\/a><\/li>\n<\/ul>\n","protected":false},"excerpt":{"rendered":"<p>Ingresar a los siguientes enlaces: Centro de Pr\u00e1cticas Tecnol\u00f3gicas Capacitaci\u00f3n Online Aula Virtual : \u00a0 \u00a0 \u00a0 \u00a0 \u00a0 \u00a0&#8211; Alfin y Competencias Digitales (Pregrado) \u00a0 \u00a0 \u00a0 \u00a0 \u00a0 &#8211; Alfin y Competencias digitales (Postgrado y Doctorado) Chamilo plataforma E-learning Edomodo Plataforma Tecnol\u00f3gica Educativa Servicio Asistencia Tecnol\u00f3gica<\/p>\n","protected":false},"author":1,"featured_media":0,"parent":0,"menu_order":0,"comment_status":"closed","ping_status":"closed","template":"","meta":{"footnotes":""},"_links":{"self":[{"href":"https:\/\/tumi.lamolina.edu.pe\/bvbe\/index.php\/wp-json\/wp\/v2\/pages\/12"}],"collection":[{"href":"https:\/\/tumi.lamolina.edu.pe\/bvbe\/index.php\/wp-json\/wp\/v2\/pages"}],"about":[{"href":"https:\/\/tumi.lamolina.edu.pe\/bvbe\/index.php\/wp-json\/wp\/v2\/types\/page"}],"author":[{"embeddable":true,"href":"https:\/\/tumi.lamolina.edu.pe\/bvbe\/index.php\/wp-json\/wp\/v2\/users\/1"}],"replies":[{"embeddable":true,"href":"https:\/\/tumi.lamolina.edu.pe\/bvbe\/index.php\/wp-json\/wp\/v2\/comments?post=12"}],"version-history":[{"count":8,"href":"https:\/\/tumi.lamolina.edu.pe\/bvbe\/index.php\/wp-json\/wp\/v2\/pages\/12\/revisions"}],"predecessor-version":[{"id":640,"href":"https:\/\/tumi.lamolina.edu.pe\/bvbe\/index.php\/wp-json\/wp\/v2\/pages\/12\/revisions\/640"}],"wp:attachment":[{"href":"https:\/\/tumi.lamolina.edu.pe\/bvbe\/index.php\/wp-json\/wp\/v2\/media?parent=12"}],"curies":[{"name":"wp","href":"https:\/\/api.w.org\/{rel}","templated":true}]}}