
{"id":119,"date":"2016-09-02T16:15:23","date_gmt":"2016-09-02T16:15:23","guid":{"rendered":"http:\/\/bvbe1.compuwebperu.com\/bvbe\/?page_id=119"},"modified":"2017-04-21T13:03:07","modified_gmt":"2017-04-21T18:03:07","slug":"aprenda-usted-mismo","status":"publish","type":"page","link":"https:\/\/tumi.lamolina.edu.pe\/bvbe\/index.php\/aprenda-usted-mismo\/","title":{"rendered":"Aprenda Usted Mismo"},"content":{"rendered":"<p>&nbsp;<\/p>\n<p><img loading=\"lazy\" decoding=\"async\" class=\"size-full wp-image-120 aligncenter\" src=\"http:\/\/tumi.lamolina.edu.pe\/bvbe\/wp-content\/uploads\/2016\/09\/Aprenda_usted_mismo.jpg\" alt=\"Aprenda_usted_mismo\" width=\"200\" height=\"175\" \/><\/p>\n<p>&nbsp;<\/p>\n<ul>\n<li><a href=\"http:\/\/www.lamolina.edu.pe\/postgrado\/admision\/normaiica.pdf\"><strong>Gu\u00eda para la redacci\u00f3n de citas bibliogr\u00e1ficas<\/strong><\/a><\/li>\n<li>B\u00fasquedas efectivas: Como buscar\u00a0 informaci\u00f3n<\/li>\n<li><strong><a href=\"http:\/\/www.lamolina.edu.pe\/Rectorado\/secgeneral\/grados_titulos\/reglamento_TESIS.pdf\">Normalizaci\u00f3n de tesis de grado o titulaci\u00f3n<\/a><\/strong><\/li>\n<li>Aprender Idiomas: Ingles, Franc\u00e9s<\/li>\n<li><a href=\"http:\/\/bibliotevirtualybusquedaespecializada.blogspot.com\/p\/aprender-wing-chun.html\"><strong>Aprender Wing Chun: videos tutoriales<\/strong><\/a><\/li>\n<li>Gu\u00edas de apoyo a la investigaci\u00f3n.<\/li>\n<li>Cursos de orientaci\u00f3n al estudio<\/li>\n<li>Elaboraci\u00f3n de tesis y trabajos de investigaci\u00f3n<\/li>\n<li>Oratoria<\/li>\n<\/ul>\n<p>&nbsp;<\/p>\n<p>&nbsp;<\/p>\n","protected":false},"excerpt":{"rendered":"<p>&nbsp; &nbsp; Gu\u00eda para la redacci\u00f3n de citas bibliogr\u00e1ficas B\u00fasquedas efectivas: Como buscar\u00a0 informaci\u00f3n Normalizaci\u00f3n de tesis de grado o titulaci\u00f3n Aprender Idiomas: Ingles, Franc\u00e9s Aprender Wing Chun: videos tutoriales Gu\u00edas de apoyo a la investigaci\u00f3n. Cursos de orientaci\u00f3n al estudio Elaboraci\u00f3n de tesis y trabajos de investigaci\u00f3n Oratoria &nbsp; &nbsp;<\/p>\n","protected":false},"author":1,"featured_media":0,"parent":0,"menu_order":0,"comment_status":"closed","ping_status":"closed","template":"","meta":{"footnotes":""},"_links":{"self":[{"href":"https:\/\/tumi.lamolina.edu.pe\/bvbe\/index.php\/wp-json\/wp\/v2\/pages\/119"}],"collection":[{"href":"https:\/\/tumi.lamolina.edu.pe\/bvbe\/index.php\/wp-json\/wp\/v2\/pages"}],"about":[{"href":"https:\/\/tumi.lamolina.edu.pe\/bvbe\/index.php\/wp-json\/wp\/v2\/types\/page"}],"author":[{"embeddable":true,"href":"https:\/\/tumi.lamolina.edu.pe\/bvbe\/index.php\/wp-json\/wp\/v2\/users\/1"}],"replies":[{"embeddable":true,"href":"https:\/\/tumi.lamolina.edu.pe\/bvbe\/index.php\/wp-json\/wp\/v2\/comments?post=119"}],"version-history":[{"count":3,"href":"https:\/\/tumi.lamolina.edu.pe\/bvbe\/index.php\/wp-json\/wp\/v2\/pages\/119\/revisions"}],"predecessor-version":[{"id":2167,"href":"https:\/\/tumi.lamolina.edu.pe\/bvbe\/index.php\/wp-json\/wp\/v2\/pages\/119\/revisions\/2167"}],"wp:attachment":[{"href":"https:\/\/tumi.lamolina.edu.pe\/bvbe\/index.php\/wp-json\/wp\/v2\/media?parent=119"}],"curies":[{"name":"wp","href":"https:\/\/api.w.org\/{rel}","templated":true}]}}