
{"id":10,"date":"2016-07-25T20:30:04","date_gmt":"2016-07-25T20:30:04","guid":{"rendered":"http:\/\/bvbe1.compuwebperu.com\/bvbe\/?page_id=10"},"modified":"2018-10-19T00:33:23","modified_gmt":"2018-10-19T05:33:23","slug":"recursos","status":"publish","type":"page","link":"https:\/\/tumi.lamolina.edu.pe\/bvbe\/index.php\/recursos\/","title":{"rendered":"E-Resourses"},"content":{"rendered":"<p><strong>Ingresar a los siguientes enlaces:<\/strong><\/p>\n<ul>\n<li><a href=\"http:\/\/tumi.lamolina.edu.pe\/bvbe\/index.php\/bases-de-datos-ban-unalm\/\"><span style=\"color: #0000ff;\"><strong>Base de datos<\/strong><\/span><\/a><a href=\"http:\/\/tumi.lamolina.edu.pe\/bvbe\/index.php\/base-de-datos-arti\/\"><span style=\"color: #0000ff;\"><strong>Base de datos ARTI<\/strong><\/span><\/a><\/li>\n<li><a href=\"http:\/\/ban.lamolina.edu.pe\/\"><span style=\"color: #0000ff;\"><strong>Cat\u00e1logo de la BAN<\/strong><\/span><\/a><\/li>\n<li><a href=\"http:\/\/tumi.lamolina.edu.pe\/bvbe\/index.php\/libros-electronicos-editorial-mcgraw-hill\/\"><span style=\"color: #0000ff;\"><strong>Libro Electr\u00f3nicos dela Editorial McGraw-Hill<\/strong><\/span><\/a><\/li>\n<li><a href=\"http:\/\/tumi.lamolina.edu.pe\/bvbe\/index.php\/libros-electronicos-editorial-pearson\/\"><span style=\"color: #0000ff;\"><strong>Libro Electr\u00f3nicos dela Editorial Pearson<\/strong><\/span><\/a><\/li>\n<li><a href=\"http:\/\/tumi.lamolina.edu.pe\/bvbe\/index.php\/normas-iica\/\"><span style=\"color: #0000ff;\"><strong>Normas de IICA \u00faltima versi\u00f3n<\/strong><\/span><\/a><\/li>\n<li><span style=\"color: #0000ff;\"><strong>Open Access:<\/strong><\/span><\/li>\n<\/ul>\n<p style=\"text-align: left;\"><span style=\"color: #0000ff;\"><strong>\u00a0 \u00a0 \u00a0 \u00a0 \u00a0\u00a0<a href=\"http:\/\/repositorio.lamolina.edu.pe\/\"><span style=\"color: #0000ff;\">Repositorio Institucional de la UNALM <\/span><\/a><span style=\"color: #0000ff;\">\u00a0 \u00a0<\/span>\u00a0 \u00a0<\/strong><\/span><br \/>\n<span style=\"color: #0000ff;\"><strong>\u00a0 \u00a0 \u00a0 \u00a0 \u00a0\u00a0<a href=\"https:\/\/alicia.concytec.gob.pe\/vufind\/\"><span style=\"color: #0000ff;\">Alicia<\/span><\/a><\/strong><\/span><span style=\"color: #0000ff;\">\u00a0 \u00a0<\/span><br \/>\n<span style=\"color: #0000ff;\"><strong>\u00a0 \u00a0 \u00a0 \u00a0 \u00a0 <a style=\"color: #0000ff;\" href=\"http:\/\/www.lareferencia.info\/vufind\/Search\/Advanced\">La Referencia\u00a0<\/a><\/strong><\/span><\/p>\n<ul>\n<li><a href=\"http:\/\/tumi.lamolina.edu.pe\/bvbe\/index.php\/imagenes-y-fotos\/\"><span style=\"color: #0000ff;\"><strong>Imagenes y fotos<\/strong><\/span><\/a><\/li>\n<li><a href=\"http:\/\/tumi.lamolina.edu.pe\/bvbe\/index.php\/mapas\/\"><span style=\"color: #0000ff;\"><strong>Mapas<\/strong><\/span><\/a><\/li>\n<li><span style=\"color: #0000ff;\"><strong>Asistencia Tecnol\u00f3gica<\/strong><\/span><\/li>\n<\/ul>\n","protected":false},"excerpt":{"rendered":"<p>Ingresar a los siguientes enlaces: Base de datosBase de datos ARTI Cat\u00e1logo de la BAN Libro Electr\u00f3nicos dela Editorial McGraw-Hill Libro Electr\u00f3nicos dela Editorial Pearson Normas de IICA \u00faltima versi\u00f3n Open Access: \u00a0 \u00a0 \u00a0 \u00a0 \u00a0\u00a0Repositorio Institucional de la UNALM \u00a0 \u00a0\u00a0 \u00a0 \u00a0 \u00a0 \u00a0 \u00a0 \u00a0\u00a0Alicia\u00a0 \u00a0 \u00a0 \u00a0 \u00a0 \u00a0 \u00a0 &hellip;<\/p>\n","protected":false},"author":1,"featured_media":0,"parent":0,"menu_order":0,"comment_status":"closed","ping_status":"closed","template":"","meta":{"footnotes":""},"_links":{"self":[{"href":"https:\/\/tumi.lamolina.edu.pe\/bvbe\/index.php\/wp-json\/wp\/v2\/pages\/10"}],"collection":[{"href":"https:\/\/tumi.lamolina.edu.pe\/bvbe\/index.php\/wp-json\/wp\/v2\/pages"}],"about":[{"href":"https:\/\/tumi.lamolina.edu.pe\/bvbe\/index.php\/wp-json\/wp\/v2\/types\/page"}],"author":[{"embeddable":true,"href":"https:\/\/tumi.lamolina.edu.pe\/bvbe\/index.php\/wp-json\/wp\/v2\/users\/1"}],"replies":[{"embeddable":true,"href":"https:\/\/tumi.lamolina.edu.pe\/bvbe\/index.php\/wp-json\/wp\/v2\/comments?post=10"}],"version-history":[{"count":13,"href":"https:\/\/tumi.lamolina.edu.pe\/bvbe\/index.php\/wp-json\/wp\/v2\/pages\/10\/revisions"}],"predecessor-version":[{"id":2356,"href":"https:\/\/tumi.lamolina.edu.pe\/bvbe\/index.php\/wp-json\/wp\/v2\/pages\/10\/revisions\/2356"}],"wp:attachment":[{"href":"https:\/\/tumi.lamolina.edu.pe\/bvbe\/index.php\/wp-json\/wp\/v2\/media?parent=10"}],"curies":[{"name":"wp","href":"https:\/\/api.w.org\/{rel}","templated":true}]}}